{"id":734281,"date":"2026-03-24T13:40:16","date_gmt":"2026-03-24T10:40:16","guid":{"rendered":"https:\/\/nbg.eu\/product\/carregador-bergara-b14-aics-7-prc-5-municoes\/"},"modified":"2026-04-03T15:50:51","modified_gmt":"2026-04-03T12:50:51","slug":"carregador-bergara-b14-aics-7-prc-5-municoes","status":"publish","type":"product","link":"https:\/\/nbg.eu\/pt-pt\/produto\/carregador-bergara-b14-aics-7-prc-5-municoes\/","title":{"rendered":"Carregador AICS 7 PRC Long Action de 5 Tiros da Accurate-Mag"},"content":{"rendered":"<h2>Accurate-Mag AICS .300 Win Mag \u2014 carregador 5 muni\u00e7\u00f5es<\/h2>\n<p>O carregador Accurate-Mag AICS \u00e9 um carregador amov\u00edvel de qualidade OEM para calibres magnum de a\u00e7\u00e3o longa. Utilizado como equipamento de f\u00e1brica por Colt, Savage, Ruger e Remington \u2014 padr\u00e3o industrial para sistemas AICS.<\/p>\n<h3>Constru\u00e7\u00e3o premium<\/h3>\n<p>Fabricado em a\u00e7o, tratado termicamente e revestido com Teflon. O design mono-fila (SSSF) garante alimenta\u00e7\u00e3o consistente.<\/p>\n<h3>Compatibilidade AICS universal<\/h3>\n<p>Encaixa em todos os AICS \u2014 Bergara B14 HMR, B14 Wild HMR, Remington 700 em AICS, Savage com AICS.<\/p>\n<table>\n<tbody>\n<tr>\n<td>Capacidade<\/td>\n<td>5<\/td>\n<\/tr>\n<tr>\n<td>Calibres compat\u00edveis<\/td>\n<td>.300 Win Mag, 7mm Rem Mag, .338 Win Mag, 7 PRC<\/td>\n<\/tr>\n<tr>\n<td>Tipo alimenta\u00e7\u00e3o<\/td>\n<td>SSSF<\/td>\n<\/tr>\n<tr>\n<td>Material<\/td>\n<td>A\u00e7o, tratado termicamente, revestido Teflon<\/td>\n<\/tr>\n<tr>\n<td>Plataforma<\/td>\n<td>AICS (Accuracy International)<\/td>\n<\/tr>\n<tr>\n<td>Fabricante<\/td>\n<td>Accurate-Mag, USA<\/td>\n<\/tr>\n<\/tbody>\n<\/table>\n","protected":false},"excerpt":{"rendered":"<p>Carregador Accurate-Mag AICS 5 muni\u00e7\u00f5es a\u00e7\u00e3o longa. A\u00e7o com Teflon. Compat\u00edvel .300 Win Mag, 7mm Rem Mag, .338 Win Mag e 7 PRC.<\/p>\n","protected":false},"featured_media":745030,"template":"","meta":{"_acf_changed":false},"product_brand":[16033],"product_cat":[12544],"product_tag":[],"class_list":{"0":"post-734281","1":"product","2":"type-product","3":"status-publish","4":"has-post-thumbnail","6":"product_brand-accurate-mag","7":"product_cat-carregadores-para-rifles","9":"first","10":"instock","11":"taxable","12":"shipping-taxable","13":"purchasable","14":"product-type-simple"},"acf":[],"_links":{"self":[{"href":"https:\/\/nbg.eu\/pt-pt\/wp-json\/wp\/v2\/product\/734281","targetHints":{"allow":["GET"]}}],"collection":[{"href":"https:\/\/nbg.eu\/pt-pt\/wp-json\/wp\/v2\/product"}],"about":[{"href":"https:\/\/nbg.eu\/pt-pt\/wp-json\/wp\/v2\/types\/product"}],"wp:featuredmedia":[{"embeddable":true,"href":"https:\/\/nbg.eu\/pt-pt\/wp-json\/wp\/v2\/media\/745030"}],"wp:attachment":[{"href":"https:\/\/nbg.eu\/pt-pt\/wp-json\/wp\/v2\/media?parent=734281"}],"wp:term":[{"taxonomy":"product_brand","embeddable":true,"href":"https:\/\/nbg.eu\/pt-pt\/wp-json\/wp\/v2\/product_brand?post=734281"},{"taxonomy":"product_cat","embeddable":true,"href":"https:\/\/nbg.eu\/pt-pt\/wp-json\/wp\/v2\/product_cat?post=734281"},{"taxonomy":"product_tag","embeddable":true,"href":"https:\/\/nbg.eu\/pt-pt\/wp-json\/wp\/v2\/product_tag?post=734281"}],"curies":[{"name":"wp","href":"https:\/\/api.w.org\/{rel}","templated":true}]}}