{"id":734327,"date":"2026-03-24T13:40:18","date_gmt":"2026-03-24T10:40:18","guid":{"rendered":"https:\/\/nbg.eu\/product\/carregador-bergara-b14-aics-short-action-10-municoes\/"},"modified":"2026-04-02T14:37:55","modified_gmt":"2026-04-02T11:37:55","slug":"carregador-bergara-b14-aics-short-action-10-municoes","status":"publish","type":"product","link":"https:\/\/nbg.eu\/pt-pt\/produto\/carregador-bergara-b14-aics-short-action-10-municoes\/","title":{"rendered":"Carregador Bergara B14 AICS Short Action 10 muni\u00e7\u00f5es"},"content":{"rendered":"<h2>Bergara B14 AICS Magazine Short Action 10-Round<\/h2>\n<p>Carregador AICS 10 muni\u00e7\u00f5es para B14 HMR. Compat\u00edvel com 6.5 Creedmoor e .308 Win.<\/p>\n<table class=\"product-specs\">\n<tbody>\n<tr>\n<th>Calibre<\/th>\n<td>6.5 Creedmoor \/ .308 Win<\/td>\n<\/tr>\n<tr>\n<th>Capacidade do carregador<\/th>\n<td>10 rounds<\/td>\n<\/tr>\n<tr>\n<th>Platform<\/th>\n<td>Bergara B14 Short Action (AICS)<\/td>\n<\/tr>\n<tr>\n<th>Material<\/th>\n<td>Polyamide<\/td>\n<\/tr>\n<tr>\n<th>Manufacturer<\/th>\n<td>Bergara, Spain<\/td>\n<\/tr>\n<\/tbody>\n<\/table>\n","protected":false},"excerpt":{"rendered":"<p>Carregador slim-line Bergara original de 10 muni\u00e7\u00f5es para carabinas B14 AICS Short Action. Compat\u00edvel com 6.5 Creedmoor, .308 Win. Constru\u00e7\u00e3o leve em pol\u00edmero para alimenta\u00e7\u00e3o fi\u00e1vel em competi\u00e7\u00e3o e ca\u00e7a.<\/p>\n","protected":false},"featured_media":734328,"template":"","meta":{"_acf_changed":false},"product_brand":[16017],"product_cat":[12544],"product_tag":[],"class_list":{"0":"post-734327","1":"product","2":"type-product","3":"status-publish","4":"has-post-thumbnail","6":"product_brand-bergara","7":"product_cat-carregadores-para-rifles","9":"first","10":"instock","11":"taxable","12":"shipping-taxable","13":"purchasable","14":"product-type-simple"},"acf":[],"_links":{"self":[{"href":"https:\/\/nbg.eu\/pt-pt\/wp-json\/wp\/v2\/product\/734327","targetHints":{"allow":["GET"]}}],"collection":[{"href":"https:\/\/nbg.eu\/pt-pt\/wp-json\/wp\/v2\/product"}],"about":[{"href":"https:\/\/nbg.eu\/pt-pt\/wp-json\/wp\/v2\/types\/product"}],"wp:featuredmedia":[{"embeddable":true,"href":"https:\/\/nbg.eu\/pt-pt\/wp-json\/wp\/v2\/media\/734328"}],"wp:attachment":[{"href":"https:\/\/nbg.eu\/pt-pt\/wp-json\/wp\/v2\/media?parent=734327"}],"wp:term":[{"taxonomy":"product_brand","embeddable":true,"href":"https:\/\/nbg.eu\/pt-pt\/wp-json\/wp\/v2\/product_brand?post=734327"},{"taxonomy":"product_cat","embeddable":true,"href":"https:\/\/nbg.eu\/pt-pt\/wp-json\/wp\/v2\/product_cat?post=734327"},{"taxonomy":"product_tag","embeddable":true,"href":"https:\/\/nbg.eu\/pt-pt\/wp-json\/wp\/v2\/product_tag?post=734327"}],"curies":[{"name":"wp","href":"https:\/\/api.w.org\/{rel}","templated":true}]}}