{"id":73970,"date":"2024-10-16T23:13:36","date_gmt":"2024-10-16T20:13:36","guid":{"rendered":"https:\/\/nbg.eu\/product\/casio-gbd-800uc-5er\/"},"modified":"2026-01-21T12:00:55","modified_gmt":"2026-01-21T09:00:55","slug":"casio-gbd-800uc-5er","status":"publish","type":"product","link":"https:\/\/nbg.eu\/pt-pt\/produto\/casio-gbd-800uc-5er\/","title":{"rendered":"Casio GBD-800UC-5ER"},"content":{"rendered":"<div class=\"product-description\">\n<h2>Casio GBD-800UC-5ER: Rel\u00f3gio para Atividades F\u00edsicas<\/h2>\n<p>O Casio GBD-800UC-5ER combina estilo e funcionalidade. Este rel\u00f3gio possui uma caixa e pulseira de resina, projetadas para resistir ao uso ativo.<\/p>\n<ul>\n<li>Dimens\u00f5es: 54,1 \u00d7 48,6 \u00d7 15,5 mm, peso de 59g<\/li>\n<li>Constru\u00e7\u00e3o resistente a choques<\/li>\n<li>Resist\u00eancia \u00e0 \u00e1gua de 200 metros<\/li>\n<li>Bateria CR2025 com dura\u00e7\u00e3o de 3 anos<\/li>\n<li>Contador de passos com sensor de acelera\u00e7\u00e3o de 3 eixos<\/li>\n<li>Exibi\u00e7\u00e3o de Progresso da Meta de Passos e Gr\u00e1fico de Contagem de Passos de 7 horas<\/li>\n<li>Fun\u00e7\u00e3o de economia de energia<\/li>\n<\/ul>\n<p>O GBD-800UC-5ER auxilia no monitoramento de suas atividades f\u00edsicas.<\/p>\n<\/div>\n","protected":false},"excerpt":{"rendered":"<p>Robusto G-Shock com contador de passos, resistente \u00e0 \u00e1gua at\u00e9 200m, bateria com dura\u00e7\u00e3o de 3 anos.<\/p>\n","protected":false},"featured_media":71250,"template":"","meta":{"_acf_changed":false},"product_brand":[11204],"product_cat":[12522,12527],"product_tag":[],"class_list":{"0":"post-73970","1":"product","2":"type-product","3":"status-publish","4":"has-post-thumbnail","6":"product_brand-casio","7":"product_cat-edc","8":"product_cat-relogios","10":"first","11":"instock","12":"taxable","13":"shipping-taxable","14":"purchasable","15":"product-type-simple"},"acf":[],"_links":{"self":[{"href":"https:\/\/nbg.eu\/pt-pt\/wp-json\/wp\/v2\/product\/73970","targetHints":{"allow":["GET"]}}],"collection":[{"href":"https:\/\/nbg.eu\/pt-pt\/wp-json\/wp\/v2\/product"}],"about":[{"href":"https:\/\/nbg.eu\/pt-pt\/wp-json\/wp\/v2\/types\/product"}],"wp:featuredmedia":[{"embeddable":true,"href":"https:\/\/nbg.eu\/pt-pt\/wp-json\/wp\/v2\/media\/71250"}],"wp:attachment":[{"href":"https:\/\/nbg.eu\/pt-pt\/wp-json\/wp\/v2\/media?parent=73970"}],"wp:term":[{"taxonomy":"product_brand","embeddable":true,"href":"https:\/\/nbg.eu\/pt-pt\/wp-json\/wp\/v2\/product_brand?post=73970"},{"taxonomy":"product_cat","embeddable":true,"href":"https:\/\/nbg.eu\/pt-pt\/wp-json\/wp\/v2\/product_cat?post=73970"},{"taxonomy":"product_tag","embeddable":true,"href":"https:\/\/nbg.eu\/pt-pt\/wp-json\/wp\/v2\/product_tag?post=73970"}],"curies":[{"name":"wp","href":"https:\/\/api.w.org\/{rel}","templated":true}]}}