{"id":74218,"date":"2024-10-18T23:28:40","date_gmt":"2024-10-18T20:28:40","guid":{"rendered":"https:\/\/nbg.eu\/product\/extractor-l-02-40sw-kmr\/"},"modified":"2026-04-16T18:31:58","modified_gmt":"2026-04-16T15:31:58","slug":"extractor-l-02-40sw-kmr","status":"publish","type":"product","link":"https:\/\/nbg.eu\/pt-pt\/produto\/extractor-l-02-40sw-kmr\/","title":{"rendered":"KMR Extrator L-02 .40 S&amp;W"},"content":{"rendered":"<div class=\"product-description\">\n<h2>Extrator L-02 .40SW &#8211; KMR<\/h2>\n<p>Extrator para pistola KMR L-02. Projetado para o calibre .40 S&amp;W, esta pe\u00e7a de reposi\u00e7\u00e3o garante extra\u00e7\u00e3o e opera\u00e7\u00e3o. Fabricado com materiais resistentes para uso prolongado e funcionamento consistente. Componente para precis\u00e3o e confiabilidade da arma de fogo.<\/p>\n<\/div>\n","protected":false},"excerpt":{"rendered":"<p>Extrator de precis\u00e3o para pistola KMR L-02 em calibre 40 S&amp;W.<\/p>\n","protected":false},"featured_media":72597,"template":"","meta":{"_acf_changed":false},"product_brand":[11507],"product_cat":[12487],"product_tag":[],"class_list":{"0":"post-74218","1":"product","2":"type-product","3":"status-publish","4":"has-post-thumbnail","6":"product_brand-kmr-precision","7":"product_cat-pecas-kmr","9":"first","10":"instock","11":"taxable","12":"shipping-taxable","13":"purchasable","14":"product-type-simple"},"acf":[],"_links":{"self":[{"href":"https:\/\/nbg.eu\/pt-pt\/wp-json\/wp\/v2\/product\/74218","targetHints":{"allow":["GET"]}}],"collection":[{"href":"https:\/\/nbg.eu\/pt-pt\/wp-json\/wp\/v2\/product"}],"about":[{"href":"https:\/\/nbg.eu\/pt-pt\/wp-json\/wp\/v2\/types\/product"}],"wp:featuredmedia":[{"embeddable":true,"href":"https:\/\/nbg.eu\/pt-pt\/wp-json\/wp\/v2\/media\/72597"}],"wp:attachment":[{"href":"https:\/\/nbg.eu\/pt-pt\/wp-json\/wp\/v2\/media?parent=74218"}],"wp:term":[{"taxonomy":"product_brand","embeddable":true,"href":"https:\/\/nbg.eu\/pt-pt\/wp-json\/wp\/v2\/product_brand?post=74218"},{"taxonomy":"product_cat","embeddable":true,"href":"https:\/\/nbg.eu\/pt-pt\/wp-json\/wp\/v2\/product_cat?post=74218"},{"taxonomy":"product_tag","embeddable":true,"href":"https:\/\/nbg.eu\/pt-pt\/wp-json\/wp\/v2\/product_tag?post=74218"}],"curies":[{"name":"wp","href":"https:\/\/api.w.org\/{rel}","templated":true}]}}