{"id":749330,"date":"2026-04-24T11:17:23","date_gmt":"2026-04-24T08:17:23","guid":{"rendered":"https:\/\/nbg.eu\/product\/eberlestock-wrs-retention-strap\/"},"modified":"2026-04-24T11:58:57","modified_gmt":"2026-04-24T08:58:57","slug":"eberlestock-wrs-retention-strap","status":"publish","type":"product","link":"https:\/\/nbg.eu\/pt-pt\/produto\/eberlestock-wrs-retention-strap\/","title":{"rendered":"Eberlestock WRS-Retention Strap"},"content":{"rendered":"<h2>Eberlestock WRS-Retention Strap<\/h2>\n<p>A Eberlestock WRS Retention Strap \u00e9 um acess\u00f3rio simples mas altamente eficaz, concebido para melhorar o controlo e a adaptabilidade do seu sistema de transporte. Dispon\u00edvel em v\u00e1rias op\u00e7\u00f5es de cor compat\u00edveis com o seu equipamento Eberlestock existente, esta correia leve oferece aos utilizadores maior flexibilidade na fixa\u00e7\u00e3o de armas, equipamento e acess\u00f3rios em plataformas compat\u00edveis com MOLLE.<\/p>\n<h3>Caracter\u00edsticas principais<\/h3>\n<ul>\n<li>Fixa\u00e7\u00e3o universal compat\u00edvel com MOLLE para uso com mochilas e acess\u00f3rios Eberlestock<\/li>\n<li>Concebido para reten\u00e7\u00e3o de armas e fixa\u00e7\u00e3o de equipamento de uso geral<\/li>\n<li>Design de baixo perfil que se integra perfeitamente com configura\u00e7\u00f5es existentes<\/li>\n<li>Funcionalidade de ajuste r\u00e1pido para implanta\u00e7\u00e3o e arruma\u00e7\u00e3o r\u00e1pidas<\/li>\n<li>Dispon\u00edvel em v\u00e1rias cores: Dry Earth, Military Green, Coyote Brown e Multicam<\/li>\n<li>Coberto pela garantia vital\u00edcia Eberlestock<\/li>\n<\/ul>\n<h3>Especifica\u00e7\u00f5es<\/h3>\n<table>\n<tr>\n<td><strong>C\u00f3digos de produto<\/strong><\/td>\n<td>WRSME (Dry Earth), WRSMJ (Military Green), WRSMC (Coyote Brown), WRSMM (Multicam)<\/td>\n<\/tr>\n<tr>\n<td><strong>Peso<\/strong><\/td>\n<td>4 oz<\/td>\n<\/tr>\n<tr>\n<td><strong>Compatibilidade<\/strong><\/td>\n<td>MOLLE \/ PALS<\/td>\n<\/tr>\n<tr>\n<td><strong>Fabricante<\/strong><\/td>\n<td>Eberlestock (Empresa de veteranos)<\/td>\n<\/tr>\n<\/table>\n","protected":false},"excerpt":{"rendered":"<p>A Eberlestock WRS Retention Strap \u00e9 um acess\u00f3rio simples mas altamente eficaz, concebido para melhorar o controlo e a adaptabilidade do seu sistema de transporte. Dispon\u00edvel em v\u00e1rias op\u00e7\u00f5es de cor compat\u00edveis com o seu equipamento Eberlestock existente, esta correia leve oferece aos utilizadores maior flexibilidade na fixa\u00e7\u00e3o de armas, equipamento e acess\u00f3rios em plataformas compat\u00edveis com MOLLE.<\/p>\n","protected":false},"featured_media":749331,"template":"","meta":{"_acf_changed":false},"product_brand":[15145],"product_cat":[12545],"product_tag":[],"class_list":{"0":"post-749330","1":"product","2":"type-product","3":"status-publish","4":"has-post-thumbnail","6":"product_brand-eberlestock","7":"product_cat-equipamento","9":"first","10":"outofstock","11":"taxable","12":"shipping-taxable","13":"purchasable","14":"product-type-variable","15":"wvs-archive-product-wrapper"},"acf":[],"_links":{"self":[{"href":"https:\/\/nbg.eu\/pt-pt\/wp-json\/wp\/v2\/product\/749330","targetHints":{"allow":["GET"]}}],"collection":[{"href":"https:\/\/nbg.eu\/pt-pt\/wp-json\/wp\/v2\/product"}],"about":[{"href":"https:\/\/nbg.eu\/pt-pt\/wp-json\/wp\/v2\/types\/product"}],"wp:featuredmedia":[{"embeddable":true,"href":"https:\/\/nbg.eu\/pt-pt\/wp-json\/wp\/v2\/media\/749331"}],"wp:attachment":[{"href":"https:\/\/nbg.eu\/pt-pt\/wp-json\/wp\/v2\/media?parent=749330"}],"wp:term":[{"taxonomy":"product_brand","embeddable":true,"href":"https:\/\/nbg.eu\/pt-pt\/wp-json\/wp\/v2\/product_brand?post=749330"},{"taxonomy":"product_cat","embeddable":true,"href":"https:\/\/nbg.eu\/pt-pt\/wp-json\/wp\/v2\/product_cat?post=749330"},{"taxonomy":"product_tag","embeddable":true,"href":"https:\/\/nbg.eu\/pt-pt\/wp-json\/wp\/v2\/product_tag?post=749330"}],"curies":[{"name":"wp","href":"https:\/\/api.w.org\/{rel}","templated":true}]}}