{"id":749559,"date":"2026-04-24T11:17:29","date_gmt":"2026-04-24T08:17:29","guid":{"rendered":"https:\/\/nbg.eu\/product\/eberlestock-freefall-2000-mochila\/"},"modified":"2026-04-24T11:59:57","modified_gmt":"2026-04-24T08:59:57","slug":"eberlestock-freefall-2000-mochila","status":"publish","type":"product","link":"https:\/\/nbg.eu\/pt-pt\/produto\/eberlestock-freefall-2000-mochila\/","title":{"rendered":"Eberlestock FreeFall 2000 Mochila"},"content":{"rendered":"<h2>Eberlestock FreeFall 2000 Mochila<\/h2>\n<p>A Eberlestock FreeFall 2000 \u00e9 uma plataforma vers\u00e1til e de baixo perfil, capaz de acomodar excurs\u00f5es de v\u00e1rios dias com equipamento minimalista ou sa\u00eddas de um dia com configura\u00e7\u00e3o completa. Com uma tampa superior espa\u00e7osa, sete bolsos interiores, manga para reservat\u00f3rio de \u00e1gua, correias de compress\u00e3o e bolsos no cinto, esta mochila \u00e9 constru\u00edda para entusiastas de atividades ao ar livre exigentes e operadores t\u00e1ticos.<\/p>\n<h3>Caracter\u00edsticas principais<\/h3>\n<ul>\n<li>2000 c.i. \/ 32.8L capacity<\/li>\n<li>Spacious top lid<\/li>\n<li>Seven interior pockets<\/li>\n<li>Water bladder sleeve<\/li>\n<li>Compression straps<\/li>\n<li>Hip-belt pockets<\/li>\n<li>Aluminum frame<\/li>\n<li>Eberlestock Lifetime Warranty<\/li>\n<\/ul>\n<h3>Especifica\u00e7\u00f5es<\/h3>\n<table>\n<tr>\n<td><strong>Volume<\/strong><\/td>\n<td>2000 c.i. \/ 32.8L<\/td>\n<\/tr>\n<tr>\n<td><strong>Peso<\/strong><\/td>\n<td>4 lbs 9 oz<\/td>\n<\/tr>\n<tr>\n<td><strong>Estrutura<\/strong><\/td>\n<td>Aluminum<\/td>\n<\/tr>\n<tr>\n<td><strong>C\u00f3digos de produto<\/strong><\/td>\n<td>V7MC, V7GY, V7MB, V7ME, V7MJ, V7MM<\/td>\n<\/tr>\n<tr>\n<td><strong>Fabricante<\/strong><\/td>\n<td>Eberlestock (Empresa de veteranos)<\/td>\n<\/tr>\n<\/table>\n","protected":false},"excerpt":{"rendered":"<p>A Eberlestock FreeFall 2000 \u00e9 uma plataforma vers\u00e1til e de baixo perfil, capaz de acomodar excurs\u00f5es de v\u00e1rios dias com equipamento minimalista ou sa\u00eddas de um dia com configura\u00e7\u00e3o completa. Com uma tampa superior espa\u00e7osa, sete bolsos interiores, manga para reservat\u00f3rio de \u00e1gua, correias de compress\u00e3o e bolsos no cinto, esta mochila \u00e9 constru\u00edda para entusiastas de atividades ao ar livre exigentes e operadores t\u00e1ticos.<\/p>\n","protected":false},"featured_media":749560,"template":"","meta":{"_acf_changed":false},"product_brand":[15145],"product_cat":[12481],"product_tag":[],"class_list":{"0":"post-749559","1":"product","2":"type-product","3":"status-publish","4":"has-post-thumbnail","6":"product_brand-eberlestock","7":"product_cat-mochilas","9":"first","10":"outofstock","11":"taxable","12":"shipping-taxable","13":"purchasable","14":"product-type-variable","15":"wvs-archive-product-wrapper"},"acf":[],"_links":{"self":[{"href":"https:\/\/nbg.eu\/pt-pt\/wp-json\/wp\/v2\/product\/749559","targetHints":{"allow":["GET"]}}],"collection":[{"href":"https:\/\/nbg.eu\/pt-pt\/wp-json\/wp\/v2\/product"}],"about":[{"href":"https:\/\/nbg.eu\/pt-pt\/wp-json\/wp\/v2\/types\/product"}],"wp:featuredmedia":[{"embeddable":true,"href":"https:\/\/nbg.eu\/pt-pt\/wp-json\/wp\/v2\/media\/749560"}],"wp:attachment":[{"href":"https:\/\/nbg.eu\/pt-pt\/wp-json\/wp\/v2\/media?parent=749559"}],"wp:term":[{"taxonomy":"product_brand","embeddable":true,"href":"https:\/\/nbg.eu\/pt-pt\/wp-json\/wp\/v2\/product_brand?post=749559"},{"taxonomy":"product_cat","embeddable":true,"href":"https:\/\/nbg.eu\/pt-pt\/wp-json\/wp\/v2\/product_cat?post=749559"},{"taxonomy":"product_tag","embeddable":true,"href":"https:\/\/nbg.eu\/pt-pt\/wp-json\/wp\/v2\/product_tag?post=749559"}],"curies":[{"name":"wp","href":"https:\/\/api.w.org\/{rel}","templated":true}]}}