{"id":749812,"date":"2026-04-24T11:17:35","date_gmt":"2026-04-24T08:17:35","guid":{"rendered":"https:\/\/nbg.eu\/product\/eberlestock-freefall-3000-mochila\/"},"modified":"2026-04-24T12:00:55","modified_gmt":"2026-04-24T09:00:55","slug":"eberlestock-freefall-3000-mochila","status":"publish","type":"product","link":"https:\/\/nbg.eu\/pt-pt\/produto\/eberlestock-freefall-3000-mochila\/","title":{"rendered":"Eberlestock FreeFall 3000 Mochila"},"content":{"rendered":"<h2>Eberlestock FreeFall 3000 Mochila<\/h2>\n<p>A Eberlestock FreeFall 3000 \u00e9 o modelo maior da s\u00e9rie FreeFall, oferecendo 3000 polegadas c\u00fabicas de capacidade para miss\u00f5es prolongadas na natureza e opera\u00e7\u00f5es de v\u00e1rios dias. Com o mesmo design comprovado com estrutura robusta em alum\u00ednio, sete bolsos interiores e organiza\u00e7\u00e3o completa, esta mochila lida com cargas mais pesadas com facilidade.<\/p>\n<h3>Caracter\u00edsticas principais<\/h3>\n<ul>\n<li>3000 c.i. \/ 49.2L capacity<\/li>\n<li>Spacious top lid<\/li>\n<li>Seven interior pockets<\/li>\n<li>Water bladder sleeve<\/li>\n<li>Compression straps<\/li>\n<li>Hip-belt pockets<\/li>\n<li>Aluminum frame<\/li>\n<li>Eberlestock Lifetime Warranty<\/li>\n<\/ul>\n<h3>Especifica\u00e7\u00f5es<\/h3>\n<table>\n<tr>\n<td><strong>Volume<\/strong><\/td>\n<td>3000 c.i. \/ 49.2L<\/td>\n<\/tr>\n<tr>\n<td><strong>Peso<\/strong><\/td>\n<td>5 lbs 1 oz<\/td>\n<\/tr>\n<tr>\n<td><strong>Estrutura<\/strong><\/td>\n<td>Aluminum<\/td>\n<\/tr>\n<tr>\n<td><strong>C\u00f3digos de produto<\/strong><\/td>\n<td>V8MC, V8GY, V8MB, V8ME, V8MJ, V8MM<\/td>\n<\/tr>\n<tr>\n<td><strong>Fabricante<\/strong><\/td>\n<td>Eberlestock (Empresa de veteranos)<\/td>\n<\/tr>\n<\/table>\n","protected":false},"excerpt":{"rendered":"<p>A Eberlestock FreeFall 3000 \u00e9 o modelo maior da s\u00e9rie FreeFall, oferecendo 3000 polegadas c\u00fabicas de capacidade para miss\u00f5es prolongadas na natureza e opera\u00e7\u00f5es de v\u00e1rios dias. Com o mesmo design comprovado com estrutura robusta em alum\u00ednio, sete bolsos interiores e organiza\u00e7\u00e3o completa, esta mochila lida com cargas mais pesadas com facilidade.<\/p>\n","protected":false},"featured_media":749813,"template":"","meta":{"_acf_changed":false},"product_brand":[15145],"product_cat":[12481],"product_tag":[],"class_list":{"0":"post-749812","1":"product","2":"type-product","3":"status-publish","4":"has-post-thumbnail","6":"product_brand-eberlestock","7":"product_cat-mochilas","9":"first","10":"outofstock","11":"taxable","12":"shipping-taxable","13":"purchasable","14":"product-type-variable","15":"wvs-archive-product-wrapper"},"acf":[],"_links":{"self":[{"href":"https:\/\/nbg.eu\/pt-pt\/wp-json\/wp\/v2\/product\/749812","targetHints":{"allow":["GET"]}}],"collection":[{"href":"https:\/\/nbg.eu\/pt-pt\/wp-json\/wp\/v2\/product"}],"about":[{"href":"https:\/\/nbg.eu\/pt-pt\/wp-json\/wp\/v2\/types\/product"}],"wp:featuredmedia":[{"embeddable":true,"href":"https:\/\/nbg.eu\/pt-pt\/wp-json\/wp\/v2\/media\/749813"}],"wp:attachment":[{"href":"https:\/\/nbg.eu\/pt-pt\/wp-json\/wp\/v2\/media?parent=749812"}],"wp:term":[{"taxonomy":"product_brand","embeddable":true,"href":"https:\/\/nbg.eu\/pt-pt\/wp-json\/wp\/v2\/product_brand?post=749812"},{"taxonomy":"product_cat","embeddable":true,"href":"https:\/\/nbg.eu\/pt-pt\/wp-json\/wp\/v2\/product_cat?post=749812"},{"taxonomy":"product_tag","embeddable":true,"href":"https:\/\/nbg.eu\/pt-pt\/wp-json\/wp\/v2\/product_tag?post=749812"}],"curies":[{"name":"wp","href":"https:\/\/api.w.org\/{rel}","templated":true}]}}