{"id":750238,"date":"2026-04-24T11:17:44","date_gmt":"2026-04-24T08:17:44","guid":{"rendered":"https:\/\/nbg.eu\/product\/eberlestock-spectre-mochila-multicam\/"},"modified":"2026-04-24T12:02:47","modified_gmt":"2026-04-24T09:02:47","slug":"eberlestock-spectre-mochila-multicam","status":"publish","type":"product","link":"https:\/\/nbg.eu\/pt-pt\/produto\/eberlestock-spectre-mochila-multicam\/","title":{"rendered":"Eberlestock Spectre Mochila &#8211; Multicam"},"content":{"rendered":"<h2>Eberlestock Spectre Mochila<\/h2>\n<p>A Eberlestock Spectre \u00e9 a mochila de atirador mais inovadora e vers\u00e1til da gama Eberlestock, redefinindo as capacidades de equipamento de precis\u00e3o. Com uma capacidade de 3100 p.c., um coldre de arma integrado e caracter\u00edsticas organizacionais completas, a Spectre \u00e9 constru\u00edda para operadores que exigem o mais alto n\u00edvel de desempenho do seu equipamento.<\/p>\n<h3>Caracter\u00edsticas principais<\/h3>\n<ul>\n<li>3,100 c.i. \/ 50.8L capacity<\/li>\n<li>Integrated rifle scabbard (34&#8243;)<\/li>\n<li>Full MOLLE\/PALS webbing<\/li>\n<li>Adjustable torso length<\/li>\n<li>Hydration compatible<\/li>\n<li>Eberlestock Lifetime Warranty<\/li>\n<\/ul>\n<h3>Especifica\u00e7\u00f5es<\/h3>\n<table>\n<tr>\n<td><strong>Capacidade<\/strong><\/td>\n<td>3,100 c.i. \/ 50.8L<\/td>\n<\/tr>\n<tr>\n<td><strong>Peso<\/strong><\/td>\n<td>6 lbs 6 oz<\/td>\n<\/tr>\n<tr>\n<td><strong>Dimens\u00f5es<\/strong><\/td>\n<td>23&#8243; x 12&#8243; (Scabbard: 34&#8243;)<\/td>\n<\/tr>\n<tr>\n<td><strong>C\u00f3digos de produto<\/strong><\/td>\n<td>W2MM, W2ME, W2MC, W2MJ<\/td>\n<\/tr>\n<tr>\n<td><strong>Fabricante<\/strong><\/td>\n<td>Eberlestock (Empresa de veteranos)<\/td>\n<\/tr>\n<\/table>\n","protected":false},"excerpt":{"rendered":"<p>A Eberlestock Spectre \u00e9 a mochila de atirador mais inovadora e vers\u00e1til da gama Eberlestock, redefinindo as capacidades de equipamento de precis\u00e3o. Com uma capacidade de 3100 p.c., um coldre de arma integrado e caracter\u00edsticas organizacionais completas, a Spectre \u00e9 constru\u00edda para operadores que exigem o mais alto n\u00edvel de desempenho do seu equipamento.<\/p>\n","protected":false},"featured_media":750239,"template":"","meta":{"_acf_changed":false},"product_brand":[15145],"product_cat":[12481],"product_tag":[],"class_list":{"0":"post-750238","1":"product","2":"type-product","3":"status-publish","4":"has-post-thumbnail","6":"product_brand-eberlestock","7":"product_cat-mochilas","9":"first","10":"outofstock","11":"taxable","12":"shipping-taxable","13":"purchasable","14":"product-type-simple"},"acf":[],"_links":{"self":[{"href":"https:\/\/nbg.eu\/pt-pt\/wp-json\/wp\/v2\/product\/750238","targetHints":{"allow":["GET"]}}],"collection":[{"href":"https:\/\/nbg.eu\/pt-pt\/wp-json\/wp\/v2\/product"}],"about":[{"href":"https:\/\/nbg.eu\/pt-pt\/wp-json\/wp\/v2\/types\/product"}],"wp:featuredmedia":[{"embeddable":true,"href":"https:\/\/nbg.eu\/pt-pt\/wp-json\/wp\/v2\/media\/750239"}],"wp:attachment":[{"href":"https:\/\/nbg.eu\/pt-pt\/wp-json\/wp\/v2\/media?parent=750238"}],"wp:term":[{"taxonomy":"product_brand","embeddable":true,"href":"https:\/\/nbg.eu\/pt-pt\/wp-json\/wp\/v2\/product_brand?post=750238"},{"taxonomy":"product_cat","embeddable":true,"href":"https:\/\/nbg.eu\/pt-pt\/wp-json\/wp\/v2\/product_cat?post=750238"},{"taxonomy":"product_tag","embeddable":true,"href":"https:\/\/nbg.eu\/pt-pt\/wp-json\/wp\/v2\/product_tag?post=750238"}],"curies":[{"name":"wp","href":"https:\/\/api.w.org\/{rel}","templated":true}]}}