{"id":750445,"date":"2026-04-24T11:17:46","date_gmt":"2026-04-24T08:17:46","guid":{"rendered":"https:\/\/nbg.eu\/product\/eberlestock-mission-medic-multicam\/"},"modified":"2026-04-24T12:03:41","modified_gmt":"2026-04-24T09:03:41","slug":"eberlestock-mission-medic-multicam","status":"publish","type":"product","link":"https:\/\/nbg.eu\/pt-pt\/produto\/eberlestock-mission-medic-multicam\/","title":{"rendered":"Eberlestock Mission Medic &#8211; Multicam"},"content":{"rendered":"<h2>Eberlestock Mission Medic<\/h2>\n<p>A Eberlestock Mission Medic Pack prioriza a efici\u00eancia e utiliza cada espa\u00e7o dispon\u00edvel para organiza\u00e7\u00e3o que salva vidas. Com sete bolsas remov\u00edveis e dois pain\u00e9is de acess\u00f3rios remov\u00edveis no compartimento principal, esta mochila m\u00e9dica permite aos operadores preparar kits de trauma para implanta\u00e7\u00e3o r\u00e1pida durante eventos com v\u00edtimas em massa.<\/p>\n<h3>Caracter\u00edsticas principais<\/h3>\n<ul>\n<li>1,717 c.i. medical capacity<\/li>\n<li>Seven tear-away pouches<\/li>\n<li>Two tear-away accessory panels<\/li>\n<li>Mission System integration<\/li>\n<li>MOLLE exterior<\/li>\n<li>Eberlestock Lifetime Warranty<\/li>\n<\/ul>\n<h3>Especifica\u00e7\u00f5es<\/h3>\n<table>\n<tr>\n<td><strong>Volume<\/strong><\/td>\n<td>1,717 c.i.<\/td>\n<\/tr>\n<tr>\n<td><strong>Peso<\/strong><\/td>\n<td>3 lbs 10 oz<\/td>\n<\/tr>\n<tr>\n<td><strong>Dimens\u00f5es<\/strong><\/td>\n<td>20&#8243;H x 12&#8243;W x 5.5&#8243;D<\/td>\n<\/tr>\n<tr>\n<td><strong>C\u00f3digos de produto<\/strong><\/td>\n<td>MM1MM, MM1MC, MM1MJ<\/td>\n<\/tr>\n<tr>\n<td><strong>Fabricante<\/strong><\/td>\n<td>Eberlestock (Empresa de veteranos)<\/td>\n<\/tr>\n<\/table>\n","protected":false},"excerpt":{"rendered":"<p>A Eberlestock Mission Medic Pack prioriza a efici\u00eancia e utiliza cada espa\u00e7o dispon\u00edvel para organiza\u00e7\u00e3o que salva vidas. Com sete bolsas remov\u00edveis e dois pain\u00e9is de acess\u00f3rios remov\u00edveis no compartimento principal, esta mochila m\u00e9dica permite aos operadores preparar kits de trauma para implanta\u00e7\u00e3o r\u00e1pida durante eventos com v\u00edtimas em massa.<\/p>\n","protected":false},"featured_media":750446,"template":"","meta":{"_acf_changed":false},"product_brand":[15145],"product_cat":[12481],"product_tag":[],"class_list":{"0":"post-750445","1":"product","2":"type-product","3":"status-publish","4":"has-post-thumbnail","6":"product_brand-eberlestock","7":"product_cat-mochilas","9":"first","10":"outofstock","11":"taxable","12":"shipping-taxable","13":"purchasable","14":"product-type-simple"},"acf":[],"_links":{"self":[{"href":"https:\/\/nbg.eu\/pt-pt\/wp-json\/wp\/v2\/product\/750445","targetHints":{"allow":["GET"]}}],"collection":[{"href":"https:\/\/nbg.eu\/pt-pt\/wp-json\/wp\/v2\/product"}],"about":[{"href":"https:\/\/nbg.eu\/pt-pt\/wp-json\/wp\/v2\/types\/product"}],"wp:featuredmedia":[{"embeddable":true,"href":"https:\/\/nbg.eu\/pt-pt\/wp-json\/wp\/v2\/media\/750446"}],"wp:attachment":[{"href":"https:\/\/nbg.eu\/pt-pt\/wp-json\/wp\/v2\/media?parent=750445"}],"wp:term":[{"taxonomy":"product_brand","embeddable":true,"href":"https:\/\/nbg.eu\/pt-pt\/wp-json\/wp\/v2\/product_brand?post=750445"},{"taxonomy":"product_cat","embeddable":true,"href":"https:\/\/nbg.eu\/pt-pt\/wp-json\/wp\/v2\/product_cat?post=750445"},{"taxonomy":"product_tag","embeddable":true,"href":"https:\/\/nbg.eu\/pt-pt\/wp-json\/wp\/v2\/product_tag?post=750445"}],"curies":[{"name":"wp","href":"https:\/\/api.w.org\/{rel}","templated":true}]}}