{"id":750859,"date":"2026-04-24T11:17:50","date_gmt":"2026-04-24T08:17:50","guid":{"rendered":"https:\/\/nbg.eu\/product\/eberlestock-brooks-7000-dry-earth\/"},"modified":"2026-04-24T12:05:30","modified_gmt":"2026-04-24T09:05:30","slug":"eberlestock-brooks-7000-dry-earth","status":"publish","type":"product","link":"https:\/\/nbg.eu\/pt-pt\/produto\/eberlestock-brooks-7000-dry-earth\/","title":{"rendered":"Eberlestock Brooks 7000 &#8211; Dry Earth"},"content":{"rendered":"<h2>Eberlestock Brooks 7000<\/h2>\n<p>Quando a ca\u00e7a o leva para o fundo da natureza selvagem durante dias ou semanas, a Eberlestock Brooks 7000 \u00e9 a mochila que quer no seu quadro. Esta mochila de classe expedicion\u00e1ria proporciona uma capacidade massiva de 7000 p.c. (114L), durabilidade excecional e as caracter\u00edsticas organizacionais necess\u00e1rias para ca\u00e7adas remotas e autossuficientes.<\/p>\n<h3>Caracter\u00edsticas principais<\/h3>\n<ul>\n<li>7000 c.i. \/ 114L capacity<\/li>\n<li>Modframe compatible<\/li>\n<li>Extended backcountry hunts<\/li>\n<li>Ultralight at 2 lbs 14 oz<\/li>\n<li>Eberlestock Lifetime Warranty<\/li>\n<\/ul>\n<h3>Especifica\u00e7\u00f5es<\/h3>\n<table>\n<tr>\n<td><strong>Volume<\/strong><\/td>\n<td>7000 c.i. \/ 114L<\/td>\n<\/tr>\n<tr>\n<td><strong>Peso<\/strong><\/td>\n<td>2 lbs 14 oz<\/td>\n<\/tr>\n<tr>\n<td><strong>Dimens\u00f5es<\/strong><\/td>\n<td>44&#8243;H x 12&#8243;W x 12&#8243;D<\/td>\n<\/tr>\n<tr>\n<td><strong>C\u00f3digos de produto<\/strong><\/td>\n<td>BS70ME, BS70MJ, BS70AM, BS70AR, BS70AS<\/td>\n<\/tr>\n<tr>\n<td><strong>Fabricante<\/strong><\/td>\n<td>Eberlestock (Empresa de veteranos)<\/td>\n<\/tr>\n<\/table>\n","protected":false},"excerpt":{"rendered":"<p>Quando a ca\u00e7a o leva para o fundo da natureza selvagem durante dias ou semanas, a Eberlestock Brooks 7000 \u00e9 a mochila que quer no seu quadro. Esta mochila de classe expedicion\u00e1ria proporciona uma capacidade massiva de 7000 p.c. (114L), durabilidade excecional e as caracter\u00edsticas organizacionais necess\u00e1rias para ca\u00e7adas remotas e autossuficientes.<\/p>\n","protected":false},"featured_media":750860,"template":"","meta":{"_acf_changed":false},"product_brand":[15145],"product_cat":[12481],"product_tag":[],"class_list":{"0":"post-750859","1":"product","2":"type-product","3":"status-publish","4":"has-post-thumbnail","6":"product_brand-eberlestock","7":"product_cat-mochilas","9":"first","10":"outofstock","11":"taxable","12":"shipping-taxable","13":"purchasable","14":"product-type-simple"},"acf":[],"_links":{"self":[{"href":"https:\/\/nbg.eu\/pt-pt\/wp-json\/wp\/v2\/product\/750859","targetHints":{"allow":["GET"]}}],"collection":[{"href":"https:\/\/nbg.eu\/pt-pt\/wp-json\/wp\/v2\/product"}],"about":[{"href":"https:\/\/nbg.eu\/pt-pt\/wp-json\/wp\/v2\/types\/product"}],"wp:featuredmedia":[{"embeddable":true,"href":"https:\/\/nbg.eu\/pt-pt\/wp-json\/wp\/v2\/media\/750860"}],"wp:attachment":[{"href":"https:\/\/nbg.eu\/pt-pt\/wp-json\/wp\/v2\/media?parent=750859"}],"wp:term":[{"taxonomy":"product_brand","embeddable":true,"href":"https:\/\/nbg.eu\/pt-pt\/wp-json\/wp\/v2\/product_brand?post=750859"},{"taxonomy":"product_cat","embeddable":true,"href":"https:\/\/nbg.eu\/pt-pt\/wp-json\/wp\/v2\/product_cat?post=750859"},{"taxonomy":"product_tag","embeddable":true,"href":"https:\/\/nbg.eu\/pt-pt\/wp-json\/wp\/v2\/product_tag?post=750859"}],"curies":[{"name":"wp","href":"https:\/\/api.w.org\/{rel}","templated":true}]}}