{"id":751482,"date":"2026-04-24T11:17:58","date_gmt":"2026-04-24T08:17:58","guid":{"rendered":"https:\/\/nbg.eu\/product\/eberlestock-p12-knee-pad-conjunto-de-2\/"},"modified":"2026-04-24T12:09:04","modified_gmt":"2026-04-24T09:09:04","slug":"eberlestock-p12-knee-pad-conjunto-de-2","status":"publish","type":"product","link":"https:\/\/nbg.eu\/pt-pt\/produto\/eberlestock-p12-knee-pad-conjunto-de-2\/","title":{"rendered":"Eberlestock P12 Knee Pad Conjunto de 2"},"content":{"rendered":"<h2>Eberlestock P12 Knee Pad Conjunto de 2<\/h2>\n<p>O conjunto de joelheiras Eberlestock P12 proporciona prote\u00e7\u00e3o essencial dos joelhos para opera\u00e7\u00f5es de campo prolongadas, posi\u00e7\u00f5es de tiro e aplica\u00e7\u00f5es t\u00e1ticas. Vendido como conjunto de 2, estas joelheiras s\u00e3o concebidas para integra\u00e7\u00e3o com cal\u00e7as e equipamento Eberlestock compat\u00edveis, oferecendo conforto leve e prote\u00e7\u00e3o contra impactos quando mais precisa.<\/p>\n<h3>Caracter\u00edsticas principais<\/h3>\n<ul>\n<li>Set of 2 knee pads<\/li>\n<li>Eberlestock pants compatible<\/li>\n<li>Lightweight construction<\/li>\n<li>Impact-absorbing foam<\/li>\n<li>Ergonomic design<\/li>\n<li>Eberlestock Lifetime Warranty<\/li>\n<\/ul>\n<h3>Especifica\u00e7\u00f5es<\/h3>\n<table>\n<tr>\n<td><strong>Quantidade<\/strong><\/td>\n<td>2<\/td>\n<\/tr>\n<tr>\n<td><strong>Compatibilidade<\/strong><\/td>\n<td>Eberlestock tactical pants<\/td>\n<\/tr>\n<tr>\n<td><strong>Fabricante<\/strong><\/td>\n<td>Eberlestock (Empresa de veteranos)<\/td>\n<\/tr>\n<\/table>\n","protected":false},"excerpt":{"rendered":"<p>O conjunto de joelheiras Eberlestock P12 proporciona prote\u00e7\u00e3o essencial dos joelhos para opera\u00e7\u00f5es de campo prolongadas, posi\u00e7\u00f5es de tiro e aplica\u00e7\u00f5es t\u00e1ticas. Vendido como conjunto de 2, estas joelheiras s\u00e3o concebidas para integra\u00e7\u00e3o com cal\u00e7as e equipamento Eberlestock compat\u00edveis, oferecendo conforto leve e prote\u00e7\u00e3o contra impactos quando mais precisa.<\/p>\n","protected":false},"featured_media":751559,"template":"","meta":{"_acf_changed":false},"product_brand":[15145],"product_cat":[12545],"product_tag":[],"class_list":{"0":"post-751482","1":"product","2":"type-product","3":"status-publish","4":"has-post-thumbnail","6":"product_brand-eberlestock","7":"product_cat-equipamento","9":"first","10":"instock","11":"taxable","12":"shipping-taxable","13":"purchasable","14":"product-type-simple"},"acf":[],"_links":{"self":[{"href":"https:\/\/nbg.eu\/pt-pt\/wp-json\/wp\/v2\/product\/751482","targetHints":{"allow":["GET"]}}],"collection":[{"href":"https:\/\/nbg.eu\/pt-pt\/wp-json\/wp\/v2\/product"}],"about":[{"href":"https:\/\/nbg.eu\/pt-pt\/wp-json\/wp\/v2\/types\/product"}],"wp:featuredmedia":[{"embeddable":true,"href":"https:\/\/nbg.eu\/pt-pt\/wp-json\/wp\/v2\/media\/751559"}],"wp:attachment":[{"href":"https:\/\/nbg.eu\/pt-pt\/wp-json\/wp\/v2\/media?parent=751482"}],"wp:term":[{"taxonomy":"product_brand","embeddable":true,"href":"https:\/\/nbg.eu\/pt-pt\/wp-json\/wp\/v2\/product_brand?post=751482"},{"taxonomy":"product_cat","embeddable":true,"href":"https:\/\/nbg.eu\/pt-pt\/wp-json\/wp\/v2\/product_cat?post=751482"},{"taxonomy":"product_tag","embeddable":true,"href":"https:\/\/nbg.eu\/pt-pt\/wp-json\/wp\/v2\/product_tag?post=751482"}],"curies":[{"name":"wp","href":"https:\/\/api.w.org\/{rel}","templated":true}]}}