{"id":755369,"date":"2026-05-13T13:36:31","date_gmt":"2026-05-13T10:36:31","guid":{"rendered":"https:\/\/nbg.eu\/product\/coldre-magnum-research-bfr-65-75-couro-tan\/"},"modified":"2026-05-13T14:48:39","modified_gmt":"2026-05-13T11:48:39","slug":"coldre-magnum-research-bfr-65-75-couro-tan","status":"publish","type":"product","link":"https:\/\/nbg.eu\/pt-pt\/produto\/coldre-magnum-research-bfr-65-75-couro-tan\/","title":{"rendered":"Coldre Magnum Research BFR 6,5\/7,5&#8243; &#8211; couro (tan)"},"content":{"rendered":"<h2>Coldre Magnum Research BFR 6,5\/7,5&#8243; &#8211; couro (tan)<\/h2>\n<p>Coldre em couro moldado \u00e0 m\u00e3o para o rev\u00f3lver Magnum Research Big Frame Revolver (BFR) com cano de 6,5&#8243; ou 7,5&#8243;. Fabricado em couro flor inteira premium; reten\u00e7\u00e3o segura, saque suave e longa durabilidade.<\/p>\n<h3>Principais caracter\u00edsticas<\/h3>\n<ul>\n<li>Moldado ao perfil BFR 6,5&#8243;\/7,5&#8243;<\/li>\n<li>Couro flor inteira premium<\/li>\n<li>Costuras refor\u00e7adas para rev\u00f3lveres pesados<\/li>\n<li>Tira de reten\u00e7\u00e3o ajust\u00e1vel<\/li>\n<li>Compat\u00edvel com cintos padr\u00e3o<\/li>\n<\/ul>\n<h3>Especifica\u00e7\u00f5es<\/h3>\n<table>\n<tr>\n<td><strong>Compat\u00edvel com<\/strong><\/td>\n<td>Magnum Research BFR 6,5&#8243; \/ 7,5&#8243;<\/td>\n<\/tr>\n<tr>\n<td><strong>Material<\/strong><\/td>\n<td>Couro premium (tan)<\/td>\n<\/tr>\n<tr>\n<td><strong>Porte<\/strong><\/td>\n<td>Cinto<\/td>\n<\/tr>\n<tr>\n<td><strong>Origem<\/strong><\/td>\n<td>USA<\/td>\n<\/tr>\n<\/table>\n","protected":false},"excerpt":{"rendered":"<p>Coldre em couro tan moldado \u00e0 m\u00e3o, adaptado ao rev\u00f3lver Magnum Research BFR com cano de 6,5&#8243; ou 7,5&#8243;.<\/p>\n","protected":false},"featured_media":755766,"template":"","meta":{"_acf_changed":false},"product_brand":[],"product_cat":[12543,12524],"product_tag":[],"class_list":{"0":"post-755369","1":"product","2":"type-product","3":"status-publish","4":"has-post-thumbnail","6":"product_cat-coldre","7":"product_cat-coldre-desportivo","9":"first","10":"instock","11":"sale","12":"taxable","13":"shipping-taxable","14":"purchasable","15":"product-type-simple"},"acf":[],"_links":{"self":[{"href":"https:\/\/nbg.eu\/pt-pt\/wp-json\/wp\/v2\/product\/755369","targetHints":{"allow":["GET"]}}],"collection":[{"href":"https:\/\/nbg.eu\/pt-pt\/wp-json\/wp\/v2\/product"}],"about":[{"href":"https:\/\/nbg.eu\/pt-pt\/wp-json\/wp\/v2\/types\/product"}],"wp:featuredmedia":[{"embeddable":true,"href":"https:\/\/nbg.eu\/pt-pt\/wp-json\/wp\/v2\/media\/755766"}],"wp:attachment":[{"href":"https:\/\/nbg.eu\/pt-pt\/wp-json\/wp\/v2\/media?parent=755369"}],"wp:term":[{"taxonomy":"product_brand","embeddable":true,"href":"https:\/\/nbg.eu\/pt-pt\/wp-json\/wp\/v2\/product_brand?post=755369"},{"taxonomy":"product_cat","embeddable":true,"href":"https:\/\/nbg.eu\/pt-pt\/wp-json\/wp\/v2\/product_cat?post=755369"},{"taxonomy":"product_tag","embeddable":true,"href":"https:\/\/nbg.eu\/pt-pt\/wp-json\/wp\/v2\/product_tag?post=755369"}],"curies":[{"name":"wp","href":"https:\/\/api.w.org\/{rel}","templated":true}]}}