{"id":755392,"date":"2026-05-13T13:36:32","date_gmt":"2026-05-13T10:36:32","guid":{"rendered":"https:\/\/nbg.eu\/product\/alavanca-de-armar-ambidextra-oberland-arms-small-223\/"},"modified":"2026-05-13T14:48:53","modified_gmt":"2026-05-13T11:48:53","slug":"alavanca-de-armar-ambidextra-oberland-arms-small-223","status":"publish","type":"product","link":"https:\/\/nbg.eu\/pt-pt\/produto\/alavanca-de-armar-ambidextra-oberland-arms-small-223\/","title":{"rendered":"Alavanca de Armar Ambidextra Oberland Arms, Small, .223"},"content":{"rendered":"<h2>Alavanca de Armar Ambidextra Oberland Arms, Small, .223<\/h2>\n<p>A alavanca de armar ambidextra Oberland Arms \u00e9 um upgrade de precis\u00e3o para a plataforma AR-15 em .223 Rem \/ 5.56 NATO. O perfil baixo e a alavanca de duplo lado permitem manuseio r\u00e1pido com qualquer m\u00e3o sem interferir com \u00f3ticas ou acess\u00f3rios.<\/p>\n<h3>Principais caracter\u00edsticas<\/h3>\n<ul>\n<li>Funcionamento ambidextro &#8211; m\u00e3o esquerda ou direita<\/li>\n<li>Pequena alavanca de perfil baixo<\/li>\n<li>Substitui\u00e7\u00e3o direta da alavanca AR-15 padr\u00e3o<\/li>\n<li>Fresagem de precis\u00e3o<\/li>\n<li>Fabricado na Alemanha pela Oberland Arms<\/li>\n<\/ul>\n<h3>Especifica\u00e7\u00f5es<\/h3>\n<table>\n<tr>\n<td><strong>Compatibilidade<\/strong><\/td>\n<td>AR-15 \/ .223 Rem \/ 5.56 NATO<\/td>\n<\/tr>\n<tr>\n<td><strong>Tipo<\/strong><\/td>\n<td>Ambidextra, alavanca pequena<\/td>\n<\/tr>\n<tr>\n<td><strong>Fabricante<\/strong><\/td>\n<td>Oberland Arms (Alemanha)<\/td>\n<\/tr>\n<\/table>\n","protected":false},"excerpt":{"rendered":"<p>Alavanca de armar ambidextra para espingardas AR-15 em .223 Rem \/ 5.56 NATO. Design de perfil baixo Oberland Arms (Alemanha).<\/p>\n","protected":false},"featured_media":755790,"template":"","meta":{"_acf_changed":false},"product_brand":[],"product_cat":[12521,12537,12498],"product_tag":[],"class_list":{"0":"post-755392","1":"product","2":"type-product","3":"status-publish","4":"has-post-thumbnail","6":"product_cat-ajuste-de-ar","7":"product_cat-espingarda","8":"product_cat-tuning-de-espingarda","10":"first","11":"instock","12":"sale","13":"taxable","14":"shipping-taxable","15":"purchasable","16":"product-type-simple"},"acf":[],"_links":{"self":[{"href":"https:\/\/nbg.eu\/pt-pt\/wp-json\/wp\/v2\/product\/755392","targetHints":{"allow":["GET"]}}],"collection":[{"href":"https:\/\/nbg.eu\/pt-pt\/wp-json\/wp\/v2\/product"}],"about":[{"href":"https:\/\/nbg.eu\/pt-pt\/wp-json\/wp\/v2\/types\/product"}],"wp:featuredmedia":[{"embeddable":true,"href":"https:\/\/nbg.eu\/pt-pt\/wp-json\/wp\/v2\/media\/755790"}],"wp:attachment":[{"href":"https:\/\/nbg.eu\/pt-pt\/wp-json\/wp\/v2\/media?parent=755392"}],"wp:term":[{"taxonomy":"product_brand","embeddable":true,"href":"https:\/\/nbg.eu\/pt-pt\/wp-json\/wp\/v2\/product_brand?post=755392"},{"taxonomy":"product_cat","embeddable":true,"href":"https:\/\/nbg.eu\/pt-pt\/wp-json\/wp\/v2\/product_cat?post=755392"},{"taxonomy":"product_tag","embeddable":true,"href":"https:\/\/nbg.eu\/pt-pt\/wp-json\/wp\/v2\/product_tag?post=755392"}],"curies":[{"name":"wp","href":"https:\/\/api.w.org\/{rel}","templated":true}]}}