{"id":755507,"date":"2026-05-13T13:36:39","date_gmt":"2026-05-13T10:36:39","guid":{"rendered":"https:\/\/nbg.eu\/product\/carregador-cmmg-ar-9mm-conversion-pack-de-2-10-20-30-tiros\/"},"modified":"2026-05-13T14:50:00","modified_gmt":"2026-05-13T11:50:00","slug":"carregador-cmmg-ar-9mm-conversion-pack-de-2-10-20-30-tiros","status":"publish","type":"product","link":"https:\/\/nbg.eu\/pt-pt\/produto\/carregador-cmmg-ar-9mm-conversion-pack-de-2-10-20-30-tiros\/","title":{"rendered":"Carregador CMMG AR 9mm Conversion pack de 2 (10\/20\/30 tiros)"},"content":{"rendered":"<h2>Carregador CMMG AR 9mm Conversion pack de 2 (10\/20\/30 tiros)<\/h2>\n<p>Concebido especificamente para os sistemas 9mm AR-15 conversion da CMMG, este carregador de pack de 2 (10\/20\/30 tiros) utiliza um design Glock-pattern modificado adaptado \u00e0 plataforma AR. Constru\u00eddo para alimenta\u00e7\u00e3o fi\u00e1vel de 9mm Luger em espingardas e pistolas CMMG Banshee, Resolute e Mk9. Vendido como pack de 2 carregadores &#8211; capacidade 10\/20\/30 conforme regulamentos locais.<\/p>\n<h3>Principais caracter\u00edsticas<\/h3>\n<ul>\n<li>pack de 2 (10\/20\/30 tiros) (capacidade reduzida)<\/li>\n<li>Para uppers CMMG 9mm AR conversion<\/li>\n<li>Corpo Glock-pattern (modificado)<\/li>\n<li>Design drop-free<\/li>\n<li>Pol\u00edmero de elevada resist\u00eancia ao impacto<\/li>\n<\/ul>\n<h3>Especifica\u00e7\u00f5es<\/h3>\n<table>\n<tr>\n<td><strong>Calibre<\/strong><\/td>\n<td>9mm Luger<\/td>\n<\/tr>\n<tr>\n<td><strong>Embalagem<\/strong><\/td>\n<td>pack de 2 (10\/20\/30 tiros)<\/td>\n<\/tr>\n<tr>\n<td><strong>Plataforma<\/strong><\/td>\n<td>CMMG 9mm AR Conversion<\/td>\n<\/tr>\n<tr>\n<td><strong>Fabricante<\/strong><\/td>\n<td>CMMG (USA)<\/td>\n<\/tr>\n<\/table>\n","protected":false},"excerpt":{"rendered":"<p>Carregador 9mm de pack de 2 (10\/20\/30 tiros) para uppers CMMG AR-15 9mm conversion. Carregador Glock-pattern modificado para alimenta\u00e7\u00e3o fi\u00e1vel.<\/p>\n","protected":false},"featured_media":755982,"template":"","meta":{"_acf_changed":false},"product_brand":[],"product_cat":[12544,12537,12490],"product_tag":[],"class_list":{"0":"post-755507","1":"product","2":"type-product","3":"status-publish","4":"has-post-thumbnail","6":"product_cat-carregadores-para-rifles","7":"product_cat-espingarda","8":"product_cat-licenciado","10":"first","11":"instock","12":"taxable","13":"shipping-taxable","14":"product-type-simple"},"acf":[],"_links":{"self":[{"href":"https:\/\/nbg.eu\/pt-pt\/wp-json\/wp\/v2\/product\/755507","targetHints":{"allow":["GET"]}}],"collection":[{"href":"https:\/\/nbg.eu\/pt-pt\/wp-json\/wp\/v2\/product"}],"about":[{"href":"https:\/\/nbg.eu\/pt-pt\/wp-json\/wp\/v2\/types\/product"}],"wp:featuredmedia":[{"embeddable":true,"href":"https:\/\/nbg.eu\/pt-pt\/wp-json\/wp\/v2\/media\/755982"}],"wp:attachment":[{"href":"https:\/\/nbg.eu\/pt-pt\/wp-json\/wp\/v2\/media?parent=755507"}],"wp:term":[{"taxonomy":"product_brand","embeddable":true,"href":"https:\/\/nbg.eu\/pt-pt\/wp-json\/wp\/v2\/product_brand?post=755507"},{"taxonomy":"product_cat","embeddable":true,"href":"https:\/\/nbg.eu\/pt-pt\/wp-json\/wp\/v2\/product_cat?post=755507"},{"taxonomy":"product_tag","embeddable":true,"href":"https:\/\/nbg.eu\/pt-pt\/wp-json\/wp\/v2\/product_tag?post=755507"}],"curies":[{"name":"wp","href":"https:\/\/api.w.org\/{rel}","templated":true}]}}