{"id":755530,"date":"2026-05-13T13:36:40","date_gmt":"2026-05-13T10:36:40","guid":{"rendered":"https:\/\/nbg.eu\/product\/carregador-hexmag-series-2-223-rem-5-56-nato-10-tiros\/"},"modified":"2026-05-13T14:50:14","modified_gmt":"2026-05-13T11:50:14","slug":"carregador-hexmag-series-2-223-rem-5-56-nato-10-tiros","status":"publish","type":"product","link":"https:\/\/nbg.eu\/pt-pt\/produto\/carregador-hexmag-series-2-223-rem-5-56-nato-10-tiros\/","title":{"rendered":"Carregador Hexmag Series 2 .223 Rem\/5.56 NATO 10 tiros"},"content":{"rendered":"<h2>Carregador Hexmag Series 2 .223 Rem\/5.56 NATO 10 tiros<\/h2>\n<p>O Hexmag Series 2 introduz geometria melhorada, nervuras internas refor\u00e7adas e o caracter\u00edtico sistema HexID de bases coloridas. O modelo de 10 tiros cumpre os limites de capacidade e \u00e9 fabricado em PolyHex2 Advanced Composite resistente.<\/p>\n<h3>Principais caracter\u00edsticas<\/h3>\n<ul>\n<li>10 tiros (capacidade reduzida)<\/li>\n<li>Corpo PolyHex2 Advanced Composite<\/li>\n<li>Textura externa hexagonal para ader\u00eancia<\/li>\n<li>Compat\u00edvel com sistema HexID<\/li>\n<li>Geometria interna melhorada em rela\u00e7\u00e3o ao Series 1<\/li>\n<\/ul>\n<h3>Especifica\u00e7\u00f5es<\/h3>\n<table>\n<tr>\n<td><strong>Calibre<\/strong><\/td>\n<td>.223 Rem \/ 5.56 NATO<\/td>\n<\/tr>\n<tr>\n<td><strong>Capacidade<\/strong><\/td>\n<td>10 tiros<\/td>\n<\/tr>\n<tr>\n<td><strong>Material<\/strong><\/td>\n<td>PolyHex2 Advanced Composite<\/td>\n<\/tr>\n<tr>\n<td><strong>Fabricante<\/strong><\/td>\n<td>Hexmag (USA)<\/td>\n<\/tr>\n<\/table>\n","protected":false},"excerpt":{"rendered":"<p>Carregador AR-15 de 10 tiros com a textura hexagonal caracter\u00edstica da Hexmag. Constru\u00e7\u00e3o em pol\u00edmero Series 2 para .223 Rem \/ 5.56 NATO.<\/p>\n","protected":false},"featured_media":756054,"template":"","meta":{"_acf_changed":false},"product_brand":[],"product_cat":[12544,12537,12490],"product_tag":[],"class_list":{"0":"post-755530","1":"product","2":"type-product","3":"status-publish","4":"has-post-thumbnail","6":"product_cat-carregadores-para-rifles","7":"product_cat-espingarda","8":"product_cat-licenciado","10":"first","11":"instock","12":"taxable","13":"shipping-taxable","14":"product-type-simple"},"acf":[],"_links":{"self":[{"href":"https:\/\/nbg.eu\/pt-pt\/wp-json\/wp\/v2\/product\/755530","targetHints":{"allow":["GET"]}}],"collection":[{"href":"https:\/\/nbg.eu\/pt-pt\/wp-json\/wp\/v2\/product"}],"about":[{"href":"https:\/\/nbg.eu\/pt-pt\/wp-json\/wp\/v2\/types\/product"}],"wp:featuredmedia":[{"embeddable":true,"href":"https:\/\/nbg.eu\/pt-pt\/wp-json\/wp\/v2\/media\/756054"}],"wp:attachment":[{"href":"https:\/\/nbg.eu\/pt-pt\/wp-json\/wp\/v2\/media?parent=755530"}],"wp:term":[{"taxonomy":"product_brand","embeddable":true,"href":"https:\/\/nbg.eu\/pt-pt\/wp-json\/wp\/v2\/product_brand?post=755530"},{"taxonomy":"product_cat","embeddable":true,"href":"https:\/\/nbg.eu\/pt-pt\/wp-json\/wp\/v2\/product_cat?post=755530"},{"taxonomy":"product_tag","embeddable":true,"href":"https:\/\/nbg.eu\/pt-pt\/wp-json\/wp\/v2\/product_tag?post=755530"}],"curies":[{"name":"wp","href":"https:\/\/api.w.org\/{rel}","templated":true}]}}