{"id":755599,"date":"2026-05-13T13:36:45","date_gmt":"2026-05-13T10:36:45","guid":{"rendered":"https:\/\/nbg.eu\/product\/carregador-lancer-l5-awm-300-blk-10-tiros-preto\/"},"modified":"2026-05-13T14:50:56","modified_gmt":"2026-05-13T11:50:56","slug":"carregador-lancer-l5-awm-300-blk-10-tiros-preto","status":"publish","type":"product","link":"https:\/\/nbg.eu\/pt-pt\/produto\/carregador-lancer-l5-awm-300-blk-10-tiros-preto\/","title":{"rendered":"Carregador Lancer L5 AWM 300 BLK 10 tiros &#8211; Preto"},"content":{"rendered":"<h2>Carregador Lancer L5 AWM 300 BLK 10 tiros &#8211; Preto<\/h2>\n<p>O Lancer L5 Advanced Warfighter Magazine (AWM) combina inserto de l\u00e1bios em a\u00e7o temperado com corpo em pol\u00edmero refor\u00e7ado com fibra de vidro &#8211; resist\u00eancia de um carregador met\u00e1lico com o peso e resist\u00eancia \u00e0 corros\u00e3o do pol\u00edmero. O L5 AWM \u00e9 o padr\u00e3o de ouro dos carregadores AR-15.<\/p>\n<h3>Principais caracter\u00edsticas<\/h3>\n<ul>\n<li>Marca\u00e7\u00e3o de calibre na base (300 BLK) evita confus\u00e3o com .223\/5.56<\/li>\n<li>L\u00e1bios em a\u00e7o temperado para durabilidade inigual\u00e1vel<\/li>\n<li>Corpo em pol\u00edmero refor\u00e7ado fibra de vidro (preto)<\/li>\n<li>Elevador anti-tilt com acabamento autolubrificante<\/li>\n<li>Compatibilidade mil-spec com todos os lower AR-15<\/li>\n<\/ul>\n<h3>Especifica\u00e7\u00f5es<\/h3>\n<table>\n<tr>\n<td><strong>Calibre<\/strong><\/td>\n<td>300 AAC Blackout<\/td>\n<\/tr>\n<tr>\n<td><strong>Capacidade<\/strong><\/td>\n<td>10 tiros<\/td>\n<\/tr>\n<tr>\n<td><strong>Cor<\/strong><\/td>\n<td>Preto<\/td>\n<\/tr>\n<tr>\n<td><strong>Material<\/strong><\/td>\n<td>L\u00e1bios em a\u00e7o + corpo pol\u00edmero<\/td>\n<\/tr>\n<tr>\n<td><strong>Fabricante<\/strong><\/td>\n<td>Lancer Systems (USA)<\/td>\n<\/tr>\n<\/table>\n","protected":false},"excerpt":{"rendered":"<p>Lancer L5 Advanced Warfighter Magazine para AR-15 em 300 AAC Blackout. Corpo preto opaco com l\u00e1bios de a\u00e7o temperado.<\/p>\n","protected":false},"featured_media":756195,"template":"","meta":{"_acf_changed":false},"product_brand":[],"product_cat":[12544,12537,12490],"product_tag":[],"class_list":{"0":"post-755599","1":"product","2":"type-product","3":"status-publish","4":"has-post-thumbnail","6":"product_cat-carregadores-para-rifles","7":"product_cat-espingarda","8":"product_cat-licenciado","10":"first","11":"instock","12":"taxable","13":"shipping-taxable","14":"product-type-simple"},"acf":[],"_links":{"self":[{"href":"https:\/\/nbg.eu\/pt-pt\/wp-json\/wp\/v2\/product\/755599","targetHints":{"allow":["GET"]}}],"collection":[{"href":"https:\/\/nbg.eu\/pt-pt\/wp-json\/wp\/v2\/product"}],"about":[{"href":"https:\/\/nbg.eu\/pt-pt\/wp-json\/wp\/v2\/types\/product"}],"wp:featuredmedia":[{"embeddable":true,"href":"https:\/\/nbg.eu\/pt-pt\/wp-json\/wp\/v2\/media\/756195"}],"wp:attachment":[{"href":"https:\/\/nbg.eu\/pt-pt\/wp-json\/wp\/v2\/media?parent=755599"}],"wp:term":[{"taxonomy":"product_brand","embeddable":true,"href":"https:\/\/nbg.eu\/pt-pt\/wp-json\/wp\/v2\/product_brand?post=755599"},{"taxonomy":"product_cat","embeddable":true,"href":"https:\/\/nbg.eu\/pt-pt\/wp-json\/wp\/v2\/product_cat?post=755599"},{"taxonomy":"product_tag","embeddable":true,"href":"https:\/\/nbg.eu\/pt-pt\/wp-json\/wp\/v2\/product_tag?post=755599"}],"curies":[{"name":"wp","href":"https:\/\/api.w.org\/{rel}","templated":true}]}}