{"id":755645,"date":"2026-05-13T13:36:47","date_gmt":"2026-05-13T10:36:47","guid":{"rendered":"https:\/\/nbg.eu\/product\/carregador-shield-arms-43x-48-9mm-15-tiros\/"},"modified":"2026-05-13T14:51:23","modified_gmt":"2026-05-13T11:51:23","slug":"carregador-shield-arms-43x-48-9mm-15-tiros","status":"publish","type":"product","link":"https:\/\/nbg.eu\/pt-pt\/produto\/carregador-shield-arms-43x-48-9mm-15-tiros\/","title":{"rendered":"Carregador Shield Arms 43X\/48 9mm 15 tiros"},"content":{"rendered":"<h2>Carregador Shield Arms 43X\/48 9mm 15 tiros<\/h2>\n<p>O carregador Shield Arms S15 transforma o Glock 43X e o Glock 48 de pistolas single-stack de 10 tiros em pistolas double-stack de 15 tiros &#8211; sem aumentar as dimens\u00f5es da empunhadura. Constru\u00eddo em a\u00e7o tratado termicamente com elevador em pol\u00edmero autolubrificante.<\/p>\n<h3>Principais caracter\u00edsticas<\/h3>\n<ul>\n<li>Capacidade de 15 tiros na empunhadura original<\/li>\n<li>Corpo em a\u00e7o tratado termicamente<\/li>\n<li>Design drop-free<\/li>\n<li>Elevador em pol\u00edmero autolubrificante<\/li>\n<li>Recomendado com ret\u00e9m de carregador em a\u00e7o Shield Arms (vendido separadamente)<\/li>\n<\/ul>\n<h3>Especifica\u00e7\u00f5es<\/h3>\n<table>\n<tr>\n<td><strong>Calibre<\/strong><\/td>\n<td>9mm Luger<\/td>\n<\/tr>\n<tr>\n<td><strong>Capacidade<\/strong><\/td>\n<td>15 tiros<\/td>\n<\/tr>\n<tr>\n<td><strong>Compat\u00edvel com<\/strong><\/td>\n<td>Glock 43X \/ Glock 48<\/td>\n<\/tr>\n<tr>\n<td><strong>Material<\/strong><\/td>\n<td>A\u00e7o tratado termicamente<\/td>\n<\/tr>\n<tr>\n<td><strong>Fabricante<\/strong><\/td>\n<td>Shield Arms (USA)<\/td>\n<\/tr>\n<\/table>\n","protected":false},"excerpt":{"rendered":"<p>Carregador 9mm de 15 tiros para Glock 43X e Glock 48 da Shield Arms. Constru\u00e7\u00e3o em a\u00e7o que quase duplica a capacidade de f\u00e1brica.<\/p>\n","protected":false},"featured_media":756318,"template":"","meta":{"_acf_changed":false},"product_brand":[],"product_cat":[12490,12483,12507],"product_tag":[],"class_list":{"0":"post-755645","1":"product","2":"type-product","3":"status-publish","4":"has-post-thumbnail","6":"product_cat-licenciado","7":"product_cat-pecas-de-pistola","8":"product_cat-pistola","10":"first","11":"instock","12":"taxable","13":"shipping-taxable","14":"product-type-simple"},"acf":[],"_links":{"self":[{"href":"https:\/\/nbg.eu\/pt-pt\/wp-json\/wp\/v2\/product\/755645","targetHints":{"allow":["GET"]}}],"collection":[{"href":"https:\/\/nbg.eu\/pt-pt\/wp-json\/wp\/v2\/product"}],"about":[{"href":"https:\/\/nbg.eu\/pt-pt\/wp-json\/wp\/v2\/types\/product"}],"wp:featuredmedia":[{"embeddable":true,"href":"https:\/\/nbg.eu\/pt-pt\/wp-json\/wp\/v2\/media\/756318"}],"wp:attachment":[{"href":"https:\/\/nbg.eu\/pt-pt\/wp-json\/wp\/v2\/media?parent=755645"}],"wp:term":[{"taxonomy":"product_brand","embeddable":true,"href":"https:\/\/nbg.eu\/pt-pt\/wp-json\/wp\/v2\/product_brand?post=755645"},{"taxonomy":"product_cat","embeddable":true,"href":"https:\/\/nbg.eu\/pt-pt\/wp-json\/wp\/v2\/product_cat?post=755645"},{"taxonomy":"product_tag","embeddable":true,"href":"https:\/\/nbg.eu\/pt-pt\/wp-json\/wp\/v2\/product_tag?post=755645"}],"curies":[{"name":"wp","href":"https:\/\/api.w.org\/{rel}","templated":true}]}}