{"id":755668,"date":"2026-05-13T13:36:49","date_gmt":"2026-05-13T10:36:49","guid":{"rendered":"https:\/\/nbg.eu\/product\/retem-de-carregador-shield-arms-43x-48\/"},"modified":"2026-05-13T14:51:35","modified_gmt":"2026-05-13T11:51:35","slug":"retem-de-carregador-shield-arms-43x-48","status":"publish","type":"product","link":"https:\/\/nbg.eu\/pt-pt\/produto\/retem-de-carregador-shield-arms-43x-48\/","title":{"rendered":"Ret\u00e9m de carregador Shield Arms 43X\/48"},"content":{"rendered":"<h2>Ret\u00e9m de carregador Shield Arms 43X\/48<\/h2>\n<p>Substitui\u00e7\u00e3o drop-in do ret\u00e9m em pol\u00edmero de f\u00e1brica em Glock 43X e Glock 48. O ret\u00e9m em a\u00e7o Shield Arms proporciona reten\u00e7\u00e3o consistente e longa durabilidade com os carregadores em a\u00e7o Shield Arms S15.<\/p>\n<h3>Principais caracter\u00edsticas<\/h3>\n<ul>\n<li>Constru\u00e7\u00e3o em a\u00e7o temperado<\/li>\n<li>Instala\u00e7\u00e3o drop-in &#8211; sem armeiro<\/li>\n<li>Para utiliza\u00e7\u00e3o com carregadores Shield Arms S15<\/li>\n<li>Mant\u00e9m o funcionamento ambidextro de f\u00e1brica<\/li>\n<li>Fabricado nos EUA<\/li>\n<\/ul>\n<h3>Especifica\u00e7\u00f5es<\/h3>\n<table>\n<tr>\n<td><strong>Compat\u00edvel com<\/strong><\/td>\n<td>Glock 43X \/ Glock 48<\/td>\n<\/tr>\n<tr>\n<td><strong>Material<\/strong><\/td>\n<td>A\u00e7o temperado<\/td>\n<\/tr>\n<tr>\n<td><strong>Fun\u00e7\u00e3o<\/strong><\/td>\n<td>Ret\u00e9m \/ liberta\u00e7\u00e3o do carregador<\/td>\n<\/tr>\n<tr>\n<td><strong>Fabricante<\/strong><\/td>\n<td>Shield Arms (USA)<\/td>\n<\/tr>\n<\/table>\n","protected":false},"excerpt":{"rendered":"<p>Ret\u00e9m de carregador em a\u00e7o para Glock 43X e Glock 48, concebido para funcionar com os carregadores em a\u00e7o Shield Arms S15. Substitui o ret\u00e9m em pol\u00edmero de f\u00e1brica.<\/p>\n","protected":false},"featured_media":756342,"template":"","meta":{"_acf_changed":false},"product_brand":[],"product_cat":[12483,12507],"product_tag":[],"class_list":{"0":"post-755668","1":"product","2":"type-product","3":"status-publish","4":"has-post-thumbnail","6":"product_cat-pecas-de-pistola","7":"product_cat-pistola","9":"first","10":"instock","11":"taxable","12":"shipping-taxable","13":"purchasable","14":"product-type-simple"},"acf":[],"_links":{"self":[{"href":"https:\/\/nbg.eu\/pt-pt\/wp-json\/wp\/v2\/product\/755668","targetHints":{"allow":["GET"]}}],"collection":[{"href":"https:\/\/nbg.eu\/pt-pt\/wp-json\/wp\/v2\/product"}],"about":[{"href":"https:\/\/nbg.eu\/pt-pt\/wp-json\/wp\/v2\/types\/product"}],"wp:featuredmedia":[{"embeddable":true,"href":"https:\/\/nbg.eu\/pt-pt\/wp-json\/wp\/v2\/media\/756342"}],"wp:attachment":[{"href":"https:\/\/nbg.eu\/pt-pt\/wp-json\/wp\/v2\/media?parent=755668"}],"wp:term":[{"taxonomy":"product_brand","embeddable":true,"href":"https:\/\/nbg.eu\/pt-pt\/wp-json\/wp\/v2\/product_brand?post=755668"},{"taxonomy":"product_cat","embeddable":true,"href":"https:\/\/nbg.eu\/pt-pt\/wp-json\/wp\/v2\/product_cat?post=755668"},{"taxonomy":"product_tag","embeddable":true,"href":"https:\/\/nbg.eu\/pt-pt\/wp-json\/wp\/v2\/product_tag?post=755668"}],"curies":[{"name":"wp","href":"https:\/\/api.w.org\/{rel}","templated":true}]}}