{"id":130632,"date":"2024-11-02T06:44:40","date_gmt":"2025-01-07T14:09:05","guid":{"rendered":"https:\/\/nbg.eu\/product\/sons-of-liberty-gun-worksar-15-castle-nuts\/"},"modified":"2026-01-21T11:47:11","modified_gmt":"2026-01-21T08:47:11","slug":"sons-of-liberty-gun-worksar-15-castle-nuts","status":"publish","type":"product","link":"https:\/\/nbg.eu\/ro\/produs\/sons-of-liberty-gun-worksar-15-castle-nuts\/","title":{"rendered":"SONS OF LIBERTY GUN WORKSAR-15 Castle Nuts"},"content":{"rendered":"<div class=\"product-description\">\n<h2>Piuli\u021be Castle pentru AR-15 de la SONS OF LIBERTY GUN WORKS<\/h2>\n<p>\u00cenlocui\u021bi piuli\u021bele castle ale AR-15 cu piese de la SONS OF LIBERTY GUN WORKS (SOLGW). Aceste piese de schimb sunt necesare pentru func\u021bionarea optim\u0103 a armei.<\/p>\n<ul>\n<li>Fabricate cu toleran\u021be exacte<\/li>\n<li>Compatibile cu toate modelele AR-15<\/li>\n<li>Asigur\u0103 asamblarea corect\u0103 \u0219i fiabilitatea<\/li>\n<li>Greutate de 28 grame<\/li>\n<li>Design compact de 2,54 cm<\/li>\n<\/ul>\n<p>SOLGW ofer\u0103 piuli\u021be castle durabile. Alege\u021bi piese de schimb SOLGW pentru AR-15.<\/p>\n<p><strong>Sfat:<\/strong> Fixa\u021bi piuli\u021bele pentru siguran\u021b\u0103 \u0219i durabilitate suplimentar\u0103.<\/p>\n<\/div>\n","protected":false},"excerpt":{"rendered":"<p>Piuli\u021b\u0103 Castle pentru AR-15 fabricat\u0103 cu precizie. Durabil\u0103, potrivire universal\u0103. Dimensiune de 1 inch.<\/p>\n","protected":false},"featured_media":76425,"template":"","meta":{"_acf_changed":false},"product_brand":[14567],"product_cat":[12756],"product_tag":[],"class_list":{"0":"post-130632","1":"product","2":"type-product","3":"status-publish","4":"has-post-thumbnail","6":"product_brand-sons-of-liberty-gun-works","7":"product_cat-tuning-pusca","9":"first","10":"instock","11":"taxable","12":"shipping-taxable","13":"purchasable","14":"product-type-simple"},"acf":[],"_links":{"self":[{"href":"https:\/\/nbg.eu\/ro\/wp-json\/wp\/v2\/product\/130632","targetHints":{"allow":["GET"]}}],"collection":[{"href":"https:\/\/nbg.eu\/ro\/wp-json\/wp\/v2\/product"}],"about":[{"href":"https:\/\/nbg.eu\/ro\/wp-json\/wp\/v2\/types\/product"}],"wp:featuredmedia":[{"embeddable":true,"href":"https:\/\/nbg.eu\/ro\/wp-json\/wp\/v2\/media\/76425"}],"wp:attachment":[{"href":"https:\/\/nbg.eu\/ro\/wp-json\/wp\/v2\/media?parent=130632"}],"wp:term":[{"taxonomy":"product_brand","embeddable":true,"href":"https:\/\/nbg.eu\/ro\/wp-json\/wp\/v2\/product_brand?post=130632"},{"taxonomy":"product_cat","embeddable":true,"href":"https:\/\/nbg.eu\/ro\/wp-json\/wp\/v2\/product_cat?post=130632"},{"taxonomy":"product_tag","embeddable":true,"href":"https:\/\/nbg.eu\/ro\/wp-json\/wp\/v2\/product_tag?post=130632"}],"curies":[{"name":"wp","href":"https:\/\/api.w.org\/{rel}","templated":true}]}}