{"id":131341,"date":"2024-11-02T06:45:52","date_gmt":"2024-11-02T06:45:52","guid":{"rendered":"https:\/\/nbg.eu\/product\/sprinco-usa-spring-kit-xp-buffer-spring-enhanced-4coil-bolt-extractor-spring\/"},"modified":"2026-01-21T12:05:17","modified_gmt":"2026-01-21T09:05:17","slug":"sprinco-usa-spring-kit-xp-buffer-spring-enhanced-4coil-bolt-extractor-spring","status":"publish","type":"product","link":"https:\/\/nbg.eu\/ro\/produs\/sprinco-usa-spring-kit-xp-buffer-spring-enhanced-4coil-bolt-extractor-spring\/","title":{"rendered":"SPRINCO USA Spring Kit-XP Buffer Spring &amp; Enhanced 4Coil Bolt Extractor Spring"},"content":{"rendered":"<div class=\"product-description\">\n<h2>Set de arcuri SPRINCO USA &#8211; Arc pentru amortizor XP \u0219i arc extractor cu 4 spire \u00eembun\u0103t\u0103\u021bit<\/h2>\n<p>Setul de arcuri SPRINCO USA include:<\/p>\n<ul>\n<li>Arc pentru amortizor cu putere suplimentar\u0103 (Ro\u0219u)<\/li>\n<li>Arc extractor cu 4 spire \u00eembun\u0103t\u0103\u021bit<\/li>\n<\/ul>\n<p>Conceput \u00een 2006 pentru o echip\u0103 de modernizare a for\u021belor, acest set abordeaz\u0103 probleme de fiabilitate ale carabinei M4 \u00een medii dificile. Arcul ro\u0219u ofer\u0103 sarcini de proiectare cu aproximativ 25% mai mari \u00een compara\u021bie cu arcul alb, fiind potrivit pentru:<\/p>\n<ul>\n<li>9mm, 6.8 SPC, 6.5 Grendel<\/li>\n<li>.450 BM, .450 SOCOM, .500 Beowulf<\/li>\n<li>Carabine Colt LE6920<\/li>\n<\/ul>\n<p>Not\u0103: Performan\u021ba poate varia \u00een func\u021bie de valorile portului \u0219i \u00eenc\u0103rc\u0103turile de muni\u021bie. Consulta\u021bi documentele de procedur\u0103 de reglare \u00eenainte de utilizare.<\/p>\n<\/div>\n","protected":false},"excerpt":{"rendered":"<p>Arc tampon AR de \u00eenalt\u0103 performan\u021b\u0103 pentru fiabilitate \u0219i putere sporite.<\/p>\n","protected":false},"featured_media":76518,"template":"","meta":{"_acf_changed":false},"product_brand":[14595],"product_cat":[12763,12745],"product_tag":[],"class_list":{"0":"post-131341","1":"product","2":"type-product","3":"status-publish","4":"has-post-thumbnail","6":"product_brand-sprinco-usa","7":"product_cat-arcuri","8":"product_cat-piese-kmr","10":"first","11":"outofstock","12":"taxable","13":"shipping-taxable","14":"purchasable","15":"product-type-simple"},"acf":[],"_links":{"self":[{"href":"https:\/\/nbg.eu\/ro\/wp-json\/wp\/v2\/product\/131341","targetHints":{"allow":["GET"]}}],"collection":[{"href":"https:\/\/nbg.eu\/ro\/wp-json\/wp\/v2\/product"}],"about":[{"href":"https:\/\/nbg.eu\/ro\/wp-json\/wp\/v2\/types\/product"}],"wp:featuredmedia":[{"embeddable":true,"href":"https:\/\/nbg.eu\/ro\/wp-json\/wp\/v2\/media\/76518"}],"wp:attachment":[{"href":"https:\/\/nbg.eu\/ro\/wp-json\/wp\/v2\/media?parent=131341"}],"wp:term":[{"taxonomy":"product_brand","embeddable":true,"href":"https:\/\/nbg.eu\/ro\/wp-json\/wp\/v2\/product_brand?post=131341"},{"taxonomy":"product_cat","embeddable":true,"href":"https:\/\/nbg.eu\/ro\/wp-json\/wp\/v2\/product_cat?post=131341"},{"taxonomy":"product_tag","embeddable":true,"href":"https:\/\/nbg.eu\/ro\/wp-json\/wp\/v2\/product_tag?post=131341"}],"curies":[{"name":"wp","href":"https:\/\/api.w.org\/{rel}","templated":true}]}}