{"id":131997,"date":"2025-01-01T20:52:41","date_gmt":"2025-01-01T20:52:41","guid":{"rendered":"https:\/\/nbg.eu\/product\/area-419-match-scope-rings\/"},"modified":"2026-05-17T10:04:14","modified_gmt":"2026-05-17T07:04:14","slug":"area-419-match-scope-rings","status":"publish","type":"product","link":"https:\/\/nbg.eu\/ro\/produs\/area-419-match-scope-rings\/","title":{"rendered":"Area 419 MATCH Scope Rings"},"content":{"rendered":"<div class=\"product-description\">\n<h2>Inele pentru lunet\u0103 Area 419 MATCH<\/h2>\n<p>Inelele Area 419 MATCH sunt fabricate pentru a oferi o prindere sigur\u0103 a opticii.<\/p>\n<ul>\n<li>Inele serializate, cu alezaj final potrivit<\/li>\n<li>Interioare din aluminiu brut pentru aderen\u021b\u0103 la optic\u0103<\/li>\n<li>Alezate cu precizie \u00een seturi \u00een centre de prelucrare<\/li>\n<li>Marcate cu laser ca seturi potrivite<\/li>\n<li>Fabricate din aluminiu 7075 de calitate aerospa\u021bial\u0103<\/li>\n<li>Acoperire anodizat\u0103 tip 3 (alezaj intern din aluminiu brut)<\/li>\n<li>Disponibile pentru tuburi cu diametre de 30mm, 34mm, 35mm \u0219i 36mm<\/li>\n<li>\u00cen\u0103l\u021bimi de montare: Joas\u0103 (24mm), Medie (28mm) \u0219i \u00cenalt\u0103 (32mm)<\/li>\n<\/ul>\n<p>Inelele pentru lunet\u0103 Area 419 MATCH sunt proiectate pentru montarea opticii.<\/p>\n<\/div>\n","protected":false},"excerpt":{"rendered":"<p>Inele de lunet\u0103 potrivite cu precizie, serializate pentru stabilitate optic\u0103 maxim\u0103.<\/p>\n","protected":false},"featured_media":109099,"template":"","meta":{"_acf_changed":false},"product_brand":[11049],"product_cat":[514,15580],"product_tag":[],"class_list":{"0":"post-131997","1":"product","2":"type-product","3":"status-publish","4":"has-post-thumbnail","6":"product_brand-area-419","7":"product_cat-rifle-grips","8":"product_cat-scope-rings-ro","10":"first","11":"instock","12":"sale","13":"taxable","14":"shipping-taxable","15":"purchasable","16":"product-type-variable","17":"wvs-archive-product-wrapper"},"acf":[],"_links":{"self":[{"href":"https:\/\/nbg.eu\/ro\/wp-json\/wp\/v2\/product\/131997","targetHints":{"allow":["GET"]}}],"collection":[{"href":"https:\/\/nbg.eu\/ro\/wp-json\/wp\/v2\/product"}],"about":[{"href":"https:\/\/nbg.eu\/ro\/wp-json\/wp\/v2\/types\/product"}],"wp:featuredmedia":[{"embeddable":true,"href":"https:\/\/nbg.eu\/ro\/wp-json\/wp\/v2\/media\/109099"}],"wp:attachment":[{"href":"https:\/\/nbg.eu\/ro\/wp-json\/wp\/v2\/media?parent=131997"}],"wp:term":[{"taxonomy":"product_brand","embeddable":true,"href":"https:\/\/nbg.eu\/ro\/wp-json\/wp\/v2\/product_brand?post=131997"},{"taxonomy":"product_cat","embeddable":true,"href":"https:\/\/nbg.eu\/ro\/wp-json\/wp\/v2\/product_cat?post=131997"},{"taxonomy":"product_tag","embeddable":true,"href":"https:\/\/nbg.eu\/ro\/wp-json\/wp\/v2\/product_tag?post=131997"}],"curies":[{"name":"wp","href":"https:\/\/api.w.org\/{rel}","templated":true}]}}