{"id":133731,"date":"2024-11-02T08:42:18","date_gmt":"2025-01-08T16:50:43","guid":{"rendered":"https:\/\/nbg.eu\/product\/sprinco-usa-spring-kit-xp-buffer-spring-dual-extractor-spring\/"},"modified":"2026-01-21T12:22:26","modified_gmt":"2026-01-21T09:22:26","slug":"sprinco-usa-spring-kit-xp-buffer-spring-dual-extractor-spring","status":"publish","type":"product","link":"https:\/\/nbg.eu\/ro\/produs\/sprinco-usa-spring-kit-xp-buffer-spring-dual-extractor-spring\/","title":{"rendered":"SPRINCO USA Spring Kit-XP Buffer Spring \/ Dual Extractor Spring"},"content":{"rendered":"<div class=\"product-description\">\n<h2>Set de arcuri SPRINCO USA &#8211; Arc pentru amortizor XP \/ Arc dublu pentru extractor<\/h2>\n<p>Arcul pentru amortizor Extra Power de la SPRINCO USA, conceput \u00een 2006 pentru o echip\u0103 de modernizare a for\u021belor, abordeaz\u0103 probleme de func\u021bionare ale carabinei M4 \u00een medii dificile.<\/p>\n<ul>\n<li>Sarcini de proiectare cu 25% mai mari comparativ cu arcul alb<\/li>\n<li>Potrivit pentru 9mm, 6.8 SPC, 6.5 Grendel, .450 BM, .450 SOCOM, .500 Beowulf \u0219i Colt LE6920<\/li>\n<li>Sunt incluse documente cu procedura de reglare pentru performan\u021b\u0103 optim\u0103<\/li>\n<\/ul>\n<p>Not\u0103: Performan\u021ba poate varia \u00een func\u021bie de valorile portului \u0219i \u00eenc\u0103rc\u0103turile de muni\u021bie. Consulta\u021bi documenta\u021bia furnizat\u0103 \u00eenainte de utilizare.<\/p>\n<\/div>\n","protected":false},"excerpt":{"rendered":"<p>Arc de pu\u0219c\u0103 \u00eembun\u0103t\u0103\u021bit pentru o fiabilitate sporit\u0103 \u00een medii dificile.<\/p>\n","protected":false},"featured_media":76565,"template":"","meta":{"_acf_changed":false},"product_brand":[14595],"product_cat":[12763,12745],"product_tag":[],"class_list":{"0":"post-133731","1":"product","2":"type-product","3":"status-publish","4":"has-post-thumbnail","6":"product_brand-sprinco-usa","7":"product_cat-arcuri","8":"product_cat-piese-kmr","10":"first","11":"instock","12":"taxable","13":"shipping-taxable","14":"purchasable","15":"product-type-simple"},"acf":[],"_links":{"self":[{"href":"https:\/\/nbg.eu\/ro\/wp-json\/wp\/v2\/product\/133731","targetHints":{"allow":["GET"]}}],"collection":[{"href":"https:\/\/nbg.eu\/ro\/wp-json\/wp\/v2\/product"}],"about":[{"href":"https:\/\/nbg.eu\/ro\/wp-json\/wp\/v2\/types\/product"}],"wp:featuredmedia":[{"embeddable":true,"href":"https:\/\/nbg.eu\/ro\/wp-json\/wp\/v2\/media\/76565"}],"wp:attachment":[{"href":"https:\/\/nbg.eu\/ro\/wp-json\/wp\/v2\/media?parent=133731"}],"wp:term":[{"taxonomy":"product_brand","embeddable":true,"href":"https:\/\/nbg.eu\/ro\/wp-json\/wp\/v2\/product_brand?post=133731"},{"taxonomy":"product_cat","embeddable":true,"href":"https:\/\/nbg.eu\/ro\/wp-json\/wp\/v2\/product_cat?post=133731"},{"taxonomy":"product_tag","embeddable":true,"href":"https:\/\/nbg.eu\/ro\/wp-json\/wp\/v2\/product_tag?post=133731"}],"curies":[{"name":"wp","href":"https:\/\/api.w.org\/{rel}","templated":true}]}}