{"id":134538,"date":"2024-11-26T13:10:26","date_gmt":"2024-11-26T10:10:26","guid":{"rendered":"https:\/\/nbg.eu\/product\/geissele-ak-braided-spring\/"},"modified":"2026-05-13T16:02:06","modified_gmt":"2026-05-13T13:02:06","slug":"geissele-ak-braided-spring","status":"publish","type":"product","link":"https:\/\/nbg.eu\/ro\/produs\/geissele-ak-braided-spring\/","title":{"rendered":"Geissele Arc Principal \u00cempletit AK"},"content":{"rendered":"<h2>AK Braided Spring<\/h2>\n<p>AK Braided Prim\u0103vara Principala ALG este o prim\u0103var\u0103 de schimb pentru platformele de arme AK47\/74. Aceast\u0103 op\u021biune de \u00eenlocuire este fabricat\u0103 \u00een Statele Unite din trei fire \u00eempletite \u00eempreun\u0103. Designul \u00eempletit ofer\u0103 o durabilitate \u0219i fiabilitate sporit\u0103 \u00een compara\u021bie cu prim\u0103verele principale AK tradi\u021bionale, asigur\u00e2nd o func\u021bionare lin\u0103 \u0219i constant\u0103 a pu\u0219tii dvs.<\/p>\n<p>Realizat din materiale de \u00eenalt\u0103 calitate, AK Braided Spring este construit pentru a rezista la rigoarea utiliz\u0103rii intensive \u0219i a condi\u021biilor dure. Construc\u021bia sa solid\u0103 contribuie la reducerea riscului de defec\u021biune a prim\u0103verii, care poate duce la rat\u0103 de tragere e\u0219uat\u0103 sau alte defec\u021biuni. Prin upgradarea prim\u0103verii principale a AK-ului cu acest component fiabil, pute\u021bi beneficia de o performan\u021b\u0103 \u00eembun\u0103t\u0103\u021bit\u0103 \u0219i de lini\u0219te sufleteasc\u0103, \u0219tiind c\u0103 arma dvs. func\u021bioneaz\u0103 la capacitatea sa maxim\u0103.<\/p>\n<p>Fie c\u0103 sunte\u021bi un tr\u0103g\u0103tor competitiv sau un operator tactic, AK Braided Spring este o upgrade esen\u021bial de luat \u00een considerare pentru platforma dvs. AK47\/74. Designul s\u0103u superior \u0219i standardele de fabrica\u021bie \u00eel fac o alegere de \u00eencredere printre proprietarii de arme de foc exigen\u021bi care solicit\u0103 cel mai \u00eenalt nivel de fiabilitate \u0219i performan\u021b\u0103 de la echipamentul lor.<\/p>\n","protected":false},"excerpt":{"rendered":"<p>Arcul de prim\u0103var\u0103 AK \u00eempletit este un arc de \u00eenlocuire \u00eempletit cu 3 fire fabricat \u00een SUA pentru pu\u0219tile AK47\/74.<\/p>\n","protected":false},"featured_media":81108,"template":"","meta":{"_acf_changed":false},"product_brand":[11395],"product_cat":[12763],"product_tag":[],"class_list":{"0":"post-134538","1":"product","2":"type-product","3":"status-publish","4":"has-post-thumbnail","6":"product_brand-geissele","7":"product_cat-arcuri","9":"first","10":"instock","11":"taxable","12":"shipping-taxable","13":"product-type-simple"},"acf":[],"_links":{"self":[{"href":"https:\/\/nbg.eu\/ro\/wp-json\/wp\/v2\/product\/134538","targetHints":{"allow":["GET"]}}],"collection":[{"href":"https:\/\/nbg.eu\/ro\/wp-json\/wp\/v2\/product"}],"about":[{"href":"https:\/\/nbg.eu\/ro\/wp-json\/wp\/v2\/types\/product"}],"wp:featuredmedia":[{"embeddable":true,"href":"https:\/\/nbg.eu\/ro\/wp-json\/wp\/v2\/media\/81108"}],"wp:attachment":[{"href":"https:\/\/nbg.eu\/ro\/wp-json\/wp\/v2\/media?parent=134538"}],"wp:term":[{"taxonomy":"product_brand","embeddable":true,"href":"https:\/\/nbg.eu\/ro\/wp-json\/wp\/v2\/product_brand?post=134538"},{"taxonomy":"product_cat","embeddable":true,"href":"https:\/\/nbg.eu\/ro\/wp-json\/wp\/v2\/product_cat?post=134538"},{"taxonomy":"product_tag","embeddable":true,"href":"https:\/\/nbg.eu\/ro\/wp-json\/wp\/v2\/product_tag?post=134538"}],"curies":[{"name":"wp","href":"https:\/\/api.w.org\/{rel}","templated":true}]}}