{"id":139327,"date":"2025-01-04T11:28:41","date_gmt":"2025-01-04T11:28:41","guid":{"rendered":"https:\/\/nbg.eu\/product\/area-419-3-inch-stackable-drop-tube\/"},"modified":"2026-05-13T16:02:44","modified_gmt":"2026-05-13T13:02:44","slug":"area-419-3-inch-stackable-drop-tube","status":"publish","type":"product","link":"https:\/\/nbg.eu\/ro\/produs\/area-419-3-inch-stackable-drop-tube\/","title":{"rendered":"Area 419 &#8211; 3 Inch Stackable Drop Tube"},"content":{"rendered":"<h2>Area 419 &#8211; Tub de c\u0103dere stivuibil de 7,62 cm<\/h2>\n<p>Tub de c\u0103dere Area 419 de 7,62 cm pentru umplerea cartu\u015felor cu pulbere extrudat\u0103.<\/p>\n<h2>Caracteristici principale:<\/h2>\n<ul>\n<li>Compatibil cu sistemul de p\u00e2lnie cu cap interschimbabil Area 419<\/li>\n<li>Lungime de 7,62 cm, stivuibil pentru \u00een\u0103l\u0163imi personalizate<\/li>\n<li>Accept\u0103 capete specifice calibrului<\/li>\n<li>Fabricat din aluminiu solid 6061-T6<\/li>\n<li>Finisaj anodizat de tip II<\/li>\n<\/ul>\n<h2>Specifica\u0163ii:<\/h2>\n<ul>\n<li>Greutate: 90,7 grame<\/li>\n<li>Dimensiuni: 7,62 cm \u00d7 2,03 cm \u00d7 2,03 cm<\/li>\n<li>Produc\u0103tor: Area 419<\/li>\n<\/ul>\n<p>Tub de c\u0103dere pentru re\u00eenc\u0103rcarea cartu\u015felor.<\/p>\n","protected":false},"excerpt":{"rendered":"<p>Tub de alimentare cu pulbere stackabil de 3&#8243; pentru umplerea eficient\u0103 a tuburilor de cartu\u0219. Aluminiu.<\/p>\n","protected":false},"featured_media":119171,"template":"","meta":{"_acf_changed":false},"product_brand":[11049],"product_cat":[12770,12781],"product_tag":[],"class_list":{"0":"post-139327","1":"product","2":"type-product","3":"status-publish","4":"has-post-thumbnail","6":"product_brand-area-419","7":"product_cat-accesorii-reincarcare","8":"product_cat-reincarcare","10":"first","11":"instock","12":"sale","13":"taxable","14":"shipping-taxable","15":"purchasable","16":"product-type-simple"},"acf":[],"_links":{"self":[{"href":"https:\/\/nbg.eu\/ro\/wp-json\/wp\/v2\/product\/139327","targetHints":{"allow":["GET"]}}],"collection":[{"href":"https:\/\/nbg.eu\/ro\/wp-json\/wp\/v2\/product"}],"about":[{"href":"https:\/\/nbg.eu\/ro\/wp-json\/wp\/v2\/types\/product"}],"wp:featuredmedia":[{"embeddable":true,"href":"https:\/\/nbg.eu\/ro\/wp-json\/wp\/v2\/media\/119171"}],"wp:attachment":[{"href":"https:\/\/nbg.eu\/ro\/wp-json\/wp\/v2\/media?parent=139327"}],"wp:term":[{"taxonomy":"product_brand","embeddable":true,"href":"https:\/\/nbg.eu\/ro\/wp-json\/wp\/v2\/product_brand?post=139327"},{"taxonomy":"product_cat","embeddable":true,"href":"https:\/\/nbg.eu\/ro\/wp-json\/wp\/v2\/product_cat?post=139327"},{"taxonomy":"product_tag","embeddable":true,"href":"https:\/\/nbg.eu\/ro\/wp-json\/wp\/v2\/product_tag?post=139327"}],"curies":[{"name":"wp","href":"https:\/\/api.w.org\/{rel}","templated":true}]}}