{"id":22574,"date":"2024-08-19T20:28:32","date_gmt":"2024-08-19T17:28:32","guid":{"rendered":"https:\/\/nbg.eu\/product\/produs-2\/"},"modified":"2026-05-13T16:41:23","modified_gmt":"2026-05-13T13:41:23","slug":"produs-2","status":"publish","type":"product","link":"https:\/\/nbg.eu\/ro\/produs\/produs-2\/","title":{"rendered":"KMR Pin Arc Opritor Culis\u0103"},"content":{"rendered":"<h2>\u0218urub de Oprire a Glis\u0103rii KMR<\/h2>\n<p>\u00cembun\u0103t\u0103\u021bi\u021bi func\u021bionalitatea \u0219i fiabilitatea armei de foc cu \u0218urubul de Oprire a Glis\u0103rii Spring Pin KMR. Acest componen\u021b\u0103 proiectat\u0103 cu precizie este conceput\u0103 pentru a men\u021bine ferm oprirea glis\u0103rii, asigur\u00e2nd func\u021bionarea lin\u0103 \u0219i constant\u0103 a armei. Fabricat din materiale de \u00eenalt\u0103 calitate, \u0218urubul de Oprire a Glis\u0103rii Spring Pin KMR este construit pentru a rezista la rigoarea utiliz\u0103rii regulate \u0219i a mediilor dure.<\/p>\n<p>Caracterizat de un design robust al arcului, \u0218urubul de Oprire a Glis\u0103rii Spring Pin KMR asigur\u0103 performan\u021be fiabile \u0219i o fixare sigur\u0103, prevenind mi\u0219carea sau deconectarea nedorit\u0103 a glis\u0103rii. Dimensiunea sa compact\u0103 \u0219i integrarea f\u0103r\u0103 probleme \u00eel fac un accesoriu esen\u021bial pentru \u00eentre\u021binerea \u0219i modernizarea armei.<\/p>\n<p>Fie c\u0103 sunte\u021bi un tr\u0103g\u0103tor experimentat sau un pasionat de arme de foc, \u0218urubul de Oprire a Glis\u0103rii Spring Pin KMR este un accesoriu indispensabil pentru men\u021binerea performan\u021bei optime a armei. Moderniza\u021bi-v\u0103 arma de foc cu aceast\u0103 component\u0103 fiabil\u0103 \u0219i u\u0219or de utilizat \u0219i experimenta\u021bi diferen\u021ba \u00een experien\u021ba de tragere.<\/p>\n","protected":false},"excerpt":{"rendered":"<p>Opritor de alunecare cu arc de \u00eencredere pentru ata\u0219amentul KMR securizat.<\/p>\n","protected":false},"featured_media":60778,"template":"","meta":{"_acf_changed":false},"product_brand":[11498],"product_cat":[12763,12745],"product_tag":[],"class_list":{"0":"post-22574","1":"product","2":"type-product","3":"status-publish","4":"has-post-thumbnail","6":"product_brand-kmr-precision","7":"product_cat-arcuri","8":"product_cat-piese-kmr","10":"first","11":"instock","12":"taxable","13":"shipping-taxable","14":"product-type-simple"},"acf":[],"_links":{"self":[{"href":"https:\/\/nbg.eu\/ro\/wp-json\/wp\/v2\/product\/22574","targetHints":{"allow":["GET"]}}],"collection":[{"href":"https:\/\/nbg.eu\/ro\/wp-json\/wp\/v2\/product"}],"about":[{"href":"https:\/\/nbg.eu\/ro\/wp-json\/wp\/v2\/types\/product"}],"wp:featuredmedia":[{"embeddable":true,"href":"https:\/\/nbg.eu\/ro\/wp-json\/wp\/v2\/media\/60778"}],"wp:attachment":[{"href":"https:\/\/nbg.eu\/ro\/wp-json\/wp\/v2\/media?parent=22574"}],"wp:term":[{"taxonomy":"product_brand","embeddable":true,"href":"https:\/\/nbg.eu\/ro\/wp-json\/wp\/v2\/product_brand?post=22574"},{"taxonomy":"product_cat","embeddable":true,"href":"https:\/\/nbg.eu\/ro\/wp-json\/wp\/v2\/product_cat?post=22574"},{"taxonomy":"product_tag","embeddable":true,"href":"https:\/\/nbg.eu\/ro\/wp-json\/wp\/v2\/product_tag?post=22574"}],"curies":[{"name":"wp","href":"https:\/\/api.w.org\/{rel}","templated":true}]}}