{"id":275158,"date":"2025-03-03T12:58:09","date_gmt":"2025-03-03T12:58:09","guid":{"rendered":"https:\/\/nbg.eu\/product\/bore-tech-extreme-grease-hd-10ml\/"},"modified":"2026-01-21T11:38:40","modified_gmt":"2026-01-21T08:38:40","slug":"bore-tech-extreme-grease-hd-10ml","status":"publish","type":"product","link":"https:\/\/nbg.eu\/ro\/produs\/bore-tech-extreme-grease-hd-10ml\/","title":{"rendered":"Bore tech EXTREME GREASE HD 10ml"},"content":{"rendered":"<h2>Bore Tech EXTREME GREASE HD 10ml<\/h2>\n<p>Bore Tech EXTREME GREASE HD este o unsoare sintetic\u0103 pentru armele de foc.<\/p>\n<ul>\n<li>Interval de temperatur\u0103 opera\u021bional\u0103: -65\u00b0C p\u00e2n\u0103 la +371\u00b0C<\/li>\n<li>Interval de temperatur\u0103 extins: p\u00e2n\u0103 la 1093\u00b0C<\/li>\n<li>Formul\u0103 care nu se \u00eent\u0103re\u0219te \u0219i nu curge<\/li>\n<li>Lubrifiere \u0219i prevenire a uzurii<\/li>\n<li>Coeficient de frecare redus<\/li>\n<li>Inhibitori de rugin\u0103<\/li>\n<li>Lubrifian\u021bi nano-ceramici pentru temperaturi \u00eenalte<\/li>\n<\/ul>\n<p>Recomandat pentru utilizare pe z\u0103voare, \u0219ine de cadru, articula\u021bii \u0219i mecanisme cu came. Asigur\u0103 func\u021bionare \u0219i durabilitate \u00een condi\u021bii extreme.<\/p>\n<p>Tub de plastic de 10cc cu v\u00e2rf de dozare \u0219i capac cu \u0219urub pentru aplicare u\u0219oar\u0103.<\/p>\n","protected":false},"excerpt":{"rendered":"<p>Unsoare sintetic\u0103 ultra-lipicioas\u0103 pentru arme de foc, pentru condi\u021bii extreme (-65\u00b0C p\u00e2n\u0103 la 371\u00b0C)<\/p>\n","protected":false},"featured_media":235482,"template":"","meta":{"_acf_changed":false},"product_brand":[11164],"product_cat":[12737,12750],"product_tag":[],"class_list":{"0":"post-275158","1":"product","2":"type-product","3":"status-publish","4":"has-post-thumbnail","6":"product_brand-boretech","7":"product_cat-curatare-arma","8":"product_cat-lubrifianti","10":"first","11":"outofstock","12":"taxable","13":"shipping-taxable","14":"purchasable","15":"product-type-simple"},"acf":[],"_links":{"self":[{"href":"https:\/\/nbg.eu\/ro\/wp-json\/wp\/v2\/product\/275158","targetHints":{"allow":["GET"]}}],"collection":[{"href":"https:\/\/nbg.eu\/ro\/wp-json\/wp\/v2\/product"}],"about":[{"href":"https:\/\/nbg.eu\/ro\/wp-json\/wp\/v2\/types\/product"}],"wp:featuredmedia":[{"embeddable":true,"href":"https:\/\/nbg.eu\/ro\/wp-json\/wp\/v2\/media\/235482"}],"wp:attachment":[{"href":"https:\/\/nbg.eu\/ro\/wp-json\/wp\/v2\/media?parent=275158"}],"wp:term":[{"taxonomy":"product_brand","embeddable":true,"href":"https:\/\/nbg.eu\/ro\/wp-json\/wp\/v2\/product_brand?post=275158"},{"taxonomy":"product_cat","embeddable":true,"href":"https:\/\/nbg.eu\/ro\/wp-json\/wp\/v2\/product_cat?post=275158"},{"taxonomy":"product_tag","embeddable":true,"href":"https:\/\/nbg.eu\/ro\/wp-json\/wp\/v2\/product_tag?post=275158"}],"curies":[{"name":"wp","href":"https:\/\/api.w.org\/{rel}","templated":true}]}}