{"id":277941,"date":"2025-03-07T22:09:14","date_gmt":"2025-03-07T19:09:14","guid":{"rendered":"https:\/\/nbg.eu\/product\/vortex-strike-eagle-1-8x24-ffp\/"},"modified":"2026-01-21T11:46:18","modified_gmt":"2026-01-21T08:46:18","slug":"vortex-strike-eagle-1-8x24-ffp","status":"publish","type":"product","link":"https:\/\/nbg.eu\/ro\/produs\/vortex-strike-eagle-1-8x24-ffp\/","title":{"rendered":"Vortex &#8211; Strike Eagle\u00ae &#8211; 1-8&#215;24 FFP"},"content":{"rendered":"<div class=\"product-description\">\n<h1>Vortex &#8211; Strike Eagle\u00ae &#8211; 1-8&#215;24 FFP<\/h1>\n<p>Strike Eagle\u00ae este o lunet\u0103 tactic\u0103 cu versatilitate \u0219i performan\u021b\u0103 optic\u0103. Cu construc\u021bia sa robust\u0103, calitatea sticlei \u0219i caracteristicile avansate, aceast\u0103 lunet\u0103 este potrivit\u0103 pentru scenarii de tragere rapid\u0103 \u0219i angajamente pe distan\u021be lungi p\u00e2n\u0103 la 914 metri.<\/p>\n<h2>Caracteristici principale:<\/h2>\n<ul>\n<li>M\u0103rire: 1-8x<\/li>\n<li>Diametrul lentilei obiectiv: 24 mm<\/li>\n<li>Primul plan focal (FFP)<\/li>\n<li>Reticul EBR-8 MOA<\/li>\n<li>Distan\u021ba ochiului: 9,9 cm<\/li>\n<li>C\u00e2mp vizual: 34,6 m &#8211; 4,3 m la 91 m<\/li>\n<li>Dimensiunea tubului: 30 mm<\/li>\n<li>Grada\u021bie de ajustare: 1\/4 MOA<\/li>\n<li>Ajustare maxim\u0103 eleva\u021bie \u0219i deriv\u0103: 145 MOA<\/li>\n<li>Greutate: 677 g<\/li>\n<\/ul>\n<h2>Reticul EBR-8:<\/h2>\n<p>Reticulul EBR-8 MOA \u00een primul plan focal, gravat pe sticl\u0103 \u0219i iluminat, permite tragerea rapid\u0103 de la distan\u021b\u0103 mic\u0103 p\u00e2n\u0103 la 548 metri cu \u00eenc\u0103rc\u0103turi populare de .223\/5.56mm \u0219i .308\/7.62mm. Acest reticul poate fi utilizat \u0219i cu alte calibre folosind marcajele BDC.<\/p>\n<h2>Durabilitate \u0219i claritate:<\/h2>\n<ul>\n<li>Construc\u021bie din aluminiu de calitate aeronautic\u0103<\/li>\n<li>Acoperire ArmorTek\u00ae rezistent\u0103 la zg\u00e2rieturi<\/li>\n<li>Lentile multi-stratificate pentru transmisia optim\u0103 a luminii<\/li>\n<li>Design rezistent la \u0219ocuri \u0219i impact<\/li>\n<\/ul>\n<h2>Caracteristici suplimentare:<\/h2>\n<ul>\n<li>Turele cu capac<\/li>\n<li>25 MOA de ajustare per rota\u021bie<\/li>\n<li>Setare paralax\u0103: 114 m<\/li>\n<li>Manet\u0103 inclus\u0103 pentru ajust\u0103ri rapide ale m\u0103ririi<\/li>\n<\/ul>\n<p>Vortex Strike Eagle\u00ae 1-8&#215;24 FFP este o lunet\u0103 versatil\u0103 \u0219i performant\u0103. Este potrivit\u0103 pentru trageri la distan\u021be mici \u0219i mari, oferind precizie \u0219i fiabilitate \u00een diverse scenarii de tragere.<\/p>\n<\/div>\n","protected":false},"excerpt":{"rendered":"<p>Lunet\u0103 versatil\u0103 1-8&#215;24 FFP cu reticul EBR-8. Sistem optic robust \u0219i de \u00eenalt\u0103 performan\u021b\u0103 pentru trageri tactice.<\/p>\n","protected":false},"featured_media":249212,"template":"","meta":{"_acf_changed":false},"product_brand":[11969],"product_cat":[12746,12759],"product_tag":[],"class_list":{"0":"post-277941","1":"product","2":"type-product","3":"status-publish","4":"has-post-thumbnail","6":"product_brand-vortex","7":"product_cat-ochire","8":"product_cat-optici-cu-magnificare","10":"first","11":"outofstock","12":"taxable","13":"shipping-taxable","14":"purchasable","15":"product-type-simple"},"acf":[],"_links":{"self":[{"href":"https:\/\/nbg.eu\/ro\/wp-json\/wp\/v2\/product\/277941","targetHints":{"allow":["GET"]}}],"collection":[{"href":"https:\/\/nbg.eu\/ro\/wp-json\/wp\/v2\/product"}],"about":[{"href":"https:\/\/nbg.eu\/ro\/wp-json\/wp\/v2\/types\/product"}],"wp:featuredmedia":[{"embeddable":true,"href":"https:\/\/nbg.eu\/ro\/wp-json\/wp\/v2\/media\/249212"}],"wp:attachment":[{"href":"https:\/\/nbg.eu\/ro\/wp-json\/wp\/v2\/media?parent=277941"}],"wp:term":[{"taxonomy":"product_brand","embeddable":true,"href":"https:\/\/nbg.eu\/ro\/wp-json\/wp\/v2\/product_brand?post=277941"},{"taxonomy":"product_cat","embeddable":true,"href":"https:\/\/nbg.eu\/ro\/wp-json\/wp\/v2\/product_cat?post=277941"},{"taxonomy":"product_tag","embeddable":true,"href":"https:\/\/nbg.eu\/ro\/wp-json\/wp\/v2\/product_tag?post=277941"}],"curies":[{"name":"wp","href":"https:\/\/api.w.org\/{rel}","templated":true}]}}