{"id":278062,"date":"2025-03-07T12:56:26","date_gmt":"2025-03-07T09:56:26","guid":{"rendered":"https:\/\/nbg.eu\/product\/hornady-6mm-arc-103-gr-eld%e2%80%91x-precision-hunter\/"},"modified":"2026-01-21T11:29:58","modified_gmt":"2026-01-21T08:29:58","slug":"hornady-6mm-arc-103-gr-eld%e2%80%91x-precision-hunter","status":"publish","type":"product","link":"https:\/\/nbg.eu\/ro\/produs\/hornady-6mm-arc-103-gr-eld%e2%80%91x-precision-hunter\/","title":{"rendered":"Hornady &#8211; 6mm ARC 103 gr ELD\u2011X\u00ae Precision Hunter\u00ae"},"content":{"rendered":"<div class=\"product-description\">\n<h2>Hornady 6mm ARC 103 gr ELD\u2011X\u00ae Precision Hunter\u00ae<\/h2>\n<p>6mm ARC este proiectat pentru tr\u0103g\u0103tori. Acest cartu\u0219 ofer\u0103:<\/p>\n<ul>\n<li>Precizie \u0219i performan\u021b\u0103 la distan\u021b\u0103 mare<\/li>\n<li>Pentru v\u00e2n\u0103toare, tir de competi\u021bie \u0219i protec\u021bie personal\u0103<\/li>\n<li>Optimizat pentru platforme AR-15 \u0219i arme cu ac\u021biune scurt\u0103<\/li>\n<li>Coeficient balistic ridicat pentru performan\u021b\u0103 terminal\u0103<\/li>\n<li>Design echilibrat al cartu\u0219ului, camerei \u0219i propulsantului<\/li>\n<li>Durat\u0103 de via\u021b\u0103 bun\u0103 a \u021bevii<\/li>\n<\/ul>\n<p>6mm ARC este pentru aplica\u021bii de la ap\u0103rare personal\u0103 la v\u00e2n\u0103toare la distan\u021b\u0103 mare. Compatibil cu produc\u0103tori de arme precum Barrett, Mossberg \u0219i Wilson Combat.<\/p>\n<\/div>\n","protected":false},"excerpt":{"rendered":"<p>6mm ARC versatil pentru AR-15: Gloan\u021be eficiente, cu coeficient balistic ridicat pentru v\u00e2n\u0103toare de precizie.<\/p>\n","protected":false},"featured_media":246035,"template":"","meta":{"_acf_changed":false},"product_brand":[11465],"product_cat":[12798,12808],"product_tag":[],"class_list":{"0":"post-278062","1":"product","2":"type-product","3":"status-publish","4":"has-post-thumbnail","6":"product_brand-hornady","7":"product_cat-munitie","8":"product_cat-munitie-arma-lunga","10":"first","11":"instock","12":"taxable","13":"shipping-taxable","14":"purchasable","15":"product-type-simple"},"acf":[],"_links":{"self":[{"href":"https:\/\/nbg.eu\/ro\/wp-json\/wp\/v2\/product\/278062","targetHints":{"allow":["GET"]}}],"collection":[{"href":"https:\/\/nbg.eu\/ro\/wp-json\/wp\/v2\/product"}],"about":[{"href":"https:\/\/nbg.eu\/ro\/wp-json\/wp\/v2\/types\/product"}],"wp:featuredmedia":[{"embeddable":true,"href":"https:\/\/nbg.eu\/ro\/wp-json\/wp\/v2\/media\/246035"}],"wp:attachment":[{"href":"https:\/\/nbg.eu\/ro\/wp-json\/wp\/v2\/media?parent=278062"}],"wp:term":[{"taxonomy":"product_brand","embeddable":true,"href":"https:\/\/nbg.eu\/ro\/wp-json\/wp\/v2\/product_brand?post=278062"},{"taxonomy":"product_cat","embeddable":true,"href":"https:\/\/nbg.eu\/ro\/wp-json\/wp\/v2\/product_cat?post=278062"},{"taxonomy":"product_tag","embeddable":true,"href":"https:\/\/nbg.eu\/ro\/wp-json\/wp\/v2\/product_tag?post=278062"}],"curies":[{"name":"wp","href":"https:\/\/api.w.org\/{rel}","templated":true}]}}