{"id":284365,"date":"2025-03-06T23:15:14","date_gmt":"2025-03-06T20:15:14","guid":{"rendered":"https:\/\/nbg.eu\/product\/clawgear-ak47-gas-tube-cover\/"},"modified":"2026-05-13T15:59:38","modified_gmt":"2026-05-13T12:59:38","slug":"clawgear-ak47-gas-tube-cover","status":"publish","type":"product","link":"https:\/\/nbg.eu\/ro\/produs\/clawgear-ak47-gas-tube-cover\/","title":{"rendered":"Clawgear &#8211; AK47 Gas Tube Cover"},"content":{"rendered":"<h2>Clawgear &#8211; Capac pentru tubul de gaz AK47<\/h2>\n<p>Acest accesoriu pentru AK47 este proiectat pentru utilizare cu garda de m\u00e2n\u0103 CG Slimline. Caracteristici:<\/p>\n<ul>\n<li>\u0218in\u0103 Picatinny Mil-STD 1913 \/ Stanag 4694 \u00een partea superioar\u0103<\/li>\n<li>Fabricat din aluminiu rezistent<\/li>\n<li>Acoperire neagr\u0103 durabil\u0103 conform specifica\u021biilor militare<\/li>\n<\/ul>\n<p>Acest accesoriu are o lungime de 10 cm \u0219i o greutate de 80g.<\/p>\n<p><strong>Not\u0103:<\/strong> Acest produs este compatibil <em>doar<\/em> cu garda de m\u00e2n\u0103 Clawgear AK47 Slimline.<\/p>\n<p>Capacul pentru tubul de gaz Clawgear AK47 este un accesoriu pentru configura\u021bia dumneavoastr\u0103.<\/p>\n","protected":false},"excerpt":{"rendered":"<p>Capac durabil pentru tubul de gaz al AK47 cu \u0219in\u0103 Picatinny pentru garda de m\u00e2n\u0103 Slimline.<\/p>\n","protected":false},"featured_media":244893,"template":"","meta":{"_acf_changed":false},"product_brand":[11229],"product_cat":[12795,12797,12733,12756],"product_tag":[],"class_list":{"0":"post-284365","1":"product","2":"type-product","3":"status-publish","4":"has-post-thumbnail","6":"product_brand-clawgear","7":"product_cat-arma-lunga","8":"product_cat-tuburi-gaz","9":"product_cat-tuning-ak","10":"product_cat-tuning-pusca","12":"first","13":"instock","14":"taxable","15":"shipping-taxable","16":"purchasable","17":"product-type-simple"},"acf":[],"_links":{"self":[{"href":"https:\/\/nbg.eu\/ro\/wp-json\/wp\/v2\/product\/284365","targetHints":{"allow":["GET"]}}],"collection":[{"href":"https:\/\/nbg.eu\/ro\/wp-json\/wp\/v2\/product"}],"about":[{"href":"https:\/\/nbg.eu\/ro\/wp-json\/wp\/v2\/types\/product"}],"wp:featuredmedia":[{"embeddable":true,"href":"https:\/\/nbg.eu\/ro\/wp-json\/wp\/v2\/media\/244893"}],"wp:attachment":[{"href":"https:\/\/nbg.eu\/ro\/wp-json\/wp\/v2\/media?parent=284365"}],"wp:term":[{"taxonomy":"product_brand","embeddable":true,"href":"https:\/\/nbg.eu\/ro\/wp-json\/wp\/v2\/product_brand?post=284365"},{"taxonomy":"product_cat","embeddable":true,"href":"https:\/\/nbg.eu\/ro\/wp-json\/wp\/v2\/product_cat?post=284365"},{"taxonomy":"product_tag","embeddable":true,"href":"https:\/\/nbg.eu\/ro\/wp-json\/wp\/v2\/product_tag?post=284365"}],"curies":[{"name":"wp","href":"https:\/\/api.w.org\/{rel}","templated":true}]}}