{"id":284930,"date":"2024-01-30T18:08:20","date_gmt":"2024-01-30T18:08:20","guid":{"rendered":"https:\/\/nbg.eu\/product\/area-419-mini-pad-the-gripchanger\/"},"modified":"2026-01-21T12:04:24","modified_gmt":"2026-01-21T09:04:24","slug":"area-419-mini-pad-the-gripchanger","status":"publish","type":"product","link":"https:\/\/nbg.eu\/ro\/produs\/area-419-mini-pad-the-gripchanger\/","title":{"rendered":"Area 419 &#8211; Mini Pad, The GripChanger"},"content":{"rendered":"<div class=\"product-description\">\n<h2>Area 419 &#8211; Mini Pad, GripChanger<\/h2>\n<p>GripChanger este o ad\u0103ugare la linia noastr\u0103 RailChanger. Aceast\u0103 geant\u0103 compact\u0103 \u0219i dens\u0103 este o solu\u021bie pentru construirea rapid\u0103 a pozi\u021biilor sau utilizarea \u00een deschideri mici.<\/p>\n<h3>Caracteristici:<\/h3>\n<ul>\n<li>C\u00e2nt\u0103re\u0219te aproximativ 1 lb<\/li>\n<li>Se fixeaz\u0103 pe orice suprafa\u021b\u0103<\/li>\n<li>Ofer\u0103 o platform\u0103 stabil\u0103 pentru configur\u0103ri rapide<\/li>\n<\/ul>\n<h3>Kitul include:<\/h3>\n<ul>\n<li>1 Geant\u0103 GripChanger Area 419<\/li>\n<li>1 Clem\u0103 ARCALOCK<\/li>\n<li>1 Bra\u021b Rail Changer Area 419<\/li>\n<\/ul>\n<h3>Specifica\u021bii:<\/h3>\n<ul>\n<li>Greutate: 1 lb<\/li>\n<li>Dimensiuni: 10 \u00d7 3 \u00d7 2 in<\/li>\n<li>Produc\u0103tor: Armageddon Gear<\/li>\n<\/ul>\n<\/div>\n","protected":false},"excerpt":{"rendered":"<p>&#8220;Sac compact \u0219i aderent de 0,45 kg pentru pozi\u021bii de tragere rapide \u0219i stabile. Include clem\u0103 \u0219i bra\u021b.&#8221;<\/p>\n","protected":false},"featured_media":233575,"template":"","meta":{"_acf_changed":false},"product_brand":[11049],"product_cat":[12795],"product_tag":[],"class_list":{"0":"post-284930","1":"product","2":"type-product","3":"status-publish","4":"has-post-thumbnail","6":"product_brand-area-419","7":"product_cat-arma-lunga","9":"first","10":"instock","11":"taxable","12":"shipping-taxable","13":"purchasable","14":"product-type-simple"},"acf":[],"_links":{"self":[{"href":"https:\/\/nbg.eu\/ro\/wp-json\/wp\/v2\/product\/284930","targetHints":{"allow":["GET"]}}],"collection":[{"href":"https:\/\/nbg.eu\/ro\/wp-json\/wp\/v2\/product"}],"about":[{"href":"https:\/\/nbg.eu\/ro\/wp-json\/wp\/v2\/types\/product"}],"wp:featuredmedia":[{"embeddable":true,"href":"https:\/\/nbg.eu\/ro\/wp-json\/wp\/v2\/media\/233575"}],"wp:attachment":[{"href":"https:\/\/nbg.eu\/ro\/wp-json\/wp\/v2\/media?parent=284930"}],"wp:term":[{"taxonomy":"product_brand","embeddable":true,"href":"https:\/\/nbg.eu\/ro\/wp-json\/wp\/v2\/product_brand?post=284930"},{"taxonomy":"product_cat","embeddable":true,"href":"https:\/\/nbg.eu\/ro\/wp-json\/wp\/v2\/product_cat?post=284930"},{"taxonomy":"product_tag","embeddable":true,"href":"https:\/\/nbg.eu\/ro\/wp-json\/wp\/v2\/product_tag?post=284930"}],"curies":[{"name":"wp","href":"https:\/\/api.w.org\/{rel}","templated":true}]}}