{"id":411892,"date":"2025-05-14T22:52:06","date_gmt":"2025-05-14T19:52:06","guid":{"rendered":"https:\/\/nbg.eu\/product\/grips-kmr-w-dotmatrix-ergo-orange\/"},"modified":"2026-01-21T11:54:58","modified_gmt":"2026-01-21T08:54:58","slug":"grips-kmr-w-dotmatrix-ergo-orange","status":"publish","type":"product","link":"https:\/\/nbg.eu\/ro\/produs\/grips-kmr-w-dotmatrix-ergo-orange\/","title":{"rendered":"GRIPS KMR W DOTMATRIX ERGO ORANGE"},"content":{"rendered":"<div class=\"product-description\">\n<h2>M\u00c2NERE KMR W DOTMATRIX ERGO PORTOCALII<\/h2>\n<p>M\u00e2nere din duraluminiu pentru pistolul KMR, cu model texturat pentru o prindere mai bun\u0103. Compatibile cu modelele KMR W-02 CUDA (p\u00e2n\u0103 \u00een 2023), UMBRA \u0219i UMBRA (OR).<\/p>\n<p><strong>Referin\u021b\u0103:<\/strong> 0611-03305-0101<\/p>\n<\/div>\n","protected":false},"excerpt":{"rendered":"<p>M\u00e2nere ergonomice portocalii cu model punctat pentru pistoale KMR.<\/p>\n","protected":false},"featured_media":359389,"template":"","meta":{"_acf_changed":false},"product_brand":[11498],"product_cat":[12745,14872],"product_tag":[],"class_list":{"0":"post-411892","1":"product","2":"type-product","3":"status-publish","4":"has-post-thumbnail","6":"product_brand-kmr-precision","7":"product_cat-piese-kmr","8":"product_cat-pistol-grips-ro","10":"first","11":"outofstock","12":"taxable","13":"shipping-taxable","14":"purchasable","15":"product-type-simple"},"acf":[],"_links":{"self":[{"href":"https:\/\/nbg.eu\/ro\/wp-json\/wp\/v2\/product\/411892","targetHints":{"allow":["GET"]}}],"collection":[{"href":"https:\/\/nbg.eu\/ro\/wp-json\/wp\/v2\/product"}],"about":[{"href":"https:\/\/nbg.eu\/ro\/wp-json\/wp\/v2\/types\/product"}],"wp:featuredmedia":[{"embeddable":true,"href":"https:\/\/nbg.eu\/ro\/wp-json\/wp\/v2\/media\/359389"}],"wp:attachment":[{"href":"https:\/\/nbg.eu\/ro\/wp-json\/wp\/v2\/media?parent=411892"}],"wp:term":[{"taxonomy":"product_brand","embeddable":true,"href":"https:\/\/nbg.eu\/ro\/wp-json\/wp\/v2\/product_brand?post=411892"},{"taxonomy":"product_cat","embeddable":true,"href":"https:\/\/nbg.eu\/ro\/wp-json\/wp\/v2\/product_cat?post=411892"},{"taxonomy":"product_tag","embeddable":true,"href":"https:\/\/nbg.eu\/ro\/wp-json\/wp\/v2\/product_tag?post=411892"}],"curies":[{"name":"wp","href":"https:\/\/api.w.org\/{rel}","templated":true}]}}