{"id":44372,"date":"2024-08-18T19:23:04","date_gmt":"2024-08-18T19:23:04","guid":{"rendered":"https:\/\/nbg.eu\/product\/d%d0%b0%d0%b0-ratchet-inner-belt\/"},"modified":"2026-01-21T12:22:19","modified_gmt":"2026-01-21T09:22:19","slug":"daa-ratchet-inner-belt","status":"publish","type":"product","link":"https:\/\/nbg.eu\/ro\/produs\/daa-ratchet-inner-belt\/","title":{"rendered":"D\u0410\u0410 Ratchet Inner Belt"},"content":{"rendered":"<h2>Centur\u0103 Interioar\u0103 DAA cu Mecanism de Reglare<\/h2>\n<p>Experimenta\u021bi un confort f\u0103r\u0103 egal cu inovatoarea Centur\u0103 Interioar\u0103 DAA cu Mecanism de Reglare. Prezent\u00e2nd o sec\u021biune unic\u0103 pliabil\u0103 conceput\u0103 pentru a sta sub mecanismul de reglare, aceast\u0103 centur\u0103 elimin\u0103 punctele de presiune inconfortabile \u00een timp ce str\u00e2nge\u021bi \u0219i scurta\u021bi centura exterioar\u0103.<\/p>\n<ul>\n<li>Sec\u021biune pliabil\u0103 f\u0103r\u0103 miez de plastic sau Velcro pentru o pliere u\u0219oar\u0103<\/li>\n<li>Capete ascu\u021bite pentru o \u00eenfilare f\u0103r\u0103 efort prin buclele pantalonilor<\/li>\n<li>Confort superior \u00een compara\u021bie cu centurile interioare tradi\u021bionale<\/li>\n<li>Fabricat\u0103 cu acelea\u0219i materiale de \u00eenalt\u0103 calitate ca \u0219i centurile interioare DAA standard<\/li>\n<\/ul>\n<p>Spune\u021bi adio disconfortului cauzat de materialele dure care nu se pliaz\u0103 u\u0219or. Centura Interioar\u0103 DAA cu Mecanism de Reglare asigur\u0103 o potrivire perfect\u0103 f\u0103r\u0103 a compromite confortul, f\u0103c\u00e2nd-o alegerea perfect\u0103 pentru utilizatorii exigen\u021bi care cer ce e mai bun \u00een tehnologia centurilor.<\/p>\n","protected":false},"excerpt":{"rendered":"<p>Curea interioar\u0103 confortabil\u0103 cu sec\u021biune pliabil\u0103 pentru catarame cu clichet.<\/p>\n","protected":false},"featured_media":29063,"template":"","meta":{"_acf_changed":false},"product_brand":[11281],"product_cat":[12729,12803],"product_tag":[],"class_list":{"0":"post-44372","1":"product","2":"type-product","3":"status-publish","4":"has-post-thumbnail","6":"product_brand-doublealpha","7":"product_cat-curele-sport","8":"product_cat-echipament","10":"first","11":"instock","12":"taxable","13":"shipping-taxable","14":"purchasable","15":"product-type-variable","16":"wvs-archive-product-wrapper"},"acf":[],"_links":{"self":[{"href":"https:\/\/nbg.eu\/ro\/wp-json\/wp\/v2\/product\/44372","targetHints":{"allow":["GET"]}}],"collection":[{"href":"https:\/\/nbg.eu\/ro\/wp-json\/wp\/v2\/product"}],"about":[{"href":"https:\/\/nbg.eu\/ro\/wp-json\/wp\/v2\/types\/product"}],"wp:featuredmedia":[{"embeddable":true,"href":"https:\/\/nbg.eu\/ro\/wp-json\/wp\/v2\/media\/29063"}],"wp:attachment":[{"href":"https:\/\/nbg.eu\/ro\/wp-json\/wp\/v2\/media?parent=44372"}],"wp:term":[{"taxonomy":"product_brand","embeddable":true,"href":"https:\/\/nbg.eu\/ro\/wp-json\/wp\/v2\/product_brand?post=44372"},{"taxonomy":"product_cat","embeddable":true,"href":"https:\/\/nbg.eu\/ro\/wp-json\/wp\/v2\/product_cat?post=44372"},{"taxonomy":"product_tag","embeddable":true,"href":"https:\/\/nbg.eu\/ro\/wp-json\/wp\/v2\/product_tag?post=44372"}],"curies":[{"name":"wp","href":"https:\/\/api.w.org\/{rel}","templated":true}]}}