{"id":44898,"date":"2024-08-18T09:33:06","date_gmt":"2024-08-18T09:33:06","guid":{"rendered":"https:\/\/nbg.eu\/product\/daa-hard-case-medium-300\/"},"modified":"2026-05-13T16:02:50","modified_gmt":"2026-05-13T13:02:50","slug":"daa-hard-case-medium-300","status":"publish","type":"product","link":"https:\/\/nbg.eu\/ro\/produs\/daa-hard-case-medium-300\/","title":{"rendered":"Daa Hard Case Medium &#8211; 300"},"content":{"rendered":"<div class=\"product-description\">\n<h2>Cutie Rigid\u0103 DAA Medium &#8211; 300<\/h2>\n<p>Cutia Rigid\u0103 DAA Medium-300, certificat\u0103 IP67, ofer\u0103 o protec\u021bie f\u0103r\u0103 egal pentru armele de foc \u0219i echipamentele valoroase. Proiectat\u0103 pentru durabilitate \u0219i fiabilitate, aceast\u0103 cutie este perfect\u0103 pentru diverse aplica\u021bii, inclusiv marin\u0103, fotografie, v\u00e2n\u0103toare \u0219i altele.<\/p>\n<h3>Caracteristici cheie:<\/h3>\n<ul>\n<li>Etan\u0219are impermeabil\u0103 \u0219i supap\u0103 automat\u0103 de eliberare a presiunii<\/li>\n<li>\u00cencuietori cu dubl\u0103 ac\u021bionare \u0219i g\u0103uri pentru lac\u0103t pentru securitate<\/li>\n<li>Sistem de interblocare pentru stivuire<\/li>\n<li>Interior din spum\u0103 Pick N Pluck pentru protec\u021bie personalizat\u0103<\/li>\n<li>Disponibil \u00een Negru sau Portocaliu<\/li>\n<\/ul>\n<h3>Specifica\u021bii:<\/h3>\n<ul>\n<li>Dimensiuni externe: 336 x 300 x 148 mm<\/li>\n<li>Dimensiuni interne: 300 x 225 x 132 mm<\/li>\n<li>Greutate: 1,75 kg<\/li>\n<\/ul>\n<p>Ideal\u0103 pentru transportul armelor de foc, Cutia Rigid\u0103 DAA Medium-300 asigur\u0103 c\u0103 echipamentul dvs. valoros r\u0103m\u00e2ne \u00een siguran\u021b\u0103 \u0219i securizat \u00een orice mediu.<\/p>\n<\/div>\n","protected":false},"excerpt":{"rendered":"<p>Carcas\u0103 durabil\u0103 IP67 pentru arme de foc. Impermeabil\u0103, rezistent\u0103 la praf \u0219i la impact.<\/p>\n","protected":false},"featured_media":27223,"template":"","meta":{"_acf_changed":false},"product_brand":[11281],"product_cat":[12761],"product_tag":[],"class_list":{"0":"post-44898","1":"product","2":"type-product","3":"status-publish","4":"has-post-thumbnail","6":"product_brand-doublealpha","7":"product_cat-genti-de-transport","9":"first","10":"outofstock","11":"taxable","12":"shipping-taxable","13":"purchasable","14":"product-type-simple"},"acf":[],"_links":{"self":[{"href":"https:\/\/nbg.eu\/ro\/wp-json\/wp\/v2\/product\/44898","targetHints":{"allow":["GET"]}}],"collection":[{"href":"https:\/\/nbg.eu\/ro\/wp-json\/wp\/v2\/product"}],"about":[{"href":"https:\/\/nbg.eu\/ro\/wp-json\/wp\/v2\/types\/product"}],"wp:featuredmedia":[{"embeddable":true,"href":"https:\/\/nbg.eu\/ro\/wp-json\/wp\/v2\/media\/27223"}],"wp:attachment":[{"href":"https:\/\/nbg.eu\/ro\/wp-json\/wp\/v2\/media?parent=44898"}],"wp:term":[{"taxonomy":"product_brand","embeddable":true,"href":"https:\/\/nbg.eu\/ro\/wp-json\/wp\/v2\/product_brand?post=44898"},{"taxonomy":"product_cat","embeddable":true,"href":"https:\/\/nbg.eu\/ro\/wp-json\/wp\/v2\/product_cat?post=44898"},{"taxonomy":"product_tag","embeddable":true,"href":"https:\/\/nbg.eu\/ro\/wp-json\/wp\/v2\/product_tag?post=44898"}],"curies":[{"name":"wp","href":"https:\/\/api.w.org\/{rel}","templated":true}]}}