{"id":45074,"date":"2024-08-18T12:28:37","date_gmt":"2024-08-18T09:28:37","guid":{"rendered":"https:\/\/nbg.eu\/product\/lynx-belt-steel-mini-punch-tool\/"},"modified":"2026-05-13T16:02:20","modified_gmt":"2026-05-13T13:02:20","slug":"lynx-belt-steel-mini-punch-tool","status":"publish","type":"product","link":"https:\/\/nbg.eu\/ro\/produs\/lynx-belt-steel-mini-punch-tool\/","title":{"rendered":"Lynx Belt: Steel Mini Punch Tool"},"content":{"rendered":"<p>Unealta de Perforare Mini din O\u021bel Lynx Belt este un perforator compact din o\u021bel, personalizat, conceput pentru \u00eendep\u0103rtarea rapid\u0103 \u0219i u\u0219oar\u0103 a pinilor cilindrici. Perfect pentru ajustarea zalelor curelei, acest instrument u\u0219or are o lungime de 70mm, cu un diametru al capului de 6mm \u0219i un diametru al tijei de 2,5mm. Ideal pentru trusa de scule din geanta dumneavoastr\u0103 de poligon.<\/p>\n","protected":false},"excerpt":{"rendered":"<p>Instrument compact din o\u021bel pentru ajust\u0103ri rapide \u0219i u\u0219oare ale verigilor de curea.<\/p>\n","protected":false},"featured_media":26717,"template":"","meta":{"_acf_changed":false},"product_brand":[11281],"product_cat":[12729],"product_tag":[],"class_list":{"0":"post-45074","1":"product","2":"type-product","3":"status-publish","4":"has-post-thumbnail","6":"product_brand-doublealpha","7":"product_cat-curele-sport","9":"first","10":"outofstock","11":"taxable","12":"shipping-taxable","13":"purchasable","14":"product-type-simple"},"acf":[],"_links":{"self":[{"href":"https:\/\/nbg.eu\/ro\/wp-json\/wp\/v2\/product\/45074","targetHints":{"allow":["GET"]}}],"collection":[{"href":"https:\/\/nbg.eu\/ro\/wp-json\/wp\/v2\/product"}],"about":[{"href":"https:\/\/nbg.eu\/ro\/wp-json\/wp\/v2\/types\/product"}],"wp:featuredmedia":[{"embeddable":true,"href":"https:\/\/nbg.eu\/ro\/wp-json\/wp\/v2\/media\/26717"}],"wp:attachment":[{"href":"https:\/\/nbg.eu\/ro\/wp-json\/wp\/v2\/media?parent=45074"}],"wp:term":[{"taxonomy":"product_brand","embeddable":true,"href":"https:\/\/nbg.eu\/ro\/wp-json\/wp\/v2\/product_brand?post=45074"},{"taxonomy":"product_cat","embeddable":true,"href":"https:\/\/nbg.eu\/ro\/wp-json\/wp\/v2\/product_cat?post=45074"},{"taxonomy":"product_tag","embeddable":true,"href":"https:\/\/nbg.eu\/ro\/wp-json\/wp\/v2\/product_tag?post=45074"}],"curies":[{"name":"wp","href":"https:\/\/api.w.org\/{rel}","templated":true}]}}