{"id":45184,"date":"2024-08-18T12:26:06","date_gmt":"2024-08-18T09:26:06","guid":{"rendered":"https:\/\/nbg.eu\/product\/premium-belt-security-loop\/"},"modified":"2026-05-13T15:10:09","modified_gmt":"2026-05-13T12:10:09","slug":"premium-belt-security-loop","status":"publish","type":"product","link":"https:\/\/nbg.eu\/ro\/produs\/premium-belt-security-loop\/","title":{"rendered":"Premium Belt Security Loop"},"content":{"rendered":"<p>Asigur\u0103-\u021bi centura cu bucla de securitate DAA Premium Belt. Cauciucat\u0103 pentru confort \u0219i aderen\u021b\u0103, aceasta men\u021bine centura \u00een pozi\u021bie \u00een timpul sesiunilor intense de tragere. Se potrive\u0219te majorit\u0103\u021bii centurilor standard.<\/p>\n","protected":false},"excerpt":{"rendered":"<p>Bucl\u0103 sigur\u0103 pentru centur\u0103: Aderen\u021b\u0103 cauciucat\u0103, previne alunecarea, se potrive\u0219te centurilor standard.<\/p>\n","protected":false},"featured_media":26106,"template":"","meta":{"_acf_changed":false},"product_brand":[11281],"product_cat":[12729],"product_tag":[],"class_list":{"0":"post-45184","1":"product","2":"type-product","3":"status-publish","4":"has-post-thumbnail","6":"product_brand-doublealpha","7":"product_cat-curele-sport","9":"first","10":"outofstock","11":"taxable","12":"shipping-taxable","13":"purchasable","14":"product-type-simple"},"acf":[],"_links":{"self":[{"href":"https:\/\/nbg.eu\/ro\/wp-json\/wp\/v2\/product\/45184","targetHints":{"allow":["GET"]}}],"collection":[{"href":"https:\/\/nbg.eu\/ro\/wp-json\/wp\/v2\/product"}],"about":[{"href":"https:\/\/nbg.eu\/ro\/wp-json\/wp\/v2\/types\/product"}],"wp:featuredmedia":[{"embeddable":true,"href":"https:\/\/nbg.eu\/ro\/wp-json\/wp\/v2\/media\/26106"}],"wp:attachment":[{"href":"https:\/\/nbg.eu\/ro\/wp-json\/wp\/v2\/media?parent=45184"}],"wp:term":[{"taxonomy":"product_brand","embeddable":true,"href":"https:\/\/nbg.eu\/ro\/wp-json\/wp\/v2\/product_brand?post=45184"},{"taxonomy":"product_cat","embeddable":true,"href":"https:\/\/nbg.eu\/ro\/wp-json\/wp\/v2\/product_cat?post=45184"},{"taxonomy":"product_tag","embeddable":true,"href":"https:\/\/nbg.eu\/ro\/wp-json\/wp\/v2\/product_tag?post=45184"}],"curies":[{"name":"wp","href":"https:\/\/api.w.org\/{rel}","templated":true}]}}