{"id":45503,"date":"2024-08-16T17:52:19","date_gmt":"2024-08-16T17:52:19","guid":{"rendered":"https:\/\/nbg.eu\/product\/rhh-backpack\/"},"modified":"2026-01-21T12:01:47","modified_gmt":"2026-01-21T09:01:47","slug":"rhh-backpack","status":"publish","type":"product","link":"https:\/\/nbg.eu\/ro\/produs\/rhh-backpack\/","title":{"rendered":"RHH Backpack"},"content":{"rendered":"<div class=\"product-description\">\n<h2>Rucsac de Tir RHH<\/h2>\n<p>Proiectat de tr\u0103g\u0103tori pentru tr\u0103g\u0103tori, Rucsacul RHH este perfect pentru concursurile de mai multe zile, indiferent dac\u0103 folosi\u021bi o arm\u0103 sau dou\u0103.<\/p>\n<ul>\n<li>Buzunar principal pentru arm\u0103 cu sistem de blocare pentru acces u\u0219or<\/li>\n<li>Respect\u0103 regulile IPSC<\/li>\n<li>Panou Velcro \u0219i sistem MOLLE pentru accesorii<\/li>\n<li>Spa\u021biu amplu de depozitare cu compartimente organizate<\/li>\n<li>Buzunarul pentru \u00eenc\u0103rc\u0103toare accept\u0103 \u00eenc\u0103rc\u0103toare de 30 de cartu\u0219e cu pl\u0103ci de baz\u0103 extinse<\/li>\n<li>Curelele deta\u0219abile se dubleaz\u0103 ca geant\u0103 de tir<\/li>\n<\/ul>\n<p>Dimensiuni: 100cm x 40cm x 20cm<br \/>\n  Buzunar pentru pu\u0219c\u0103: p\u00e2n\u0103 la 95cm<br \/>\n  Greutate: 2,9 Kg<\/p>\n<p>\u00cempacheta\u021bi inteligent, trage\u021bi mai bine cu Rucsacul de Tir RHH!<\/p>\n<\/div>\n","protected":false},"excerpt":{"rendered":"<p>Rucsacul RHH: Proiectat de tr\u0103g\u0103tori, versatil, preg\u0103tit pentru curse de mai multe zile.<\/p>\n","protected":false},"featured_media":22681,"template":"","meta":{"_acf_changed":false},"product_brand":[11646],"product_cat":[12739],"product_tag":[],"class_list":{"0":"post-45503","1":"product","2":"type-product","3":"status-publish","4":"has-post-thumbnail","6":"product_brand-rh-holsters","7":"product_cat-rucsacuri","9":"first","10":"instock","11":"taxable","12":"shipping-taxable","13":"purchasable","14":"product-type-simple"},"acf":[],"_links":{"self":[{"href":"https:\/\/nbg.eu\/ro\/wp-json\/wp\/v2\/product\/45503","targetHints":{"allow":["GET"]}}],"collection":[{"href":"https:\/\/nbg.eu\/ro\/wp-json\/wp\/v2\/product"}],"about":[{"href":"https:\/\/nbg.eu\/ro\/wp-json\/wp\/v2\/types\/product"}],"wp:featuredmedia":[{"embeddable":true,"href":"https:\/\/nbg.eu\/ro\/wp-json\/wp\/v2\/media\/22681"}],"wp:attachment":[{"href":"https:\/\/nbg.eu\/ro\/wp-json\/wp\/v2\/media?parent=45503"}],"wp:term":[{"taxonomy":"product_brand","embeddable":true,"href":"https:\/\/nbg.eu\/ro\/wp-json\/wp\/v2\/product_brand?post=45503"},{"taxonomy":"product_cat","embeddable":true,"href":"https:\/\/nbg.eu\/ro\/wp-json\/wp\/v2\/product_cat?post=45503"},{"taxonomy":"product_tag","embeddable":true,"href":"https:\/\/nbg.eu\/ro\/wp-json\/wp\/v2\/product_tag?post=45503"}],"curies":[{"name":"wp","href":"https:\/\/api.w.org\/{rel}","templated":true}]}}