{"id":45839,"date":"2024-08-03T14:31:50","date_gmt":"2024-08-03T14:31:50","guid":{"rendered":"https:\/\/nbg.eu\/product\/rh-frogy-owb-holster\/"},"modified":"2026-05-13T16:43:26","modified_gmt":"2026-05-13T13:43:26","slug":"rh-frogy-owb-holster","status":"publish","type":"product","link":"https:\/\/nbg.eu\/ro\/produs\/rh-frogy-owb-holster\/","title":{"rendered":"RH Frogy OWB Holster"},"content":{"rendered":"<div class=\"product-description\">\n<h2>Toc RH Frogy OWB<\/h2>\n<p>Experimenta\u021bi un port ascuns superior cu tocul RH Frogy OWB. Conceput pentru utilizare \u00een exteriorul centurii, acest toc prezint\u0103:<\/p>\n<ul>\n<li>Construc\u021bie unic\u0103 cu caracteristic\u0103 integrat\u0103 de presiune pentru o mai bun\u0103 camuflare a armei<\/li>\n<li>Purtare confortabil\u0103 cu design de umplere a spa\u021biului sub centur\u0103 pentru o pozi\u021bionare stabil\u0103<\/li>\n<li>Kydex presat \u00een vid de 2,5 mm grosime cu nervuri pentru durabilitate \u0219i rigiditate sporite<\/li>\n<li>Margini \u0219lefuite manual pentru confort maxim<\/li>\n<li>Pozi\u021bionare \u00eenclinat\u0103 a armei pentru o camuflare \u0219i o tragere \u00eembun\u0103t\u0103\u021bite<\/li>\n<li>Prindere \u0219i \u00eenclina\u021bie ajustabile<\/li>\n<li>Compatibil cu puncte ro\u0219ii \u0219i \u021bevi\/filete prelungite<\/li>\n<\/ul>\n<p>Modelat cu precizie \u0219i fabricat dintr-o singur\u0103 bucat\u0103 de Kydex, acest toc ofer\u0103 camuflare \u0219i confort optime. Designul s\u0103u deschis permite cur\u0103\u021barea u\u0219oar\u0103 \u0219i este compatibil cu diverse modific\u0103ri ale armei.<\/p>\n<\/div>\n","protected":false},"excerpt":{"rendered":"<p>Toc RH Frogy OWB: Port ascuns, confortabil \u0219i reglabil din kydex.<\/p>\n","protected":false},"featured_media":45843,"template":"","meta":{"_acf_changed":false},"product_brand":[11646],"product_cat":[12801,12782,12768],"product_tag":[],"class_list":{"0":"post-45839","1":"product","2":"type-product","3":"status-publish","4":"has-post-thumbnail","6":"product_brand-rh-holsters","7":"product_cat-toc","8":"product_cat-toc-sport","9":"product_cat-toc-tactic","11":"first","12":"instock","13":"taxable","14":"shipping-taxable","15":"purchasable","16":"product-type-variable","17":"wvs-archive-product-wrapper"},"acf":[],"_links":{"self":[{"href":"https:\/\/nbg.eu\/ro\/wp-json\/wp\/v2\/product\/45839","targetHints":{"allow":["GET"]}}],"collection":[{"href":"https:\/\/nbg.eu\/ro\/wp-json\/wp\/v2\/product"}],"about":[{"href":"https:\/\/nbg.eu\/ro\/wp-json\/wp\/v2\/types\/product"}],"wp:featuredmedia":[{"embeddable":true,"href":"https:\/\/nbg.eu\/ro\/wp-json\/wp\/v2\/media\/45843"}],"wp:attachment":[{"href":"https:\/\/nbg.eu\/ro\/wp-json\/wp\/v2\/media?parent=45839"}],"wp:term":[{"taxonomy":"product_brand","embeddable":true,"href":"https:\/\/nbg.eu\/ro\/wp-json\/wp\/v2\/product_brand?post=45839"},{"taxonomy":"product_cat","embeddable":true,"href":"https:\/\/nbg.eu\/ro\/wp-json\/wp\/v2\/product_cat?post=45839"},{"taxonomy":"product_tag","embeddable":true,"href":"https:\/\/nbg.eu\/ro\/wp-json\/wp\/v2\/product_tag?post=45839"}],"curies":[{"name":"wp","href":"https:\/\/api.w.org\/{rel}","templated":true}]}}