{"id":46828,"date":"2024-07-30T19:41:53","date_gmt":"2024-09-12T12:04:48","guid":{"rendered":"https:\/\/nbg.eu\/product\/iosso-pistol-brush\/"},"modified":"2026-05-13T15:11:18","modified_gmt":"2026-05-13T12:11:18","slug":"iosso-pistol-brush","status":"publish","type":"product","link":"https:\/\/nbg.eu\/ro\/produs\/iosso-pistol-brush\/","title":{"rendered":"Iosso Pistol Brush"},"content":{"rendered":"<p>\nPeria pentru pistol Iosso este un instrument de cur\u0103\u021bare a \u021bevii:<\/p>\n<ul>\n<li>Fibre albastre pentru identificare u\u0219oar\u0103<\/li>\n<li>Peri mai gro\u0219i \u0219i mai rigizi permit mi\u0219carea \u00eenainte \u0219i \u00eenapoi<\/li>\n<li>De 8-10 ori mai durabil\u0103 dec\u00e2t periile tradi\u021bionale<\/li>\n<li>\u00cenf\u0103\u0219urat\u0103 str\u00e2ns cu mai multe fibre pe centimetru<\/li>\n<li>Potrivit\u0103 pentru utilizare cu solu\u021bia de cur\u0103\u021bare Iosso \u0219i solu\u021bia tripl\u0103<\/li>\n<li>\u00cendep\u0103rteaz\u0103 toate tipurile de depuneri<\/li>\n<li>Reduce timpul de cur\u0103\u021bare pentru o \u021beav\u0103 curat\u0103<\/li>\n<\/ul>\n<p>Disponibil\u0103 \u00een diferite dimensiuni pentru arme de foc. Periile albastre sunt o marc\u0103 \u00eenregistrat\u0103 a Iosso Products.<\/p>\n","protected":false},"excerpt":{"rendered":"<p>Perie de pistol durabil\u0103, de culoare albastru cobalt, pentru o cur\u0103\u021bare eficient\u0103 \u0219i temeinic\u0103 a \u021bevii.<\/p>\n","protected":false},"featured_media":107500,"template":"","meta":{"_acf_changed":false},"product_brand":[11474],"product_cat":[12737,12754],"product_tag":[],"class_list":{"0":"post-46828","1":"product","2":"type-product","3":"status-publish","4":"has-post-thumbnail","6":"product_brand-iosso","7":"product_cat-curatare-arma","8":"product_cat-perii","10":"first","11":"instock","12":"taxable","13":"shipping-taxable","14":"purchasable","15":"product-type-variable","16":"wvs-archive-product-wrapper"},"acf":[],"_links":{"self":[{"href":"https:\/\/nbg.eu\/ro\/wp-json\/wp\/v2\/product\/46828","targetHints":{"allow":["GET"]}}],"collection":[{"href":"https:\/\/nbg.eu\/ro\/wp-json\/wp\/v2\/product"}],"about":[{"href":"https:\/\/nbg.eu\/ro\/wp-json\/wp\/v2\/types\/product"}],"wp:featuredmedia":[{"embeddable":true,"href":"https:\/\/nbg.eu\/ro\/wp-json\/wp\/v2\/media\/107500"}],"wp:attachment":[{"href":"https:\/\/nbg.eu\/ro\/wp-json\/wp\/v2\/media?parent=46828"}],"wp:term":[{"taxonomy":"product_brand","embeddable":true,"href":"https:\/\/nbg.eu\/ro\/wp-json\/wp\/v2\/product_brand?post=46828"},{"taxonomy":"product_cat","embeddable":true,"href":"https:\/\/nbg.eu\/ro\/wp-json\/wp\/v2\/product_cat?post=46828"},{"taxonomy":"product_tag","embeddable":true,"href":"https:\/\/nbg.eu\/ro\/wp-json\/wp\/v2\/product_tag?post=46828"}],"curies":[{"name":"wp","href":"https:\/\/api.w.org\/{rel}","templated":true}]}}