{"id":49037,"date":"2024-07-29T18:46:44","date_gmt":"2024-07-29T18:46:44","guid":{"rendered":"https:\/\/nbg.eu\/product\/horizontal-ten-speed-single-m4-mag-pouch\/"},"modified":"2026-01-21T12:05:16","modified_gmt":"2026-01-21T09:05:16","slug":"horizontal-ten-speed-single-m4-mag-pouch","status":"publish","type":"product","link":"https:\/\/nbg.eu\/ro\/produs\/horizontal-ten-speed-single-m4-mag-pouch\/","title":{"rendered":"Horizontal Ten-Speed\u00ae Single M4 Mag Pouch"},"content":{"rendered":"<h2>Port\u00eenc\u0103rc\u0103tor orizontal Ten-Speed\u00ae pentru un \u00eenc\u0103rc\u0103tor M4<\/h2>\n<p>Port\u00eenc\u0103rc\u0103torul orizontal Ten-Speed\u00ae M4 ofer\u0103 o solu\u021bie pentru transportul muni\u021biei. Construit din elastic de calitate militar\u0103, acest port\u00eenc\u0103rc\u0103tor este proiectat pentru a se fixa pe sec\u021biunile de \u021bes\u0103tur\u0103 MOLLE neutilizate ale vestelor, pl\u0103cilor de protec\u021bie sau centurilor.<\/p>\n<ul>\n<li>Compatibil cu \u00eenc\u0103rc\u0103toare STANAG M4 de 30 de cartu\u0219e \u0219i majoritatea \u00eenc\u0103rc\u0103toarelor de 5.56<\/li>\n<li>Poate g\u0103zdui \u00eenc\u0103rc\u0103toare mai mari de SMG (UMP, CZ Scorpion, P90) \u0219i unele \u00eenc\u0103rc\u0103toare AK-74<\/li>\n<li>Op\u021biuni de depozitare: gloan\u021be \u00een sus\/jos, \u00eenainte\/\u00eenapoi<\/li>\n<li>Disponibil \u00een versiuni compatibile MOLLE Helium Whisper \u0219i montate pe centur\u0103<\/li>\n<li>Versiunea montat\u0103 pe centur\u0103 se potrive\u0219te centurilor de p\u00e2n\u0103 la 5 cm l\u0103\u021bime cu prinderi ajustabile cu arici<\/li>\n<\/ul>\n<p>Port\u00eenc\u0103rc\u0103torul orizontal Ten-Speed\u00ae pentru un \u00eenc\u0103rc\u0103tor M4 este o solu\u021bie pentru gestionarea muni\u021biei.<\/p>\n","protected":false},"excerpt":{"rendered":"<p>Toc orizontal versatil pentru \u00eenc\u0103rc\u0103toare M4\/5.56. Montare pe sistem MOLLE sau pe centur\u0103.<\/p>\n","protected":false},"featured_media":49044,"template":"","meta":{"_acf_changed":false},"product_brand":[11140],"product_cat":[12803,12793,12786],"product_tag":[],"class_list":{"0":"post-49037","1":"product","2":"type-product","3":"status-publish","4":"has-post-thumbnail","6":"product_brand-blue-force-gear","7":"product_cat-echipament","8":"product_cat-genti-tactice","9":"product_cat-suporturi-incarcatoare","11":"first","12":"instock","13":"taxable","14":"shipping-taxable","15":"purchasable","16":"product-type-simple"},"acf":[],"_links":{"self":[{"href":"https:\/\/nbg.eu\/ro\/wp-json\/wp\/v2\/product\/49037","targetHints":{"allow":["GET"]}}],"collection":[{"href":"https:\/\/nbg.eu\/ro\/wp-json\/wp\/v2\/product"}],"about":[{"href":"https:\/\/nbg.eu\/ro\/wp-json\/wp\/v2\/types\/product"}],"wp:featuredmedia":[{"embeddable":true,"href":"https:\/\/nbg.eu\/ro\/wp-json\/wp\/v2\/media\/49044"}],"wp:attachment":[{"href":"https:\/\/nbg.eu\/ro\/wp-json\/wp\/v2\/media?parent=49037"}],"wp:term":[{"taxonomy":"product_brand","embeddable":true,"href":"https:\/\/nbg.eu\/ro\/wp-json\/wp\/v2\/product_brand?post=49037"},{"taxonomy":"product_cat","embeddable":true,"href":"https:\/\/nbg.eu\/ro\/wp-json\/wp\/v2\/product_cat?post=49037"},{"taxonomy":"product_tag","embeddable":true,"href":"https:\/\/nbg.eu\/ro\/wp-json\/wp\/v2\/product_tag?post=49037"}],"curies":[{"name":"wp","href":"https:\/\/api.w.org\/{rel}","templated":true}]}}