{"id":525788,"date":"2025-08-19T20:38:50","date_gmt":"2025-08-19T17:38:50","guid":{"rendered":"https:\/\/nbg.eu\/product\/hographic-sight-eotech-exps3\/"},"modified":"2026-01-21T11:45:40","modified_gmt":"2026-01-21T08:45:40","slug":"hographic-sight-eotech-exps3","status":"publish","type":"product","link":"https:\/\/nbg.eu\/ro\/produs\/hographic-sight-eotech-exps3\/","title":{"rendered":"Hographic sight EOTECH EXPS3"},"content":{"rendered":"<div class=\"product-description\">\n<h2>EOTECH HWS EXPS3\u2122 Vizor Holografic pentru Arme<\/h2>\n<p>EOTECH HWS EXPS3\u2122 este un vizor holografic care ofer\u0103:<\/p>\n<ul>\n<li>Ochire cu ambii ochi deschi\u0219i<\/li>\n<li>Compatibilitate cu vedere nocturn\u0103 cu 10 set\u0103ri suplimentare<\/li>\n<li>Baz\u0103 deta\u0219abil\u0103 rapid\u0103 de 7mm pentru co-vizare cu vizorul de fier<\/li>\n<li>Dimensiuni: 3.8&#8243; x 2.3&#8243; x 2.9&#8243;<\/li>\n<li>Greutate: 11.2 oz<\/li>\n<li>Rezistent la ap\u0103 p\u00e2n\u0103 la 10 m ad\u00e2ncime<\/li>\n<li>20 de set\u0103ri de luminozitate pentru zi<\/li>\n<li>Durata bateriei de 1.000 de ore la setarea nominal\u0103<\/li>\n<\/ul>\n<p>Fabricat \u00een SUA, EXPS3 se monteaz\u0103 pe \u0219ine Weaver de 1&#8243; sau MIL-STD-1913 \u0219i func\u021bioneaz\u0103 la temperaturi \u00eentre -40\u00b0C \u0219i 60\u00b0C. Include ghid de pornire rapid\u0103, card de garan\u021bie \u0219i baterie CR123.<\/p>\n<\/div>\n","protected":false},"excerpt":{"rendered":"<p>Achizi\u021bie rapid\u0103 a \u021bintei, compatibil cu vedere nocturn\u0103, baz\u0103 \u00een\u0103l\u021bat\u0103 cu deta\u0219are rapid\u0103.<\/p>\n","protected":false},"featured_media":466378,"template":"","meta":{"_acf_changed":false},"product_brand":[],"product_cat":[12746,12755],"product_tag":[],"class_list":{"0":"post-525788","1":"product","2":"type-product","3":"status-publish","4":"has-post-thumbnail","6":"product_cat-ochire","7":"product_cat-puncte-rosii-pusca","9":"first","10":"outofstock","11":"taxable","12":"shipping-taxable","13":"purchasable","14":"product-type-simple"},"acf":[],"_links":{"self":[{"href":"https:\/\/nbg.eu\/ro\/wp-json\/wp\/v2\/product\/525788","targetHints":{"allow":["GET"]}}],"collection":[{"href":"https:\/\/nbg.eu\/ro\/wp-json\/wp\/v2\/product"}],"about":[{"href":"https:\/\/nbg.eu\/ro\/wp-json\/wp\/v2\/types\/product"}],"wp:featuredmedia":[{"embeddable":true,"href":"https:\/\/nbg.eu\/ro\/wp-json\/wp\/v2\/media\/466378"}],"wp:attachment":[{"href":"https:\/\/nbg.eu\/ro\/wp-json\/wp\/v2\/media?parent=525788"}],"wp:term":[{"taxonomy":"product_brand","embeddable":true,"href":"https:\/\/nbg.eu\/ro\/wp-json\/wp\/v2\/product_brand?post=525788"},{"taxonomy":"product_cat","embeddable":true,"href":"https:\/\/nbg.eu\/ro\/wp-json\/wp\/v2\/product_cat?post=525788"},{"taxonomy":"product_tag","embeddable":true,"href":"https:\/\/nbg.eu\/ro\/wp-json\/wp\/v2\/product_tag?post=525788"}],"curies":[{"name":"wp","href":"https:\/\/api.w.org\/{rel}","templated":true}]}}