{"id":526437,"date":"2025-08-20T17:48:48","date_gmt":"2025-08-20T14:48:48","guid":{"rendered":"https:\/\/nbg.eu\/product\/recoil-spring-ismi-15-lb-spring-for-glock-17-gl15\/"},"modified":"2026-01-21T11:39:14","modified_gmt":"2026-01-21T08:39:14","slug":"recoil-spring-ismi-15-lb-spring-for-glock-17-gl15","status":"publish","type":"product","link":"https:\/\/nbg.eu\/ro\/produs\/recoil-spring-ismi-15-lb-spring-for-glock-17-gl15\/","title":{"rendered":"Recoil spring ISMI 15 lb. Spring for Glock 17 (GL15)"},"content":{"rendered":"<div class=\"product-description\">\n<h2>Arc de recul cu fir plat ISMI 15 lb pentru Glock 17 (GL15)<\/h2>\n<p>Arc de recul ISMI pentru Glock 17. Acest arc cu fir plat de 15 lb este fabricat din aliaj de crom vanadiu, proiectat pentru a se potrivi tijei de ghidare din fabric\u0103 de .250&#8243; sau mai pu\u021bin.<\/p>\n<ul>\n<li>Proiectat CAD \u0219i construit conform specifica\u021biilor aerospa\u021biale<\/li>\n<li>Tratat termic, sablat \u0219i complet detensionat<\/li>\n<li>Asigur\u0103 performan\u021b\u0103 constant\u0103 \u0219i fiabil\u0103<\/li>\n<li>Compatibil cu Glock 17, 17L, 20, 21, 22, 24, 31, 35<\/li>\n<li>Fabricat \u00een SUA<\/li>\n<\/ul>\n<p>Arc de recul ISMI pentru Glock pentru fiabilitate \u0219i performan\u021b\u0103 \u00eembun\u0103t\u0103\u021bite la poligon.<\/p>\n<\/div>\n","protected":false},"excerpt":{"rendered":"<p>Arc plat de recul de precizie de 15 livre pentru Glock 17. Fabricat \u00een SUA, \u00eembun\u0103t\u0103\u021be\u0219te performan\u021ba.<\/p>\n","protected":false},"featured_media":470580,"template":"","meta":{"_acf_changed":false},"product_brand":[11419],"product_cat":[12763,12745],"product_tag":[],"class_list":{"0":"post-526437","1":"product","2":"type-product","3":"status-publish","4":"has-post-thumbnail","6":"product_brand-glock","7":"product_cat-arcuri","8":"product_cat-piese-kmr","10":"first","11":"outofstock","12":"taxable","13":"shipping-taxable","14":"purchasable","15":"product-type-simple"},"acf":[],"_links":{"self":[{"href":"https:\/\/nbg.eu\/ro\/wp-json\/wp\/v2\/product\/526437","targetHints":{"allow":["GET"]}}],"collection":[{"href":"https:\/\/nbg.eu\/ro\/wp-json\/wp\/v2\/product"}],"about":[{"href":"https:\/\/nbg.eu\/ro\/wp-json\/wp\/v2\/types\/product"}],"wp:featuredmedia":[{"embeddable":true,"href":"https:\/\/nbg.eu\/ro\/wp-json\/wp\/v2\/media\/470580"}],"wp:attachment":[{"href":"https:\/\/nbg.eu\/ro\/wp-json\/wp\/v2\/media?parent=526437"}],"wp:term":[{"taxonomy":"product_brand","embeddable":true,"href":"https:\/\/nbg.eu\/ro\/wp-json\/wp\/v2\/product_brand?post=526437"},{"taxonomy":"product_cat","embeddable":true,"href":"https:\/\/nbg.eu\/ro\/wp-json\/wp\/v2\/product_cat?post=526437"},{"taxonomy":"product_tag","embeddable":true,"href":"https:\/\/nbg.eu\/ro\/wp-json\/wp\/v2\/product_tag?post=526437"}],"curies":[{"name":"wp","href":"https:\/\/api.w.org\/{rel}","templated":true}]}}