{"id":52646,"date":"2024-03-12T18:05:32","date_gmt":"2024-09-13T11:33:32","guid":{"rendered":"https:\/\/nbg.eu\/product\/bore-tech-x-count-patches-multiple-sizes\/"},"modified":"2026-05-13T17:05:23","modified_gmt":"2026-05-13T14:05:23","slug":"bore-tech-x-count-patches-multiple-sizes","status":"publish","type":"product","link":"https:\/\/nbg.eu\/ro\/produs\/bore-tech-x-count-patches-multiple-sizes\/","title":{"rendered":"Bore Tech X-Count Patches (Multiple Sizes)"},"content":{"rendered":"<p>P\u0103tur\u0103 de cur\u0103\u021bare Bore Tech X-Count\u2122: Caracteristici:<\/p>\n<ul>\n<li>Flanel 100% bumbac<\/li>\n<li>Material cu dou\u0103 fe\u021be, care nu se de\u0219ir\u0103<\/li>\n<li>Capacitate de cur\u0103\u021bare eficient\u0103<\/li>\n<li>Absorb\u021bie bun\u0103 a solven\u021bilor<\/li>\n<li>Fabricat \u00een America<\/li>\n<li>Potrivit pentru diverse tipuri de arme \u0219i calibre<\/li>\n<li>Ambalat \u00een pachet resigilabil, cu ag\u0103\u021b\u0103toare<\/li>\n<\/ul>\n","protected":false},"excerpt":{"rendered":"<p>Petice premium din bumbac pentru cur\u0103\u021barea armelor, diverse dimensiuni. Fabricate \u00een SUA.<\/p>\n","protected":false},"featured_media":52647,"template":"","meta":{"_acf_changed":false},"product_brand":[11164],"product_cat":[12737,12736],"product_tag":[],"class_list":{"0":"post-52646","1":"product","2":"type-product","3":"status-publish","4":"has-post-thumbnail","6":"product_brand-boretech","7":"product_cat-curatare-arma","8":"product_cat-petice","10":"first","11":"instock","12":"taxable","13":"shipping-taxable","14":"purchasable","15":"product-type-variable","16":"wvs-archive-product-wrapper"},"acf":[],"_links":{"self":[{"href":"https:\/\/nbg.eu\/ro\/wp-json\/wp\/v2\/product\/52646","targetHints":{"allow":["GET"]}}],"collection":[{"href":"https:\/\/nbg.eu\/ro\/wp-json\/wp\/v2\/product"}],"about":[{"href":"https:\/\/nbg.eu\/ro\/wp-json\/wp\/v2\/types\/product"}],"wp:featuredmedia":[{"embeddable":true,"href":"https:\/\/nbg.eu\/ro\/wp-json\/wp\/v2\/media\/52647"}],"wp:attachment":[{"href":"https:\/\/nbg.eu\/ro\/wp-json\/wp\/v2\/media?parent=52646"}],"wp:term":[{"taxonomy":"product_brand","embeddable":true,"href":"https:\/\/nbg.eu\/ro\/wp-json\/wp\/v2\/product_brand?post=52646"},{"taxonomy":"product_cat","embeddable":true,"href":"https:\/\/nbg.eu\/ro\/wp-json\/wp\/v2\/product_cat?post=52646"},{"taxonomy":"product_tag","embeddable":true,"href":"https:\/\/nbg.eu\/ro\/wp-json\/wp\/v2\/product_tag?post=52646"}],"curies":[{"name":"wp","href":"https:\/\/api.w.org\/{rel}","templated":true}]}}