{"id":527211,"date":"2025-09-02T20:11:34","date_gmt":"2025-09-02T17:11:34","guid":{"rendered":"https:\/\/nbg.eu\/product\/ftcs-enlarged-magazine-catch-ak-platform-graphite-black-h-146-nr-29\/"},"modified":"2026-01-21T12:01:50","modified_gmt":"2026-01-21T09:01:50","slug":"ftcs-enlarged-magazine-catch-ak-platform-graphite-black-h-146-nr-29","status":"publish","type":"product","link":"https:\/\/nbg.eu\/ro\/produs\/ftcs-enlarged-magazine-catch-ak-platform-graphite-black-h-146-nr-29\/","title":{"rendered":"FTCS &#8211; Enlarged Magazine Catch &#8211; AK Platform &#8211; Graphite Black H-146 &#8211; Nr. 29"},"content":{"rendered":"<div class=\"product-description\">\n<h1>FTCS &#8211; Buton extins pentru eliberarea \u00eenc\u0103rc\u0103torului &#8211; Platform\u0103 AK<\/h1>\n<h2>Negru Grafit H-146 &#8211; Nr. 29<\/h2>\n<p>Buton extins pentru eliberarea \u00eenc\u0103rc\u0103torului de la FTCS pentru carabine pe platform\u0103 AK. Conceput pentru a facilita scoaterea \u00eenc\u0103rc\u0103torului.<\/p>\n<ul>\n<li>Compatibil cu majoritatea armelor AK\/AKM\/AK-74<\/li>\n<li>Fabricat din o\u021bel cu acoperire Cerakote<\/li>\n<li>Culoare Negru Grafit H-146<\/li>\n<li>Suprafa\u021b\u0103 striat\u0103 pentru o prindere mai bun\u0103<\/li>\n<li>Dimensiuni: 51 x 16 x 14 mm<\/li>\n<li>Greutate: 20 g<\/li>\n<\/ul>\n<p>Acest buton extins permite eliberarea \u00eenc\u0103rc\u0103torului folosind degetul mare sau un al doilea \u00eenc\u0103rc\u0103tor. Finisajul Cerakote asigur\u0103 durabilitate.<\/p>\n<\/div>\n","protected":false},"excerpt":{"rendered":"<p>Buton m\u0103rit pentru eliberarea \u00eenc\u0103rc\u0103torului AK. Eliberare u\u0219oar\u0103. O\u021bel, acoperit cu Cerakote. Negru grafit.<\/p>\n","protected":false},"featured_media":0,"template":"","meta":{"_acf_changed":false},"product_brand":[],"product_cat":[12811],"product_tag":[],"class_list":{"0":"post-527211","1":"product","2":"type-product","3":"status-publish","5":"product_cat-necategorizat","7":"first","8":"instock","9":"taxable","10":"shipping-taxable","11":"purchasable","12":"product-type-simple"},"acf":[],"_links":{"self":[{"href":"https:\/\/nbg.eu\/ro\/wp-json\/wp\/v2\/product\/527211","targetHints":{"allow":["GET"]}}],"collection":[{"href":"https:\/\/nbg.eu\/ro\/wp-json\/wp\/v2\/product"}],"about":[{"href":"https:\/\/nbg.eu\/ro\/wp-json\/wp\/v2\/types\/product"}],"wp:attachment":[{"href":"https:\/\/nbg.eu\/ro\/wp-json\/wp\/v2\/media?parent=527211"}],"wp:term":[{"taxonomy":"product_brand","embeddable":true,"href":"https:\/\/nbg.eu\/ro\/wp-json\/wp\/v2\/product_brand?post=527211"},{"taxonomy":"product_cat","embeddable":true,"href":"https:\/\/nbg.eu\/ro\/wp-json\/wp\/v2\/product_cat?post=527211"},{"taxonomy":"product_tag","embeddable":true,"href":"https:\/\/nbg.eu\/ro\/wp-json\/wp\/v2\/product_tag?post=527211"}],"curies":[{"name":"wp","href":"https:\/\/api.w.org\/{rel}","templated":true}]}}