{"id":527528,"date":"2025-09-02T20:13:23","date_gmt":"2025-09-02T17:13:23","guid":{"rendered":"https:\/\/nbg.eu\/product\/general-nano-protection-super-nano-grease-synthetic-761034\/"},"modified":"2026-01-21T11:44:39","modified_gmt":"2026-01-21T08:44:39","slug":"general-nano-protection-super-nano-grease-synthetic-761034","status":"publish","type":"product","link":"https:\/\/nbg.eu\/ro\/produs\/general-nano-protection-super-nano-grease-synthetic-761034\/","title":{"rendered":"General Nano Protection &#8211; Super Nano Grease &#8211; Synthetic &#8211; 761034"},"content":{"rendered":"<h1>General Nano Protection &#8211; Unsoare Nano &#8211; Sintetic\u0103 &#8211; 761034<\/h1>\n<p>Ulei sintetic pentru \u00eentre\u021binerea armelor de foc. Aceast\u0103 sticl\u0103 de 200ml de unsoare Nano ofer\u0103 protec\u021bie \u0219i performan\u021b\u0103 pentru arma dumneavoastr\u0103.<\/p>\n<ul>\n<li>Cur\u0103\u021b\u0103 praf de praf, carbon \u0219i gr\u0103sime<\/li>\n<li>\u00cendep\u0103rteaz\u0103 umezeala \u0219i protejeaz\u0103 \u00eempotriva coroziunii<\/li>\n<li>Reduce fric\u021biunea \u0219i uzura pe diferite materiale<\/li>\n<li>Prelunge\u0219te durata de via\u021b\u0103 a armei<\/li>\n<li>Tehnologie cu nanoparticule pentru penetrare<\/li>\n<li>Acoperire hidrofob\u0103 respinge apa<\/li>\n<li>Rezistent la temperaturi de la -60\u00b0C p\u00e2n\u0103 la +250\u00b0C<\/li>\n<li>Sigur pentru utilizare pe metal, lemn, vopsea, cauciuc \u0219i plastic<\/li>\n<\/ul>\n<p>Pentru utilizare pe tije de operare, capace de \u021beav\u0103, pini de came \u0219i alte p\u0103r\u021bi mobile. General Nano Protection.<\/p>\n","protected":false},"excerpt":{"rendered":"<p>Ulei avansat de arm\u0103 nano: cur\u0103\u021b\u0103, lubrifiaz\u0103 \u0219i protejeaz\u0103 armele de foc.<\/p>\n","protected":false},"featured_media":490527,"template":"","meta":{"_acf_changed":false},"product_brand":[],"product_cat":[12811],"product_tag":[],"class_list":{"0":"post-527528","1":"product","2":"type-product","3":"status-publish","4":"has-post-thumbnail","6":"product_cat-necategorizat","8":"first","9":"instock","10":"taxable","11":"shipping-taxable","12":"purchasable","13":"product-type-simple"},"acf":[],"_links":{"self":[{"href":"https:\/\/nbg.eu\/ro\/wp-json\/wp\/v2\/product\/527528","targetHints":{"allow":["GET"]}}],"collection":[{"href":"https:\/\/nbg.eu\/ro\/wp-json\/wp\/v2\/product"}],"about":[{"href":"https:\/\/nbg.eu\/ro\/wp-json\/wp\/v2\/types\/product"}],"wp:featuredmedia":[{"embeddable":true,"href":"https:\/\/nbg.eu\/ro\/wp-json\/wp\/v2\/media\/490527"}],"wp:attachment":[{"href":"https:\/\/nbg.eu\/ro\/wp-json\/wp\/v2\/media?parent=527528"}],"wp:term":[{"taxonomy":"product_brand","embeddable":true,"href":"https:\/\/nbg.eu\/ro\/wp-json\/wp\/v2\/product_brand?post=527528"},{"taxonomy":"product_cat","embeddable":true,"href":"https:\/\/nbg.eu\/ro\/wp-json\/wp\/v2\/product_cat?post=527528"},{"taxonomy":"product_tag","embeddable":true,"href":"https:\/\/nbg.eu\/ro\/wp-json\/wp\/v2\/product_tag?post=527528"}],"curies":[{"name":"wp","href":"https:\/\/api.w.org\/{rel}","templated":true}]}}