{"id":529316,"date":"2025-09-02T20:21:32","date_gmt":"2025-09-02T17:21:32","guid":{"rendered":"https:\/\/nbg.eu\/product\/magpul-gl-enhanced-magazine-well-for-glock-19-gen-4-mag950\/"},"modified":"2026-01-21T11:43:14","modified_gmt":"2026-01-21T08:43:14","slug":"magpul-gl-enhanced-magazine-well-for-glock-19-gen-4-mag950","status":"publish","type":"product","link":"https:\/\/nbg.eu\/ro\/produs\/magpul-gl-enhanced-magazine-well-for-glock-19-gen-4-mag950\/","title":{"rendered":"Magpul &#8211; GL Enhanced Magazine Well for GLOCK\u00ae 19 GEN 4 &#8211; MAG950"},"content":{"rendered":"<h2>Magpul GL Magazie Well \u00eembun\u0103t\u0103\u021bit pentru GLOCK\u00ae 19 Gen4 &#8211; MAG950<\/h2>\n<p>\u00cembun\u0103t\u0103\u021bi\u021bi performan\u021ba GLOCK 19 Gen4 cu magazie well-ul Magpul. Conceput pentru scenarii solicitante, asigur\u0103 introducerea \u0219i scoaterea u\u0219oar\u0103 a \u00eenc\u0103rc\u0103toarelor. Caracteristici principale:<\/p>\n<ul>\n<li>Design ergonomic pentru ascundere bun\u0103<\/li>\n<li>Optimizat pentru \u00eenc\u0103rc\u0103toare GLOCK standard \u0219i Magpul GL9\u00ae PMAGs\u00ae<\/li>\n<li>Geometrie neted\u0103 pentru manevrarea u\u0219oar\u0103 a \u00eenc\u0103rc\u0103toarelor<\/li>\n<li>Fabricat \u00een SUA<\/li>\n<\/ul>\n<p><strong>Not\u0103:<\/strong> Nu este compatibil cu GLOCK Modular Back Straps sau unele \u00eenc\u0103rc\u0103toare cu capacitate redus\u0103. Se recomand\u0103 instalarea profesional\u0103 pentru potriviri str\u00e2nse.<\/p>\n","protected":false},"excerpt":{"rendered":"<p>\u00cembun\u0103t\u0103\u021bi\u021bi inser\u021bia \u00eenc\u0103rc\u0103torului pentru GLOCK 19 Gen4 cu magwell-ul elegant de la Magpul.<\/p>\n","protected":false},"featured_media":491129,"template":"","meta":{"_acf_changed":false},"product_brand":[11419,11557],"product_cat":[12741,12765],"product_tag":[],"class_list":{"0":"post-529316","1":"product","2":"type-product","3":"status-publish","4":"has-post-thumbnail","6":"product_brand-glock","7":"product_brand-magpul","8":"product_cat-piese-pistol","9":"product_cat-pistol","11":"first","12":"instock","13":"taxable","14":"shipping-taxable","15":"purchasable","16":"product-type-simple"},"acf":[],"_links":{"self":[{"href":"https:\/\/nbg.eu\/ro\/wp-json\/wp\/v2\/product\/529316","targetHints":{"allow":["GET"]}}],"collection":[{"href":"https:\/\/nbg.eu\/ro\/wp-json\/wp\/v2\/product"}],"about":[{"href":"https:\/\/nbg.eu\/ro\/wp-json\/wp\/v2\/types\/product"}],"wp:featuredmedia":[{"embeddable":true,"href":"https:\/\/nbg.eu\/ro\/wp-json\/wp\/v2\/media\/491129"}],"wp:attachment":[{"href":"https:\/\/nbg.eu\/ro\/wp-json\/wp\/v2\/media?parent=529316"}],"wp:term":[{"taxonomy":"product_brand","embeddable":true,"href":"https:\/\/nbg.eu\/ro\/wp-json\/wp\/v2\/product_brand?post=529316"},{"taxonomy":"product_cat","embeddable":true,"href":"https:\/\/nbg.eu\/ro\/wp-json\/wp\/v2\/product_cat?post=529316"},{"taxonomy":"product_tag","embeddable":true,"href":"https:\/\/nbg.eu\/ro\/wp-json\/wp\/v2\/product_tag?post=529316"}],"curies":[{"name":"wp","href":"https:\/\/api.w.org\/{rel}","templated":true}]}}