{"id":530449,"date":"2025-09-04T17:31:52","date_gmt":"2025-09-04T14:31:52","guid":{"rendered":"https:\/\/nbg.eu\/product\/strike-industries-overmolded-ultimate-dust-cover-for-223-5-56-mm-black\/"},"modified":"2026-01-21T12:14:40","modified_gmt":"2026-01-21T09:14:40","slug":"strike-industries-overmolded-ultimate-dust-cover-for-223-5-56-mm-black","status":"publish","type":"product","link":"https:\/\/nbg.eu\/ro\/produs\/strike-industries-overmolded-ultimate-dust-cover-for-223-5-56-mm-black\/","title":{"rendered":"Strike Industries &#8211; Overmolded Ultimate Dust Cover for .223\/5.56 mm &#8211; Black"},"content":{"rendered":"<div class=\"product-description\">\n<h2>Strike Industries &#8211; Capac de praf supramulat pentru .223\/5.56 mm &#8211; Negru<\/h2>\n<p>Acest capac de praf pentru AR-15 are o etan\u0219are din cauciuc \u0219i o buz\u0103 intern\u0103 pentru protec\u021bie \u00eempotriva resturilor \u0219i apei. <\/p>\n<ul>\n<li>Instalare f\u0103r\u0103 unelte \u0219i dezasamblare u\u0219oar\u0103<\/li>\n<li>\u0218urub de reglare \u00eencorporat pentru compensarea uzurii<\/li>\n<li>Activare silen\u021bioas\u0103 cu c\u0103ptu\u0219eal\u0103 de cauciuc<\/li>\n<li>Fabricat din material polimeric<\/li>\n<li>Rezistent la rugin\u0103 \u0219i durabil<\/li>\n<li>Instalare sau \u00eendep\u0103rtare \u00een 5-10 secunde<\/li>\n<\/ul>\n<p>Compatibil cu receptoare superioare AR-15 Mil-Spec \u0219i majoritatea celor din billet, inclusiv Aero Precision M4E1. Nu este compatibil cu VLTOR MUR, ZRO Delta, Lantac Enhanced BCG sau Bootleg Four Position Adjustable Carrier.<\/p>\n<\/div>\n","protected":false},"excerpt":{"rendered":"<p>Capac de protec\u021bie \u00eembun\u0103t\u0103\u021bit pentru AR-15: Silen\u0163ios, instalare rapid\u0103, etan\u0219are \u00eempotriva resturilor.<\/p>\n","protected":false},"featured_media":493279,"template":"","meta":{"_acf_changed":false},"product_brand":[14619],"product_cat":[12795,12779,12756],"product_tag":[],"class_list":{"0":"post-530449","1":"product","2":"type-product","3":"status-publish","4":"has-post-thumbnail","6":"product_brand-strike-industries","7":"product_cat-arma-lunga","8":"product_cat-reglaj-ar","9":"product_cat-tuning-pusca","11":"first","12":"instock","13":"taxable","14":"shipping-taxable","15":"purchasable","16":"product-type-simple"},"acf":[],"_links":{"self":[{"href":"https:\/\/nbg.eu\/ro\/wp-json\/wp\/v2\/product\/530449","targetHints":{"allow":["GET"]}}],"collection":[{"href":"https:\/\/nbg.eu\/ro\/wp-json\/wp\/v2\/product"}],"about":[{"href":"https:\/\/nbg.eu\/ro\/wp-json\/wp\/v2\/types\/product"}],"wp:featuredmedia":[{"embeddable":true,"href":"https:\/\/nbg.eu\/ro\/wp-json\/wp\/v2\/media\/493279"}],"wp:attachment":[{"href":"https:\/\/nbg.eu\/ro\/wp-json\/wp\/v2\/media?parent=530449"}],"wp:term":[{"taxonomy":"product_brand","embeddable":true,"href":"https:\/\/nbg.eu\/ro\/wp-json\/wp\/v2\/product_brand?post=530449"},{"taxonomy":"product_cat","embeddable":true,"href":"https:\/\/nbg.eu\/ro\/wp-json\/wp\/v2\/product_cat?post=530449"},{"taxonomy":"product_tag","embeddable":true,"href":"https:\/\/nbg.eu\/ro\/wp-json\/wp\/v2\/product_tag?post=530449"}],"curies":[{"name":"wp","href":"https:\/\/api.w.org\/{rel}","templated":true}]}}