{"id":533991,"date":"2025-09-04T18:48:31","date_gmt":"2025-09-04T15:48:31","guid":{"rendered":"https:\/\/nbg.eu\/product\/ftcs-buttstock-mounting-adapter-picatinny-for-saiga-cerakote-h-146-nr-28\/"},"modified":"2026-01-21T11:40:09","modified_gmt":"2026-01-21T08:40:09","slug":"ftcs-buttstock-mounting-adapter-picatinny-for-saiga-cerakote-h-146-nr-28","status":"publish","type":"product","link":"https:\/\/nbg.eu\/ro\/produs\/ftcs-buttstock-mounting-adapter-picatinny-for-saiga-cerakote-h-146-nr-28\/","title":{"rendered":"FTCS &#8211; Buttstock Mounting Adapter Picatinny for Saiga &#8211; Cerakote &#8211; H-146 &#8211; Nr. 28"},"content":{"rendered":"<div class=\"product-description\">\n<h2>FTCS &#8211; Adaptor de montare pentru pat Picatinny pentru Saiga &#8211; Cerakote H-146<\/h2>\n<p>Adaptor pentru montarea patului pentru Saiga sau platforme similare. Fabricat din aluminiu \u0219i acoperit cu Cerakote H-146 Negru Grafit.<\/p>\n<ul>\n<li>Compatibil cu Saiga \u0219i platforme \u00eenrudite<\/li>\n<li>Permite montarea paturilor sau stabilizatoarelor compatibile Picatinny<\/li>\n<li>Nu necesit\u0103 piese suplimentare pentru instalare<\/li>\n<li>Logo-ul produc\u0103torului gravat<\/li>\n<li>Dimensiuni: 35 x 31 x 30 mm<\/li>\n<li>Greutate: 49 g<\/li>\n<\/ul>\n<p>Potrivit pentru utilizare cu paturile Strike Industries precum SI-FSA-DUAL, SI-FSA-DUAL-STOCK sau SI-FSA-DUAL-STAB. Adaptor pentru \u00eembun\u0103t\u0103\u021birea versatilit\u0103\u021bii \u0219i confortului armei.<\/p>\n<\/div>\n","protected":false},"excerpt":{"rendered":"<p>Adaptor pentru patul armei Saiga. \u0218in\u0103 Picatinny. Cerakote H-146. FTCS Nr. 28.<\/p>\n","protected":false},"featured_media":494455,"template":"","meta":{"_acf_changed":false},"product_brand":[],"product_cat":[12795,12733,12756],"product_tag":[],"class_list":{"0":"post-533991","1":"product","2":"type-product","3":"status-publish","4":"has-post-thumbnail","6":"product_cat-arma-lunga","7":"product_cat-tuning-ak","8":"product_cat-tuning-pusca","10":"first","11":"instock","12":"taxable","13":"shipping-taxable","14":"purchasable","15":"product-type-simple"},"acf":[],"_links":{"self":[{"href":"https:\/\/nbg.eu\/ro\/wp-json\/wp\/v2\/product\/533991","targetHints":{"allow":["GET"]}}],"collection":[{"href":"https:\/\/nbg.eu\/ro\/wp-json\/wp\/v2\/product"}],"about":[{"href":"https:\/\/nbg.eu\/ro\/wp-json\/wp\/v2\/types\/product"}],"wp:featuredmedia":[{"embeddable":true,"href":"https:\/\/nbg.eu\/ro\/wp-json\/wp\/v2\/media\/494455"}],"wp:attachment":[{"href":"https:\/\/nbg.eu\/ro\/wp-json\/wp\/v2\/media?parent=533991"}],"wp:term":[{"taxonomy":"product_brand","embeddable":true,"href":"https:\/\/nbg.eu\/ro\/wp-json\/wp\/v2\/product_brand?post=533991"},{"taxonomy":"product_cat","embeddable":true,"href":"https:\/\/nbg.eu\/ro\/wp-json\/wp\/v2\/product_cat?post=533991"},{"taxonomy":"product_tag","embeddable":true,"href":"https:\/\/nbg.eu\/ro\/wp-json\/wp\/v2\/product_tag?post=533991"}],"curies":[{"name":"wp","href":"https:\/\/api.w.org\/{rel}","templated":true}]}}