{"id":534535,"date":"2025-09-04T20:13:16","date_gmt":"2025-09-04T17:13:16","guid":{"rendered":"https:\/\/nbg.eu\/product\/ismi-17-lb-pruzhina-za-glock-17-gl17\/"},"modified":"2026-02-27T15:51:50","modified_gmt":"2026-02-27T12:51:50","slug":"ismi-17-lb-pruzhina-za-glock-17-gl17","status":"publish","type":"product","link":"https:\/\/nbg.eu\/ro\/produs\/ismi-17-lb-pruzhina-za-glock-17-gl17\/","title":{"rendered":"ISMI 17 lb. \u041f\u0440\u0443\u0436\u0438\u043d\u0430 \u0437\u0430 Glock 17 (GL17)"},"content":{"rendered":"<div class=\"product-description\">\n<h2>Arc ISMI 17 lb pentru Glock 17 (GL17)<\/h2>\n<p>Arc de recul de 17 lb pentru Glock 17. Fabricat \u00een SUA conform specifica\u021biilor aerospa\u021biale, acest arc ofer\u0103:<\/p>\n<ul>\n<li>Proiectat CAD pentru potrivire precis\u0103<\/li>\n<li>Construit din crom-siliciu, o\u021bel inoxidabil sau crom-vanadiu<\/li>\n<li>Tratat termic, sablat \u0219i detensionat pentru durabilitate<\/li>\n<li>Design cu s\u00e2rm\u0103 plat\u0103 pentru func\u021bionare lin\u0103<\/li>\n<li>Se potrive\u0219te pe tija de ghidare original\u0103 (.250&#8243; sau mai pu\u021bin)<\/li>\n<li>Compatibil cu Glock 17, 17L, 20, 21, 22, 24, 31, 35<\/li>\n<\/ul>\n<p>Arc rezistent la coroziune, proiectat pentru a satisface cerin\u021bele Glock 17.<\/p>\n<\/div>\n","protected":false},"excerpt":{"rendered":"<p>Arc de recul de 17 lb pentru Glock 17. Fabricat \u00een SUA, durabil, fiabil.<\/p>\n","protected":false},"featured_media":495356,"template":"","meta":{"_acf_changed":false},"product_brand":[],"product_cat":[12763,12741],"product_tag":[],"class_list":{"0":"post-534535","1":"product","2":"type-product","3":"status-publish","4":"has-post-thumbnail","6":"product_cat-arcuri","7":"product_cat-piese-pistol","9":"first","10":"outofstock","11":"taxable","12":"shipping-taxable","13":"purchasable","14":"product-type-simple"},"acf":[],"_links":{"self":[{"href":"https:\/\/nbg.eu\/ro\/wp-json\/wp\/v2\/product\/534535","targetHints":{"allow":["GET"]}}],"collection":[{"href":"https:\/\/nbg.eu\/ro\/wp-json\/wp\/v2\/product"}],"about":[{"href":"https:\/\/nbg.eu\/ro\/wp-json\/wp\/v2\/types\/product"}],"wp:featuredmedia":[{"embeddable":true,"href":"https:\/\/nbg.eu\/ro\/wp-json\/wp\/v2\/media\/495356"}],"wp:attachment":[{"href":"https:\/\/nbg.eu\/ro\/wp-json\/wp\/v2\/media?parent=534535"}],"wp:term":[{"taxonomy":"product_brand","embeddable":true,"href":"https:\/\/nbg.eu\/ro\/wp-json\/wp\/v2\/product_brand?post=534535"},{"taxonomy":"product_cat","embeddable":true,"href":"https:\/\/nbg.eu\/ro\/wp-json\/wp\/v2\/product_cat?post=534535"},{"taxonomy":"product_tag","embeddable":true,"href":"https:\/\/nbg.eu\/ro\/wp-json\/wp\/v2\/product_tag?post=534535"}],"curies":[{"name":"wp","href":"https:\/\/api.w.org\/{rel}","templated":true}]}}