{"id":535957,"date":"2025-09-05T00:03:25","date_gmt":"2025-09-04T21:03:25","guid":{"rendered":"https:\/\/nbg.eu\/product\/utg-pro-monolithic-m-lok-handguard-for-mp5k\/"},"modified":"2026-01-21T12:27:14","modified_gmt":"2026-01-21T09:27:14","slug":"utg-pro-monolithic-m-lok-handguard-for-mp5k","status":"publish","type":"product","link":"https:\/\/nbg.eu\/ro\/produs\/utg-pro-monolithic-m-lok-handguard-for-mp5k\/","title":{"rendered":"UTG PRO?\u00ae MONOLITHIC M-LOK\u00ae HANDGUARD FOR MP5K"},"content":{"rendered":"<div class=\"product-description\">\n<h2>M\u00e2ner UTG PRO\u00ae Monolitic M-LOK\u00ae pentru MP5K<\/h2>\n<p>M\u00e2nerul UTG PRO\u00ae Monolitic M-LOK\u00ae pentru MP5K ofer\u0103:<\/p>\n<ul>\n<li>Construc\u021bie din aluminiu pentru rezisten\u021b\u0103 \u0219i u\u0219urin\u021b\u0103<\/li>\n<li>Sloturi compatibile M-LOK\u00ae pentru montarea accesoriilor<\/li>\n<li>Design sub\u021bire pentru ergonomie \u00eembun\u0103t\u0103\u021bit\u0103<\/li>\n<li>Instalare u\u0219oar\u0103 f\u0103r\u0103 necesitatea unui armurier<\/li>\n<li>Disipare \u00eembun\u0103t\u0103\u021bit\u0103 a c\u0103ldurii pentru sesiuni de tragere prelungite<\/li>\n<li>Fabricat \u00een SUA cu garan\u021bie pe via\u021b\u0103<\/li>\n<\/ul>\n<p>M\u00e2nerul UTG PRO\u00ae Monolitic M-LOK\u00ae ofer\u0103 func\u021bionalitate pentru MP5K. Este potrivit pentru for\u021bele de ordine, tr\u0103g\u0103torii competitivi \u0219i entuzia\u0219tii de arme de foc.<\/p>\n<\/div>\n","protected":false},"excerpt":{"rendered":"<p>M\u00e2ner UTG PRO M-LOK: O \u00eembun\u0103t\u0103\u021bire elegant\u0103 \u0219i durabil\u0103 pentru MP5K.<\/p>\n","protected":false},"featured_media":745252,"template":"","meta":{"_acf_changed":false},"product_brand":[14417],"product_cat":[14808,12795,12809,12756],"product_tag":[],"class_list":{"0":"post-535957","1":"product","2":"type-product","3":"status-publish","4":"has-post-thumbnail","6":"product_brand-leapers-inc","7":"product_cat-aparatori-de-maini","8":"product_cat-arma-lunga","9":"product_cat-sine","10":"product_cat-tuning-pusca","12":"first","13":"instock","14":"taxable","15":"shipping-taxable","16":"purchasable","17":"product-type-simple"},"acf":[],"_links":{"self":[{"href":"https:\/\/nbg.eu\/ro\/wp-json\/wp\/v2\/product\/535957","targetHints":{"allow":["GET"]}}],"collection":[{"href":"https:\/\/nbg.eu\/ro\/wp-json\/wp\/v2\/product"}],"about":[{"href":"https:\/\/nbg.eu\/ro\/wp-json\/wp\/v2\/types\/product"}],"wp:featuredmedia":[{"embeddable":true,"href":"https:\/\/nbg.eu\/ro\/wp-json\/wp\/v2\/media\/745252"}],"wp:attachment":[{"href":"https:\/\/nbg.eu\/ro\/wp-json\/wp\/v2\/media?parent=535957"}],"wp:term":[{"taxonomy":"product_brand","embeddable":true,"href":"https:\/\/nbg.eu\/ro\/wp-json\/wp\/v2\/product_brand?post=535957"},{"taxonomy":"product_cat","embeddable":true,"href":"https:\/\/nbg.eu\/ro\/wp-json\/wp\/v2\/product_cat?post=535957"},{"taxonomy":"product_tag","embeddable":true,"href":"https:\/\/nbg.eu\/ro\/wp-json\/wp\/v2\/product_tag?post=535957"}],"curies":[{"name":"wp","href":"https:\/\/api.w.org\/{rel}","templated":true}]}}