{"id":536396,"date":"2025-09-05T00:16:15","date_gmt":"2025-09-04T21:16:15","guid":{"rendered":"https:\/\/nbg.eu\/product\/ar-15-a2-pistol-grip\/"},"modified":"2026-01-21T11:34:07","modified_gmt":"2026-01-21T08:34:07","slug":"ar-15-a2-pistol-grip","status":"publish","type":"product","link":"https:\/\/nbg.eu\/ro\/produs\/ar-15-a2-pistol-grip\/","title":{"rendered":"AR-15 A2 PISTOL GRIP"},"content":{"rendered":"<h1>CZ Shadow 2 Orange &#8211; Pistol pentru competi\u021bie<\/h1>\n<p>CZ Shadow 2 Orange include urm\u0103toarele caracteristici:<\/p>\n<ul>\n<li>Buc\u0219\u0103 de \u021beav\u0103 montat\u0103 \u00een fabric\u0103<\/li>\n<li>Tr\u0103gaci ajustat cu \u00eentrerupere scurt\u0103<\/li>\n<li>Glisier\u0103 \u0219i cadru montate manual pentru aliniere optim\u0103<\/li>\n<li>M\u00e2nere specifice \u0219i eliberare extins\u0103 a \u00eenc\u0103rc\u0103torului<\/li>\n<li>Buton ajustabil pentru eliberarea \u00eenc\u0103rc\u0103torului cu trei set\u0103ri<\/li>\n<li>Finisaj nitrid cu strat suplimentar de polimerare pe cadru<\/li>\n<li>M\u00e2nere sub\u021biri din aluminiu cu textur\u0103<\/li>\n<li>\u00cen\u0103l\u021b\u0103tor frontal cu fibr\u0103 optic\u0103 \u0219i \u00een\u0103l\u021b\u0103tor posterior HAJO ajustabil<\/li>\n<li>Siguran\u021b\u0103 manual\u0103 ambidextr\u0103<\/li>\n<\/ul>\n<p>Calibru 9mm Luger cu capacitate de 17+1, acest pistol cu cadru de o\u021bel de 46,5 uncii este destinat tr\u0103g\u0103torilor de competi\u021bie.<\/p>\n","protected":false},"excerpt":{"rendered":"<p>M\u00e2ner clasic AR-15. Design ergonomic. Construc\u021bie durabil\u0103 din polimer.<\/p>\n","protected":false},"featured_media":496420,"template":"","meta":{"_acf_changed":false},"product_brand":[],"product_cat":[12795,12756],"product_tag":[],"class_list":{"0":"post-536396","1":"product","2":"type-product","3":"status-publish","4":"has-post-thumbnail","6":"product_cat-arma-lunga","7":"product_cat-tuning-pusca","9":"first","10":"outofstock","11":"taxable","12":"shipping-taxable","13":"purchasable","14":"product-type-simple"},"acf":[],"_links":{"self":[{"href":"https:\/\/nbg.eu\/ro\/wp-json\/wp\/v2\/product\/536396","targetHints":{"allow":["GET"]}}],"collection":[{"href":"https:\/\/nbg.eu\/ro\/wp-json\/wp\/v2\/product"}],"about":[{"href":"https:\/\/nbg.eu\/ro\/wp-json\/wp\/v2\/types\/product"}],"wp:featuredmedia":[{"embeddable":true,"href":"https:\/\/nbg.eu\/ro\/wp-json\/wp\/v2\/media\/496420"}],"wp:attachment":[{"href":"https:\/\/nbg.eu\/ro\/wp-json\/wp\/v2\/media?parent=536396"}],"wp:term":[{"taxonomy":"product_brand","embeddable":true,"href":"https:\/\/nbg.eu\/ro\/wp-json\/wp\/v2\/product_brand?post=536396"},{"taxonomy":"product_cat","embeddable":true,"href":"https:\/\/nbg.eu\/ro\/wp-json\/wp\/v2\/product_cat?post=536396"},{"taxonomy":"product_tag","embeddable":true,"href":"https:\/\/nbg.eu\/ro\/wp-json\/wp\/v2\/product_tag?post=536396"}],"curies":[{"name":"wp","href":"https:\/\/api.w.org\/{rel}","templated":true}]}}